{"id":159639,"date":"2025-12-19T00:44:06","date_gmt":"2025-12-18T21:44:06","guid":{"rendered":"https:\/\/baldumarket.lt\/product\/szafka-kuchenna-dolna-2-drzwiowa-narozna-d90n-sycylia-andersen\/"},"modified":"2026-02-06T12:46:45","modified_gmt":"2026-02-06T09:46:45","slug":"szafka-kuchenna-dolna-2-drzwiowa-narozna-d90n-sycylia-andersen","status":"publish","type":"product","link":"https:\/\/baldumarket.lt\/lt\/product\/szafka-kuchenna-dolna-2-drzwiowa-narozna-d90n-sycylia-andersen\/","title":{"rendered":"Apatin\u0117 2 dur\u0173 kampin\u0117 virtuv\u0117s spintel\u0117 D90N Sicily Andersen"},"content":{"rendered":"<p>Atraskite elegancij\u0105 ir prakti\u0161kum\u0105 viename i\u0161 unikali\u0173 virtuv\u0117s pried\u0173 \u2013 garsaus \u201eGa\u0142a Meble\u201c prek\u0117s \u017eenklo apatinio kampinio virtuv\u0117s spintel\u0117s D90N Sycylia. \u0160i \u017eavinga spintel\u0117 \u017eavi grie\u017eta, ta\u010diau \u0161ilta estetika, tod\u0117l yra puikus pasirinkimas skandinavi\u0161ko stiliaus entuziastams. Andersen pu\u0161is, pasi\u017eyminti subtilia apdaila, suteikia interjerui harmonijos ir lengvumo, puikiai papildydama matin\u0117s baltos spalvos elementus. Andersen Sycylia spintel\u0117 \u2013 tai sprendimas, kuris ne tik puo\u0161ia, bet ir svarbiausia sutvarko. D\u0117l didelio 80 cm plo\u010dio ji suteikia optimali\u0105 erdv\u0119 kasdieniams virtuv\u0117s reikmenims laikyti. Kampin\u0117 forma leid\u017eia efektyviai i\u0161naudoti kiekvien\u0105 turim\u0105 erdv\u0119, pad\u0117dama palaikyti tvark\u0105 nam\u0173 \u0161irdyje. Pagaminta i\u0161 auk\u0161tos kokyb\u0117s med\u017eiag\u0173, toki\u0173 kaip MDF fasadams ir laminuota plok\u0161t\u0117 korpusui, \u0161i spintel\u0117 pasi\u017eymi patvarumu ir ilgaam\u017ei\u0161kumu. Tai garantuoja, kad ji tarnaus jums daugel\u012f met\u0173, i\u0161laikydama gra\u017ei\u0105 i\u0161vaizd\u0105. Sidabrin\u0117s plastikin\u0117s ranken\u0117l\u0117s suteikia \u0161iam baldui modernumo, pabr\u0117\u017eiant subtil\u0173, ta\u010diau rafinuot\u0105 dizain\u0105.<\/p>","protected":false},"excerpt":{"rendered":"<p>Plotis (cm): 80<br \/>\n\u016agis (cm): 82<br \/>\nGylis (cm): 79<\/p>","protected":false},"featured_media":159640,"comment_status":"open","ping_status":"open","template":"","meta":[],"product_brand":[],"product_cat":[9440,9441,4106,9118],"product_tag":[],"class_list":{"0":"post-159639","1":"product","2":"type-product","3":"status-publish","4":"has-post-thumbnail","6":"product_cat-kitchen-system-sycylia-sosna-andersen","7":"product_cat-white","8":"product_cat-gala-meble","9":"product_cat-kitchen-cabinets","11":"first","12":"instock","13":"purchasable","14":"product-type-simple"},"_links":{"self":[{"href":"https:\/\/baldumarket.lt\/lt\/wp-json\/wp\/v2\/product\/159639","targetHints":{"allow":["GET"]}}],"collection":[{"href":"https:\/\/baldumarket.lt\/lt\/wp-json\/wp\/v2\/product"}],"about":[{"href":"https:\/\/baldumarket.lt\/lt\/wp-json\/wp\/v2\/types\/product"}],"replies":[{"embeddable":true,"href":"https:\/\/baldumarket.lt\/lt\/wp-json\/wp\/v2\/comments?post=159639"}],"wp:featuredmedia":[{"embeddable":true,"href":"https:\/\/baldumarket.lt\/lt\/wp-json\/wp\/v2\/media\/159640"}],"wp:attachment":[{"href":"https:\/\/baldumarket.lt\/lt\/wp-json\/wp\/v2\/media?parent=159639"}],"wp:term":[{"taxonomy":"product_brand","embeddable":true,"href":"https:\/\/baldumarket.lt\/lt\/wp-json\/wp\/v2\/product_brand?post=159639"},{"taxonomy":"product_cat","embeddable":true,"href":"https:\/\/baldumarket.lt\/lt\/wp-json\/wp\/v2\/product_cat?post=159639"},{"taxonomy":"product_tag","embeddable":true,"href":"https:\/\/baldumarket.lt\/lt\/wp-json\/wp\/v2\/product_tag?post=159639"}],"curies":[{"name":"wp","href":"https:\/\/api.w.org\/{rel}","templated":true}]}}