{"id":159635,"date":"2025-12-19T00:43:59","date_gmt":"2025-12-18T21:43:59","guid":{"rendered":"https:\/\/baldumarket.lt\/product\/szafka-kuchenna-dolna-2-drzwiowa-spizarka-d40sp-p-l-langen-artisan\/"},"modified":"2026-02-18T11:26:47","modified_gmt":"2026-02-18T08:26:47","slug":"szafka-kuchenna-dolna-2-drzwiowa-spizarka-d40sp-p-l-langen-artisan","status":"publish","type":"product","link":"https:\/\/baldumarket.lt\/lt\/product\/szafka-kuchenna-dolna-2-drzwiowa-spizarka-d40sp-p-l-langen-artisan\/","title":{"rendered":"Apatin\u0117 virtuv\u0117s spintel\u0117 su 2 durel\u0117s, sand\u0117liukas, D40SP, P\/L, Langen Artisan"},"content":{"rendered":"<p>Atraskite unikal\u0173 Langen Artisan 2-Door Pantry apatin\u0117s virtuv\u0117s spintel\u0117s \u017eaves\u012f, kurioje harmoningai dera funkcionalumas ir elegancija. Jos nesenstantis Artisan \u0105\u017euolo dizainas suteiks \u0161ilumos ir jaukumo bet kuriai virtuvei. Sodrus medinis atspalvis i\u0161ry\u0161kina nat\u016bral\u0173 spintel\u0117s gro\u017e\u012f, suteikdamas klasikinio stiliaus prisilietim\u0105.<\/p>\n<p>\u0160i spintel\u0117 ne tik d\u017eiugins j\u016bs\u0173 ak\u012f, bet ir u\u017etikrins neprilygstam\u0105 patogum\u0105 d\u0117l apgalvoto dizaino. Erdviame viduje tilps visi reikalingi daiktai, tod\u0117l j\u016bs\u0173 virtuv\u0117 bus puikiai sutvarkyta. Nesvarbu, ar jums reikia laikyti didesnius puodus, ar ma\u017eus prieskonius, \u0161i spintel\u0117 susidoros su i\u0161\u0161\u016bkiu.<\/p>\n<p>Juodos metalin\u0117s rankenos ne tik suteikia kontrasto nat\u016braliai apdailai, bet ir palengvina dureli\u0173 atidarym\u0105. Atidarymo stumiant sistema leid\u017eia sukurti modern\u0173, minimalistin\u012f vaizd\u0105, kuris puikiai dera su \u0161iuolaikin\u0117mis interjero dizaino tendencijomis. Reguliuojamos kojel\u0117s u\u017etikrina stabilum\u0105 ir pritaikomum\u0105 bet kokiam kambariui.<\/p>\n<p>Pagaminta i\u0161 patvarios laminuotos plok\u0161t\u0117s, \u201eLangen Artisan\u201c spintel\u0117 ne tik atrodo \u012fsp\u016bdingai, bet ir yra atspari kasdieniam d\u0117v\u0117jimuisi, tod\u0117l tarnauja ilgai. Savaranki\u0161kas surinkimas rei\u0161kia, kad galite kontroliuoti kiekvien\u0105 detal\u0119, pritaikydami bald\u0105 savo poreikiams ir skoniui.<\/p>\n<p>Suteikite savo virtuvei elegancijos ir funkcionalumo, pasirinkdami \u201eLangen Artisan\u201c dviej\u0173 dur\u0173 virtuv\u0117s spintel\u0119 \u201ePantry\u201c. Apsilankykite m\u016bs\u0173 parduotuv\u0117je ir atraskite, kaip lengvai galima suderinti stili\u0173 ir prakti\u0161kum\u0105, sukuriant erdv\u0119, kurioje kiekviena diena tampa malonumu.<\/p>","protected":false},"excerpt":{"rendered":"<p>Plotis (cm): 40<br \/>\n\u016agis (cm): 212<br \/>\nGylis (cm): 58<\/p>","protected":false},"featured_media":159636,"comment_status":"open","ping_status":"open","template":"","meta":[],"product_brand":[],"product_cat":[9442,4106],"product_tag":[],"class_list":{"0":"post-159635","1":"product","2":"type-product","3":"status-publish","4":"has-post-thumbnail","6":"product_cat-kitchen-system-langen-dab-artisan","7":"product_cat-gala-meble","9":"first","10":"instock","11":"purchasable","12":"product-type-simple"},"_links":{"self":[{"href":"https:\/\/baldumarket.lt\/lt\/wp-json\/wp\/v2\/product\/159635","targetHints":{"allow":["GET"]}}],"collection":[{"href":"https:\/\/baldumarket.lt\/lt\/wp-json\/wp\/v2\/product"}],"about":[{"href":"https:\/\/baldumarket.lt\/lt\/wp-json\/wp\/v2\/types\/product"}],"replies":[{"embeddable":true,"href":"https:\/\/baldumarket.lt\/lt\/wp-json\/wp\/v2\/comments?post=159635"}],"wp:featuredmedia":[{"embeddable":true,"href":"https:\/\/baldumarket.lt\/lt\/wp-json\/wp\/v2\/media\/159636"}],"wp:attachment":[{"href":"https:\/\/baldumarket.lt\/lt\/wp-json\/wp\/v2\/media?parent=159635"}],"wp:term":[{"taxonomy":"product_brand","embeddable":true,"href":"https:\/\/baldumarket.lt\/lt\/wp-json\/wp\/v2\/product_brand?post=159635"},{"taxonomy":"product_cat","embeddable":true,"href":"https:\/\/baldumarket.lt\/lt\/wp-json\/wp\/v2\/product_cat?post=159635"},{"taxonomy":"product_tag","embeddable":true,"href":"https:\/\/baldumarket.lt\/lt\/wp-json\/wp\/v2\/product_tag?post=159635"}],"curies":[{"name":"wp","href":"https:\/\/api.w.org\/{rel}","templated":true}]}}