{"id":159630,"date":"2025-12-19T00:43:49","date_gmt":"2025-12-18T21:43:49","guid":{"rendered":"https:\/\/baldumarket.lt\/product\/szafka-kuchenna-dolna-2-drzwiowa-spizarka-d40sp-p-l-langen-beige\/"},"modified":"2026-02-18T11:26:47","modified_gmt":"2026-02-18T08:26:47","slug":"szafka-kuchenna-dolna-2-drzwiowa-spizarka-d40sp-p-l-langen-beige","status":"publish","type":"product","link":"https:\/\/baldumarket.lt\/lt\/product\/szafka-kuchenna-dolna-2-drzwiowa-spizarka-d40sp-p-l-langen-beige\/","title":{"rendered":"Apatin\u0117 virtuv\u0117s spintel\u0117 su 2 durimis, sand\u0117liukas, D40SP, pilka, Langen"},"content":{"rendered":"<p>Pristatome eleganti\u0161k\u0105 ir funkcionali\u0105 D40SP 2 dur\u0173 apatin\u0119 virtuv\u0117s spintel\u0119-sand\u0117liuk\u0105, pasi\u017eymin\u010di\u0105 subtiliu sm\u0117lio spalvos atspalviu \u2013 puikiu bet kurios modernios virtuv\u0117s papildymu. Minimalistin\u0117 forma ir prislopintos spalvos suteikia \u0161iai spintelei harmonijos ir \u0161ilumos bet kokiam interjerui. Matin\u0117s sm\u0117lio spalvos priekio ir \u201eArtisan Oak\u201c korpuso derinys sukuria eleganti\u0161k\u0105 efekt\u0105, kuris traukia ak\u012f ir suteikia charakterio bet kuriai erdvei. \u0160ios spintel\u0117s funkcionalumas ne\u012fkainojamas! Erdvus vidus leid\u017eia laikyti \u012fvairius maisto produktus, puodus ir indus, tuo pa\u010diu u\u017etikrinant lengv\u0105 prieig\u0105 prie vis\u0173 b\u016btiniausi\u0173 virtuv\u0117s reikmen\u0173. 212 cm auk\u0161tis daro \u0161i\u0105 spintel\u0119 idealia ma\u017eoms erdv\u0117ms, kur tr\u016bksta vietos. Reguliuojamos kojel\u0117s leid\u017eia pritaikyti spintel\u0119 prie nelygi\u0173 pavir\u0161i\u0173, padidinant jos stabilum\u0105 ir funkcionalum\u0105. Eleganti\u0161kos juodos metalin\u0117s rankenos suteikia spintelei modernaus charakterio ir puikiai kontrastuoja su \u0161viesia priekin\u0117s dalies apdaila. \u0160is akcentas pabr\u0117\u017eia modernias bald\u0173 linijas ir daro juos ne tik prakti\u0161kus, bet ir stilingus. \u0160ios rankenos yra ne tik esteti\u0161kai patrauklios, bet ir patvarios, u\u017etikrinan\u010dios, kad spintel\u0117 tarnaus daugel\u012f met\u0173 neprarandant kokyb\u0117s.<\/p>","protected":false},"excerpt":{"rendered":"<p>Plotis (cm): 40<br \/>\n\u016agis (cm): 212<br \/>\nGylis (cm): 58<\/p>","protected":false},"featured_media":159631,"comment_status":"open","ping_status":"open","template":"","meta":[],"product_brand":[],"product_cat":[9442,4106],"product_tag":[],"class_list":{"0":"post-159630","1":"product","2":"type-product","3":"status-publish","4":"has-post-thumbnail","6":"product_cat-kitchen-system-langen-dab-artisan","7":"product_cat-gala-meble","9":"first","10":"instock","11":"purchasable","12":"product-type-simple"},"_links":{"self":[{"href":"https:\/\/baldumarket.lt\/lt\/wp-json\/wp\/v2\/product\/159630","targetHints":{"allow":["GET"]}}],"collection":[{"href":"https:\/\/baldumarket.lt\/lt\/wp-json\/wp\/v2\/product"}],"about":[{"href":"https:\/\/baldumarket.lt\/lt\/wp-json\/wp\/v2\/types\/product"}],"replies":[{"embeddable":true,"href":"https:\/\/baldumarket.lt\/lt\/wp-json\/wp\/v2\/comments?post=159630"}],"wp:featuredmedia":[{"embeddable":true,"href":"https:\/\/baldumarket.lt\/lt\/wp-json\/wp\/v2\/media\/159631"}],"wp:attachment":[{"href":"https:\/\/baldumarket.lt\/lt\/wp-json\/wp\/v2\/media?parent=159630"}],"wp:term":[{"taxonomy":"product_brand","embeddable":true,"href":"https:\/\/baldumarket.lt\/lt\/wp-json\/wp\/v2\/product_brand?post=159630"},{"taxonomy":"product_cat","embeddable":true,"href":"https:\/\/baldumarket.lt\/lt\/wp-json\/wp\/v2\/product_cat?post=159630"},{"taxonomy":"product_tag","embeddable":true,"href":"https:\/\/baldumarket.lt\/lt\/wp-json\/wp\/v2\/product_tag?post=159630"}],"curies":[{"name":"wp","href":"https:\/\/api.w.org\/{rel}","templated":true}]}}