{"id":159626,"date":"2025-12-19T00:43:41","date_gmt":"2025-12-18T21:43:41","guid":{"rendered":"https:\/\/baldumarket.lt\/product\/szafka-kuchenna-dolna-2-drzwiowa-spizarka-d40sp-p-l-langen-grey\/"},"modified":"2026-02-18T11:26:47","modified_gmt":"2026-02-18T08:26:47","slug":"szafka-kuchenna-dolna-2-drzwiowa-spizarka-d40sp-p-l-langen-grey","status":"publish","type":"product","link":"https:\/\/baldumarket.lt\/lt\/product\/szafka-kuchenna-dolna-2-drzwiowa-spizarka-d40sp-p-l-langen-grey\/","title":{"rendered":"Apatin\u0117 virtuv\u0117s spintel\u0117 su 2 durel\u0117mis, sand\u0117liukas, D40SP, pilka, Langen"},"content":{"rendered":"<p>Atraskite nauj\u0105 funkcionalumo ir estetikos dimensij\u0105 savo virtuv\u0117je su stilingos pilkos spalvos D40SP sand\u0117liuko 2 dur\u0173 apatine spintele. \u0160i unikali spintel\u0117 \u2013 tai harmoningas modernaus dizaino ir auk\u0161tos kokyb\u0117s med\u017eiag\u0173 derinys, pary\u0161kinantis bet kokio interjero elegancij\u0105. Matinis pilkas MDF fasadas puikiai dera su \u201eArtisan Oak\u201c korpusu, sukurdamas patraukl\u0173 kontrast\u0105.<\/p>\n<p>\u0160\u012f bald\u0105 i\u0161skirtiniu daro ne tik i\u0161vaizda. Spintel\u0117 si\u016blo daug vietos daiktams susid\u0117ti, puikiai tinkan\u010dios maisto produktams sutvarkyti ir laikyti. Jos auk\u0161tis lengvai sutalpina visus b\u016btiniausius daiktus, tod\u0117l bet kuri virtuv\u0117 atrodo tvarkinga. Reguliuojamos kojel\u0117s leid\u017eia reguliuoti auk\u0161t\u012f \u2013 tai prakti\u0161kas sprendimas, kai grindys nelygios.<\/p>\n<p>Tokios detal\u0117s kaip juodo metalo rankenos suteikia spintelei modernumo ir pabr\u0117\u017eia industrin\u012f \u017eaves\u012f. Ta\u010diau jei pageidaujate minimalistinio po\u017ei\u016brio, pasirinkimas \u2013 be ranken\u0117li\u0173 atidaromas spustel\u0117jus, tod\u0117l pavir\u0161ius beveik lygus ir dar eleganti\u0161kesnis. \u0160is stili\u0173 derinys puikiai tinka tiek klasikin\u0117ms, tiek modernioms virtuv\u0117ms.<\/p>\n<p>\u201eLangen Grey\u201c spintel\u0117 puikiai tinka tiems, kurie vertina auk\u0161t\u0105 kokyb\u0119 ir d\u0117mes\u012f detal\u0117ms. Tvirta laminuota plok\u0161t\u0117 garantuoja patvarum\u0105 ir atsparum\u0105 pa\u017eeidimams \u2013 tai labai svarbus aspektas intensyviai naudojamoje virtuv\u0117je. Surinkimas yra intuityvus ir lengvai atliekamas patiems, tod\u0117l galite lengvai prid\u0117ti ne tik funkcionalumo, bet ir elegancijos savo virtuvei.<\/p>","protected":false},"excerpt":{"rendered":"<p>Plotis (cm): 40<br \/>\n\u016agis (cm): 212<br \/>\nGylis (cm): 58<\/p>","protected":false},"featured_media":159627,"comment_status":"open","ping_status":"open","template":"","meta":[],"product_brand":[],"product_cat":[9442,4106],"product_tag":[],"class_list":{"0":"post-159626","1":"product","2":"type-product","3":"status-publish","4":"has-post-thumbnail","6":"product_cat-kitchen-system-langen-dab-artisan","7":"product_cat-gala-meble","9":"first","10":"instock","11":"purchasable","12":"product-type-simple"},"_links":{"self":[{"href":"https:\/\/baldumarket.lt\/lt\/wp-json\/wp\/v2\/product\/159626","targetHints":{"allow":["GET"]}}],"collection":[{"href":"https:\/\/baldumarket.lt\/lt\/wp-json\/wp\/v2\/product"}],"about":[{"href":"https:\/\/baldumarket.lt\/lt\/wp-json\/wp\/v2\/types\/product"}],"replies":[{"embeddable":true,"href":"https:\/\/baldumarket.lt\/lt\/wp-json\/wp\/v2\/comments?post=159626"}],"wp:featuredmedia":[{"embeddable":true,"href":"https:\/\/baldumarket.lt\/lt\/wp-json\/wp\/v2\/media\/159627"}],"wp:attachment":[{"href":"https:\/\/baldumarket.lt\/lt\/wp-json\/wp\/v2\/media?parent=159626"}],"wp:term":[{"taxonomy":"product_brand","embeddable":true,"href":"https:\/\/baldumarket.lt\/lt\/wp-json\/wp\/v2\/product_brand?post=159626"},{"taxonomy":"product_cat","embeddable":true,"href":"https:\/\/baldumarket.lt\/lt\/wp-json\/wp\/v2\/product_cat?post=159626"},{"taxonomy":"product_tag","embeddable":true,"href":"https:\/\/baldumarket.lt\/lt\/wp-json\/wp\/v2\/product_tag?post=159626"}],"curies":[{"name":"wp","href":"https:\/\/api.w.org\/{rel}","templated":true}]}}