{"id":159622,"date":"2025-12-19T00:43:32","date_gmt":"2025-12-18T21:43:32","guid":{"rendered":"https:\/\/baldumarket.lt\/product\/szafka-kuchenna-dolna-2-drzwiowa-spizarka-lewa-d40sp-l-aspen-grey-szary-polysk\/"},"modified":"2026-02-08T10:19:36","modified_gmt":"2026-02-08T07:19:36","slug":"szafka-kuchenna-dolna-2-drzwiowa-spizarka-lewa-d40sp-l-aspen-grey-szary-polysk","status":"publish","type":"product","link":"https:\/\/baldumarket.lt\/lt\/product\/szafka-kuchenna-dolna-2-drzwiowa-spizarka-lewa-d40sp-l-aspen-grey-szary-polysk\/","title":{"rendered":"Apatin\u0117 virtuv\u0117s spintel\u0117 su 2 durimis, kair\u0117, sand\u0117liukas, D40SP-L, drebul\u0117s pilkumo spalva"},"content":{"rendered":"<p>Tai kair\u0117s pus\u0117s dviej\u0173 dureli\u0173 apatin\u0117 virtuv\u0117s spintel\u0117 su sand\u0117liuku D40SP-L, pasi\u017eyminti eleganti\u0161ka drebul\u0117s pilkos spalvos apdaila. Jos blizgus pilkas priekis derina moderni\u0105 estetik\u0105 ir funkcionalum\u0105, tod\u0117l puikiai tinka bet kuriai \u0161iuolaiki\u0161kai virtuvei. Spintel\u0117s dizainas derina elegancij\u0105 ir prakti\u0161kum\u0105, pabr\u0117\u017eiant j\u016bs\u0173 stiliaus poj\u016bt\u012f.<\/p>\n<p>D\u0117l kompakti\u0161ko 40 cm plo\u010dio \u0161i spintel\u0117 ne tik atrodo nuostabiai, bet ir optimaliai i\u0161naudoja erdv\u0119. Tai puikus sprendimas virtuv\u0117ms su ribota erdve, kur svarbus kiekvienas centimetras. Ji tiks prie \u012fvairi\u0173 dizain\u0173 \u2013 nuo minimalistini\u0173 erdvi\u0173 iki klasikini\u0173 interjer\u0173.<\/p>\n<p>212 cm auk\u0161tis ne tik u\u017etikrina daug vietos daiktams susid\u0117ti, bet ir galimyb\u0119 virtuv\u0117s reikmenis susid\u0117ti vienoje vietoje. Viduje rasite vietos vis\u0173 r\u016b\u0161i\u0173 maisto produktams ir smulkiems virtuv\u0117s priedams, u\u017etikrindami esteti\u0161kai patraukl\u0173 virtuv\u0117s vaizd\u0105.<\/p>\n<p>Ry\u0161kus, matin\u0117s baltos spalvos korpusas kartu su blizgiais fasadais yra modernaus elegancijos sinonimas. Tokios med\u017eiagos kaip MDF ir laminato konstrukcija u\u017etikrina ne tik patvarum\u0105, bet ir lengv\u0105 prie\u017ei\u016br\u0105. Reguliuojamas koj\u0173 auk\u0161tis leid\u017eia pritaikyti spintel\u0117s stabilum\u0105 pagal savo poreikius, o savaime u\u017esidarantys vyriai u\u017etikrina tyl\u0173 dureli\u0173 u\u017edarym\u0105.<\/p>\n<p>Savaranki\u0161ko surinkimo galimyb\u0117 \u0161i\u0105 spintel\u0119 daro dar patrauklesn\u0119 tiems, kurie vertina lankstum\u0105 ir pasitenkinim\u0105 kurdami savo gyvenam\u0105j\u0105 erdv\u0119. Dviej\u0173 dur\u0173 apatin\u0117 virtuv\u0117s spintel\u0117 yra pasirinkimas tiems, kurie nori derinti stili\u0173 su funkcionalumu, kurdami savo svajoni\u0173 virtuv\u0119.<\/p>","protected":false},"excerpt":{"rendered":"<p>Plotis (cm): 40<br \/>\n\u016agis (cm): 212<br \/>\nGylis (cm): 58<\/p>","protected":false},"featured_media":159623,"comment_status":"open","ping_status":"open","template":"","meta":[],"product_brand":[],"product_cat":[9451,4106,9118],"product_tag":[],"class_list":{"0":"post-159622","1":"product","2":"type-product","3":"status-publish","4":"has-post-thumbnail","6":"product_cat-kitchen-system-aspen-grey","7":"product_cat-gala-meble","8":"product_cat-kitchen-cabinets","10":"first","11":"instock","12":"purchasable","13":"product-type-simple"},"_links":{"self":[{"href":"https:\/\/baldumarket.lt\/lt\/wp-json\/wp\/v2\/product\/159622","targetHints":{"allow":["GET"]}}],"collection":[{"href":"https:\/\/baldumarket.lt\/lt\/wp-json\/wp\/v2\/product"}],"about":[{"href":"https:\/\/baldumarket.lt\/lt\/wp-json\/wp\/v2\/types\/product"}],"replies":[{"embeddable":true,"href":"https:\/\/baldumarket.lt\/lt\/wp-json\/wp\/v2\/comments?post=159622"}],"wp:featuredmedia":[{"embeddable":true,"href":"https:\/\/baldumarket.lt\/lt\/wp-json\/wp\/v2\/media\/159623"}],"wp:attachment":[{"href":"https:\/\/baldumarket.lt\/lt\/wp-json\/wp\/v2\/media?parent=159622"}],"wp:term":[{"taxonomy":"product_brand","embeddable":true,"href":"https:\/\/baldumarket.lt\/lt\/wp-json\/wp\/v2\/product_brand?post=159622"},{"taxonomy":"product_cat","embeddable":true,"href":"https:\/\/baldumarket.lt\/lt\/wp-json\/wp\/v2\/product_cat?post=159622"},{"taxonomy":"product_tag","embeddable":true,"href":"https:\/\/baldumarket.lt\/lt\/wp-json\/wp\/v2\/product_tag?post=159622"}],"curies":[{"name":"wp","href":"https:\/\/api.w.org\/{rel}","templated":true}]}}