{"id":159619,"date":"2025-12-19T00:43:27","date_gmt":"2025-12-18T21:43:27","guid":{"rendered":"https:\/\/baldumarket.lt\/product\/szafka-kuchenna-dolna-2-drzwiowa-spizarka-lewa-d40sp-l-aspen-white-bialy-polysk\/"},"modified":"2026-02-06T13:20:20","modified_gmt":"2026-02-06T10:20:20","slug":"szafka-kuchenna-dolna-2-drzwiowa-spizarka-lewa-d40sp-l-aspen-white-bialy-polysk","status":"publish","type":"product","link":"https:\/\/baldumarket.lt\/lt\/product\/szafka-kuchenna-dolna-2-drzwiowa-spizarka-lewa-d40sp-l-aspen-white-bialy-polysk\/","title":{"rendered":"Apatin\u0117 virtuv\u0117s spintel\u0117 su 2 durel\u0117mis, kair\u0117, sand\u0117liukas, D40SP-L, drebul\u0117s balta, blizgi"},"content":{"rendered":"<p>Pristatome unikali\u0105 virtuv\u0117s spintel\u0119, kuri neabejotinai suteiks \u017eavesio bet kuriai virtuvei \u2013 \u201eAspen White\u201c apatin\u0119 virtuv\u0117s spintel\u0119 su 2 durimis, kairiarank\u0119. Eleganti\u0161ki balti blizg\u016bs fasadai puikiai papildo matin\u0117s baltos spalvos korpus\u0105, sukurdami harmoning\u0105 ir moderni\u0105 kompozicij\u0105, kuri patiks minimalistinio stiliaus m\u0117g\u0117jams. Tai puikus sprendimas tiems, kurie vertina ir gro\u017e\u012f, ir prakti\u0161kum\u0105 interjero dizaine.<\/p>\n<p>212 cm auk\u0161\u010dio spintel\u0117 si\u016blo daug vietos daiktams susid\u0117ti ir puikiai atlieka sand\u0117liuko vaidmen\u012f j\u016bs\u0173 virtuv\u0117je. D\u0117l siauro 40 cm plo\u010dio j\u0105 galima lengvai derinti su kitais virtuv\u0117s baldais, sukuriant darn\u0173 interjero dizain\u0105. Nesvarbu, ar jums reikia vietos virtuv\u0117s reikmenims, ar maisto produktams, \u0161i spintel\u0117 pateisins j\u016bs\u0173 l\u016bkes\u010dius.<\/p>\n<p>Balta \u201eAspen\u201c apatin\u0117 virtuv\u0117s spintel\u0117 buvo sukurta galvojant apie i\u0161skirtin\u012f funkcionalum\u0105. Su reguliuojamo auk\u0161\u010dio kojel\u0117mis (nuo 10 cm iki 12,5 cm), auk\u0161t\u012f galima optimaliai pritaikyti prie j\u016bs\u0173 poreiki\u0173, o tai ypa\u010d svarbu ant nelygi\u0173 grind\u0173. Be to, savaime u\u017esidarantys vyriai u\u017etikrina tyl\u0173 ir skland\u0173 dureli\u0173 u\u017edarym\u0105, u\u017etikrindami kasdien\u012f komfort\u0105.<\/p>\n<p>Tiek fasadai, pagaminti i\u0161 auk\u0161tos kokyb\u0117s MDF, tiek korpusas, pagamintas i\u0161 laminuotos plok\u0161t\u0117s, garantuoja ilgaam\u017ei\u0161kum\u0105 ir atsparum\u0105 kasdieniams virtuv\u0117s i\u0161\u0161\u016bkiams. Visa tai kartu sukuria bald\u0105, kuris ne tik tarnaus ilgus metus, bet ir i\u0161liks esteti\u0161kai patraukliu dizaino elementu bet kurioje erdv\u0117je. Nors surinkimas yra b\u016btinas, procesas buvo supaprastintas, kad kiekvienas gal\u0117t\u0173 d\u017eiaugtis tobulu rezultatu be nereikalingo vargo.<\/p>\n<p>Suteikite savo virtuvei gaiv\u0173 modernumo ir elegancijos dvelksm\u0105 su \u0161ia patikima \u201eGa\u0142a Meble\u201c spintele! I\u0161skirtinai esteti\u0161ka i\u0161vaizda ir funkcionalumas kiekvien\u0105 virtuv\u0117je praleist\u0105 akimirk\u0105 pavers tikru malonumu.<\/p>","protected":false},"excerpt":{"rendered":"<p>Plotis (cm): 40<br \/>\n\u016agis (cm): 212<br \/>\nGylis (cm): 58<\/p>","protected":false},"featured_media":159620,"comment_status":"open","ping_status":"open","template":"","meta":[],"product_brand":[],"product_cat":[9445,4106,9118],"product_tag":[],"class_list":{"0":"post-159619","1":"product","2":"type-product","3":"status-publish","4":"has-post-thumbnail","6":"product_cat-kitchen-system-aspen-white","7":"product_cat-gala-meble","8":"product_cat-kitchen-cabinets","10":"first","11":"instock","12":"purchasable","13":"product-type-simple"},"_links":{"self":[{"href":"https:\/\/baldumarket.lt\/lt\/wp-json\/wp\/v2\/product\/159619","targetHints":{"allow":["GET"]}}],"collection":[{"href":"https:\/\/baldumarket.lt\/lt\/wp-json\/wp\/v2\/product"}],"about":[{"href":"https:\/\/baldumarket.lt\/lt\/wp-json\/wp\/v2\/types\/product"}],"replies":[{"embeddable":true,"href":"https:\/\/baldumarket.lt\/lt\/wp-json\/wp\/v2\/comments?post=159619"}],"wp:featuredmedia":[{"embeddable":true,"href":"https:\/\/baldumarket.lt\/lt\/wp-json\/wp\/v2\/media\/159620"}],"wp:attachment":[{"href":"https:\/\/baldumarket.lt\/lt\/wp-json\/wp\/v2\/media?parent=159619"}],"wp:term":[{"taxonomy":"product_brand","embeddable":true,"href":"https:\/\/baldumarket.lt\/lt\/wp-json\/wp\/v2\/product_brand?post=159619"},{"taxonomy":"product_cat","embeddable":true,"href":"https:\/\/baldumarket.lt\/lt\/wp-json\/wp\/v2\/product_cat?post=159619"},{"taxonomy":"product_tag","embeddable":true,"href":"https:\/\/baldumarket.lt\/lt\/wp-json\/wp\/v2\/product_tag?post=159619"}],"curies":[{"name":"wp","href":"https:\/\/api.w.org\/{rel}","templated":true}]}}