{"id":159614,"date":"2025-12-19T00:43:17","date_gmt":"2025-12-18T21:43:17","guid":{"rendered":"https:\/\/baldumarket.lt\/product\/szafka-kuchenna-dolna-2-drzwiowa-spizarka-lewa-d40sp-l-prowansja-sosna-andersen-bialy-mat\/"},"modified":"2026-02-06T14:45:48","modified_gmt":"2026-02-06T11:45:48","slug":"szafka-kuchenna-dolna-2-drzwiowa-spizarka-lewa-d40sp-l-prowansja-sosna-andersen-bialy-mat","status":"publish","type":"product","link":"https:\/\/baldumarket.lt\/lt\/product\/szafka-kuchenna-dolna-2-drzwiowa-spizarka-lewa-d40sp-l-prowansja-sosna-andersen-bialy-mat\/","title":{"rendered":"Apatin\u0117 virtuv\u0117s spintel\u0117 su 2 durimis, kair\u0117, D40SP-L, provanso pu\u0161is, Andersen balta matin\u0117"},"content":{"rendered":"<p>Pademonstruokite savo virtuv\u0119, kurioje dera tradicijos ir modernumas, su \u201eProvence\u201c kolekcijos kairi\u0105ja sand\u0117liuko tipo apatine virtuv\u0117s spintele D40SP-L. \u0160i gra\u017ei spintel\u0117, \u012fkv\u0117pta Provanso stiliaus, \u012f j\u016bs\u0173 namus atne\u0161a pranc\u016bzi\u0161ko kaimo dvasi\u0105, suteikdama ramyb\u0117s ir elegancijos poj\u016bt\u012f. Jos \u201eAndersen\u201c pu\u0161ies MDF fasadai puikiai papildo matin\u0117s baltos spalvos korpus\u0105, sukurdami harmoning\u0105 visum\u0105, kuri bet kuri\u0105 virtuv\u0119 pavers unikalia erdve. Estetikos ir funkcionalumo pusiausvyra yra pagrindinis dizaino elementas, kur\u012f \u012fvertinsite kiekvien\u0105 dien\u0105. Reguliuojamos kojel\u0117s leid\u017eia reguliuoti spintel\u0117s auk\u0161t\u012f pagal savo poreikius, o tvirtos juodos metalin\u0117s rankenos suteikia spintelei i\u0161skirtinumo ir palengvina kasdien\u012f naudojim\u0105. Stilinga med\u017eio imitacijos element\u0173 i\u0161vaizda spinduliuoja nat\u016brali\u0105 \u0161ilum\u0105 ir elegancij\u0105, tod\u0117l j\u016bs\u0173 virtuv\u0117s erdv\u0117 tampa dar patrauklesn\u0117. Prakti\u0161kumas yra dar vienas \u0161io baldo privalumas. Didel\u0117 vidin\u0117 erdv\u0117 daro \u0161i\u0105 spintel\u0119 puikiai tinkan\u010dia kaip sand\u0117liukas, kuriame yra pakankamai vietos visiems j\u016bs\u0173 virtuv\u0117s reikmenims laikyti. Savaime u\u017esidarantys vyriai daro j\u0105 nepaprastai patogia ir saugia naudoti, tod\u0117l kasdienis maisto gaminimas ir tvarkos palaikymas tampa lengvi.<\/p>","protected":false},"excerpt":{"rendered":"<p>Plotis (cm): 40<br \/>\n\u016agis (cm): 212<br \/>\nGylis (cm): 58<\/p>","protected":false},"featured_media":159615,"comment_status":"open","ping_status":"open","template":"","meta":[],"product_brand":[],"product_cat":[9444,4106,9118],"product_tag":[],"class_list":{"0":"post-159614","1":"product","2":"type-product","3":"status-publish","4":"has-post-thumbnail","6":"product_cat-kitchen-system-prowansja-sosna-andersen","7":"product_cat-gala-meble","8":"product_cat-kitchen-cabinets","10":"first","11":"instock","12":"purchasable","13":"product-type-simple"},"_links":{"self":[{"href":"https:\/\/baldumarket.lt\/lt\/wp-json\/wp\/v2\/product\/159614","targetHints":{"allow":["GET"]}}],"collection":[{"href":"https:\/\/baldumarket.lt\/lt\/wp-json\/wp\/v2\/product"}],"about":[{"href":"https:\/\/baldumarket.lt\/lt\/wp-json\/wp\/v2\/types\/product"}],"replies":[{"embeddable":true,"href":"https:\/\/baldumarket.lt\/lt\/wp-json\/wp\/v2\/comments?post=159614"}],"wp:featuredmedia":[{"embeddable":true,"href":"https:\/\/baldumarket.lt\/lt\/wp-json\/wp\/v2\/media\/159615"}],"wp:attachment":[{"href":"https:\/\/baldumarket.lt\/lt\/wp-json\/wp\/v2\/media?parent=159614"}],"wp:term":[{"taxonomy":"product_brand","embeddable":true,"href":"https:\/\/baldumarket.lt\/lt\/wp-json\/wp\/v2\/product_brand?post=159614"},{"taxonomy":"product_cat","embeddable":true,"href":"https:\/\/baldumarket.lt\/lt\/wp-json\/wp\/v2\/product_cat?post=159614"},{"taxonomy":"product_tag","embeddable":true,"href":"https:\/\/baldumarket.lt\/lt\/wp-json\/wp\/v2\/product_tag?post=159614"}],"curies":[{"name":"wp","href":"https:\/\/api.w.org\/{rel}","templated":true}]}}