{"id":159610,"date":"2025-12-19T00:43:09","date_gmt":"2025-12-18T21:43:09","guid":{"rendered":"https:\/\/baldumarket.lt\/product\/szafka-kuchenna-dolna-2-drzwiowa-spizarka-lewa-d40sp-l-sycylia-andersen\/"},"modified":"2026-02-06T12:46:45","modified_gmt":"2026-02-06T09:46:45","slug":"szafka-kuchenna-dolna-2-drzwiowa-spizarka-lewa-d40sp-l-sycylia-andersen","status":"publish","type":"product","link":"https:\/\/baldumarket.lt\/lt\/product\/szafka-kuchenna-dolna-2-drzwiowa-spizarka-lewa-d40sp-l-sycylia-andersen\/","title":{"rendered":"Apatin\u0117 virtuv\u0117s spintel\u0117 su 2 durel\u0117mis, kair\u0117, D40SP-L, Sicily Andersen"},"content":{"rendered":"<p>Atraskite Italijos salos magij\u0105 savo namuose su \u0161ia sicilieti\u0161ko stiliaus sand\u0117liuko stiliaus apatine spintele. Stilingas dizainas suteikia elegancijos ir funkcionalumo bet kuriai virtuvei, harmoningai derindamas \u0161iltus pu\u0161ies atspalvius su modernia matine balta apdaila. Tai puikus pasirinkimas ie\u0161kantiems klasikinio, kaimi\u0161ko stiliaus su moderniais akcentais.<\/p>\n<p>\u0160i virtuv\u0117s spintel\u0117 i\u0161siskiria ne tik estetiniu patrauklumu, bet ir prakti\u0161kumu. Erdvios lentynos, kuriose tilps visi reikalingi virtuv\u0117s reikmenys, leis lengvai ir maloniai sutvarkyti erdv\u0119. Nesvarbu, ar ruo\u0161iate reikmenis dideliam vakar\u0117liui, ar tiesiog norite, kad viskas b\u016bt\u0173 po ranka, \u0161i spintel\u0117 pateisins j\u016bs\u0173 l\u016bkes\u010dius.<\/p>\n<p>Pagaminta i\u0161 patvarios MDF plok\u0161t\u0117s, \u0161i spintel\u0117 garantuoja patikimum\u0105 ir ilgaam\u017ei\u0161kum\u0105. Subtilios sidabrin\u0117s plastikin\u0117s ranken\u0117l\u0117s suteikia elegancijos ir u\u017etikrina paprast\u0105 naudojim\u0105. D\u0117l tiksliai suprojektuot\u0173 ir pa\u017eenklint\u0173 komponent\u0173 surinkimas yra paprastas ir intuityvus.<\/p>\n<p>40 cm plo\u010dio ir 212 cm auk\u0161\u010dio \u0161i spintel\u0117 yra idealus sprendimas net ir kompakti\u0161koms virtuv\u0117ms, si\u016blanti daug vietos daiktams susid\u0117ti neprarandant naudingos erdv\u0117s. Tai puiki investicija \u012f stiling\u0105 ir funkcionali\u0105 erdv\u0119, kuri tikrai pritrauks ak\u012f ir savo prakti\u0161kumu su\u017eav\u0117s kiekvien\u0105, apsilankius\u012f j\u016bs\u0173 virtuv\u0117je.<\/p>","protected":false},"excerpt":{"rendered":"<p>Plotis (cm): 40<br \/>\n\u016agis (cm): 212<br \/>\nGylis (cm): 58<\/p>","protected":false},"featured_media":159611,"comment_status":"open","ping_status":"open","template":"","meta":[],"product_brand":[],"product_cat":[9440,9441,4106,9118],"product_tag":[],"class_list":{"0":"post-159610","1":"product","2":"type-product","3":"status-publish","4":"has-post-thumbnail","6":"product_cat-kitchen-system-sycylia-sosna-andersen","7":"product_cat-white","8":"product_cat-gala-meble","9":"product_cat-kitchen-cabinets","11":"first","12":"instock","13":"purchasable","14":"product-type-simple"},"_links":{"self":[{"href":"https:\/\/baldumarket.lt\/lt\/wp-json\/wp\/v2\/product\/159610","targetHints":{"allow":["GET"]}}],"collection":[{"href":"https:\/\/baldumarket.lt\/lt\/wp-json\/wp\/v2\/product"}],"about":[{"href":"https:\/\/baldumarket.lt\/lt\/wp-json\/wp\/v2\/types\/product"}],"replies":[{"embeddable":true,"href":"https:\/\/baldumarket.lt\/lt\/wp-json\/wp\/v2\/comments?post=159610"}],"wp:featuredmedia":[{"embeddable":true,"href":"https:\/\/baldumarket.lt\/lt\/wp-json\/wp\/v2\/media\/159611"}],"wp:attachment":[{"href":"https:\/\/baldumarket.lt\/lt\/wp-json\/wp\/v2\/media?parent=159610"}],"wp:term":[{"taxonomy":"product_brand","embeddable":true,"href":"https:\/\/baldumarket.lt\/lt\/wp-json\/wp\/v2\/product_brand?post=159610"},{"taxonomy":"product_cat","embeddable":true,"href":"https:\/\/baldumarket.lt\/lt\/wp-json\/wp\/v2\/product_cat?post=159610"},{"taxonomy":"product_tag","embeddable":true,"href":"https:\/\/baldumarket.lt\/lt\/wp-json\/wp\/v2\/product_tag?post=159610"}],"curies":[{"name":"wp","href":"https:\/\/api.w.org\/{rel}","templated":true}]}}