{"id":159606,"date":"2025-12-19T00:43:02","date_gmt":"2025-12-18T21:43:02","guid":{"rendered":"https:\/\/baldumarket.lt\/product\/szafka-kuchenna-dolna-2-drzwiowa-spizarka-lewa-d40sp-l-sycylia-orzech\/"},"modified":"2026-02-06T14:32:35","modified_gmt":"2026-02-06T11:32:35","slug":"szafka-kuchenna-dolna-2-drzwiowa-spizarka-lewa-d40sp-l-sycylia-orzech","status":"publish","type":"product","link":"https:\/\/baldumarket.lt\/lt\/product\/szafka-kuchenna-dolna-2-drzwiowa-spizarka-lewa-d40sp-l-sycylia-orzech\/","title":{"rendered":"Apatin\u0117 virtuv\u0117s spintel\u0117 su 2 durel\u0117mis, kair\u0117, sand\u0117liukas, D40SP-L, Sicily Walnut"},"content":{"rendered":"<p>Paverskite savo virtuv\u0119 eleganti\u0161ka ir funkcionalia erdve su \u201eGa\u0142a Meble\u201c D40SP-L Sicily Walnut 2 dur\u0173 kairi\u0105ja apatine sand\u0117liuko tipo virtuv\u0117s spintele. Klasikinis Milano Walnut dizainas puikiai dera prie modernaus interjero, suteikdamas \u0161ilumos ir jaukumo. Madingos sidabrin\u0117s plastikin\u0117s ranken\u0117l\u0117s pabr\u0117\u017eia nesenstant\u012f jos charakter\u012f, sukurdamos subtil\u0173, bet efektyv\u0173 akcent\u0105.<\/p>\n<p>Jei ie\u0161kote stilingo sprendimo daiktams laikyti, \u0161i spintel\u0117 yra puikus pasirinkimas. D\u0117l grak\u0161taus dizaino ji puikiai tinka tiek minimalistiniam, tiek klasikiniam interjerui. Tai ak\u012f traukiantis elementas, paver\u010diantis kasdien\u012f naudojim\u0105si virtuve malonumu.<\/p>\n<p>Prakti\u0161kame spintel\u0117s viduje rasite visk\u0105, ko reikia norint paruo\u0161ti skanius patiekalus artimiesiems. Patogi vidin\u0117 erdv\u0117 daro j\u0105 ne\u012fkainojam\u0105 kiekvienoje kasdien\u0117je situacijoje. Gerai apgalvotas 212 cm auk\u0161tis suteikia daug vietos daiktams susid\u0117ti, o 40 cm plotis leid\u017eia j\u0105 pritaikyti prakti\u0161kai bet kokiam virtuv\u0117s i\u0161planavimui.<\/p>\n<p>Surinkite baldus patys ir did\u017eiuodamiesi gro\u017e\u0117kit\u0117s savo k\u016briniu, kuris tarnaus j\u016bs\u0173 namams ilgus metus. Auk\u0161tos kokyb\u0117s med\u017eiagos, tokios kaip MDF priekin\u0117 dalis ir laminuota plok\u0161t\u0117 korpusas, garantuoja ilgaam\u017ei\u0161kum\u0105 ir atsparum\u0105 pa\u017eeidimams. \u0160i virtuv\u0117s spintel\u0117 yra ne tik funkcionalus baldas, bet ir stilingas j\u016bs\u0173 virtuv\u0117s akcentas, pabr\u0117\u017eiantis jos unikal\u0173 charakter\u012f.<\/p>","protected":false},"excerpt":{"rendered":"<p>Plotis (cm): 40<br \/>\n\u016agis (cm): 212<br \/>\nGylis (cm): 58<\/p>","protected":false},"featured_media":159607,"comment_status":"open","ping_status":"open","template":"","meta":[],"product_brand":[],"product_cat":[9450,4106,9118],"product_tag":[],"class_list":{"0":"post-159606","1":"product","2":"type-product","3":"status-publish","4":"has-post-thumbnail","6":"product_cat-kitchen-system-sycylia-orzech-milano","7":"product_cat-gala-meble","8":"product_cat-kitchen-cabinets","10":"first","11":"instock","12":"purchasable","13":"product-type-simple"},"_links":{"self":[{"href":"https:\/\/baldumarket.lt\/lt\/wp-json\/wp\/v2\/product\/159606","targetHints":{"allow":["GET"]}}],"collection":[{"href":"https:\/\/baldumarket.lt\/lt\/wp-json\/wp\/v2\/product"}],"about":[{"href":"https:\/\/baldumarket.lt\/lt\/wp-json\/wp\/v2\/types\/product"}],"replies":[{"embeddable":true,"href":"https:\/\/baldumarket.lt\/lt\/wp-json\/wp\/v2\/comments?post=159606"}],"wp:featuredmedia":[{"embeddable":true,"href":"https:\/\/baldumarket.lt\/lt\/wp-json\/wp\/v2\/media\/159607"}],"wp:attachment":[{"href":"https:\/\/baldumarket.lt\/lt\/wp-json\/wp\/v2\/media?parent=159606"}],"wp:term":[{"taxonomy":"product_brand","embeddable":true,"href":"https:\/\/baldumarket.lt\/lt\/wp-json\/wp\/v2\/product_brand?post=159606"},{"taxonomy":"product_cat","embeddable":true,"href":"https:\/\/baldumarket.lt\/lt\/wp-json\/wp\/v2\/product_cat?post=159606"},{"taxonomy":"product_tag","embeddable":true,"href":"https:\/\/baldumarket.lt\/lt\/wp-json\/wp\/v2\/product_tag?post=159606"}],"curies":[{"name":"wp","href":"https:\/\/api.w.org\/{rel}","templated":true}]}}