{"id":159602,"date":"2025-12-19T00:42:54","date_gmt":"2025-12-18T21:42:54","guid":{"rendered":"https:\/\/baldumarket.lt\/product\/szafka-kuchenna-dolna-2-drzwiowa-spizarka-lewad40sp-l-linea-grey-szary-mat\/"},"modified":"2026-02-18T11:34:50","modified_gmt":"2026-02-18T08:34:50","slug":"szafka-kuchenna-dolna-2-drzwiowa-spizarka-lewad40sp-l-linea-grey-szary-mat","status":"publish","type":"product","link":"https:\/\/baldumarket.lt\/lt\/product\/szafka-kuchenna-dolna-2-drzwiowa-spizarka-lewad40sp-l-linea-grey-szary-mat\/","title":{"rendered":"Apatin\u0117 virtuv\u0117s spintel\u0117 su 2 durimis, kair\u0117, D40SP L, \u201eLinea\u201c, pilka matin\u0117"},"content":{"rendered":"<p>Pristatome eleganti\u0161k\u0105 ir funkcionali\u0105 \u201ePantry Left D40SP L\u201c apatin\u0119 virtuv\u0117s spintel\u0119 su dviem durimis, modernia apdaila, i\u0161 \u201eLinea Grey\u201c kolekcijos, kuri\u0105 gamina \u201eGa\u0142a Meble\u201c. \u0160i spintel\u0117 \u2013 tai tobulas stiliaus ir prakti\u0161kumo derinys, suteikiantis \u017eavesio bet kuriai virtuvei. Blizgus pilkas priekis harmoningai kontrastuoja su matin\u0117s baltos spalvos korpusu, sukurdamas ry\u0161ki\u0105 spalv\u0173 gam\u0105. Tai puikus pasirinkimas tiems, kurie vertina modernius, bet funkcionalius sprendimus.<\/p>\n<p>\u0160i spintel\u0117 sukurta taip, kad tilpt\u0173 viskas, ko jums reikia, ir yra puiki vieta laikyti \u012fvairius maisto produktus bei virtuv\u0117s reikmenis. 58 cm gylio spintel\u0117 lengvai talpina didelius puodus, keptuves ar kitus prietaisus, kuriuos norite laikyti po ranka. Reguliuojamos kojel\u0117s leid\u017eia reguliuoti auk\u0161t\u012f pagal savo poreikius \u2013 tai vertingas privalumas ant nelygi\u0173 grind\u0173.<\/p>\n<p>MDF fasad\u0173 naudojimas suteikia tvirtumo ir patvarumo poj\u016bt\u012f, o kartu su laminuotu korpusu u\u017etikrina ilgalaik\u012f naudojim\u0105. Savaime u\u017esidarantis vyri\u0173 mechanizmas suteikia modernumo ir patogumo kasdieniam naudojimui, leisdamas durel\u0117ms u\u017esidaryti tyliai ir skland\u017eiai. Tai detal\u0117s, kurios virtuv\u0117s naudojim\u0105 paver\u010dia tikru malonumu.<\/p>\n<p>Surinkus spintel\u0119 savaranki\u0161kai, ji prisitaiko prie individuali\u0173 poreiki\u0173 ir pageidavim\u0173. Surinkimo procesas paprastas, o instrukcijos ai\u0161kios, tod\u0117l j\u016bs\u0173 planai bus \u012fgyvendinti greitai ir be joki\u0173 r\u016bpes\u010di\u0173. Pasirinkdami \u201eLinea Grey\u201c linijos kairiosios pus\u0117s sand\u0117liuko spintel\u0119, renkat\u0117s nesenstant\u012f dizain\u0105 ir patikimum\u0105, kurie neabejotinai modernizuos j\u016bs\u0173 virtuv\u0117s erdv\u0119.<\/p>","protected":false},"excerpt":{"rendered":"<p>Plotis (cm): 40<br \/>\n\u016agis (cm): 212<br \/>\nGylis (cm): 58<\/p>","protected":false},"featured_media":159603,"comment_status":"open","ping_status":"open","template":"","meta":[],"product_brand":[],"product_cat":[9446,4106],"product_tag":[],"class_list":{"0":"post-159602","1":"product","2":"type-product","3":"status-publish","4":"has-post-thumbnail","6":"product_cat-kitchen-system-linea-white","7":"product_cat-gala-meble","9":"first","10":"instock","11":"purchasable","12":"product-type-simple"},"_links":{"self":[{"href":"https:\/\/baldumarket.lt\/lt\/wp-json\/wp\/v2\/product\/159602","targetHints":{"allow":["GET"]}}],"collection":[{"href":"https:\/\/baldumarket.lt\/lt\/wp-json\/wp\/v2\/product"}],"about":[{"href":"https:\/\/baldumarket.lt\/lt\/wp-json\/wp\/v2\/types\/product"}],"replies":[{"embeddable":true,"href":"https:\/\/baldumarket.lt\/lt\/wp-json\/wp\/v2\/comments?post=159602"}],"wp:featuredmedia":[{"embeddable":true,"href":"https:\/\/baldumarket.lt\/lt\/wp-json\/wp\/v2\/media\/159603"}],"wp:attachment":[{"href":"https:\/\/baldumarket.lt\/lt\/wp-json\/wp\/v2\/media?parent=159602"}],"wp:term":[{"taxonomy":"product_brand","embeddable":true,"href":"https:\/\/baldumarket.lt\/lt\/wp-json\/wp\/v2\/product_brand?post=159602"},{"taxonomy":"product_cat","embeddable":true,"href":"https:\/\/baldumarket.lt\/lt\/wp-json\/wp\/v2\/product_cat?post=159602"},{"taxonomy":"product_tag","embeddable":true,"href":"https:\/\/baldumarket.lt\/lt\/wp-json\/wp\/v2\/product_tag?post=159602"}],"curies":[{"name":"wp","href":"https:\/\/api.w.org\/{rel}","templated":true}]}}