{"id":159597,"date":"2025-12-19T00:42:44","date_gmt":"2025-12-18T21:42:44","guid":{"rendered":"https:\/\/baldumarket.lt\/product\/szafka-kuchenna-dolna-2-drzwiowa-spizarka-prawa-d40sp-p-aspen-grey-szary-polysk\/"},"modified":"2026-02-08T10:19:26","modified_gmt":"2026-02-08T07:19:26","slug":"szafka-kuchenna-dolna-2-drzwiowa-spizarka-prawa-d40sp-p-aspen-grey-szary-polysk","status":"publish","type":"product","link":"https:\/\/baldumarket.lt\/lt\/product\/szafka-kuchenna-dolna-2-drzwiowa-spizarka-prawa-d40sp-p-aspen-grey-szary-polysk\/","title":{"rendered":"Apatin\u0117 virtuv\u0117s spintel\u0117 su 2 durel\u0117mis, de\u0161inin\u0117, D40SP-P, drebul\u0117s pilkumo spalva"},"content":{"rendered":"<p>\u201eAspen Grey\u201c apatin\u0117 spintel\u0117 puikiai tinka tiems, kurie svajoja apie virtuv\u0119, kupin\u0105 modernaus stiliaus ir funkcionalumo. Eleganti\u0161ka, blizgi pilka apdaila puikiai dera prie bet kokio interjero dizaino. Subtilus pilk\u0173 fasad\u0173 ir matin\u0117s baltos spalvos korpuso kontrastas suteikia spintelei unikalaus charakterio ir pabr\u0117\u017eia minimalistin\u012f jos elegancij\u0105. Idealiai tinkanti kaip sand\u0117liukas, \u201eAspen Grey\u201c apatin\u0117 spintel\u0117 si\u016blo daug vietos daiktams susid\u0117ti. Sukurta atsi\u017evelgiant \u012f prakti\u0161kum\u0105, joje tilps visi b\u016btiniausi maisto produktai ir virtuv\u0117s reikmenys, pad\u0117dama palaikyti tvark\u0105. Dviej\u0173 dureli\u0173 konstrukcija leid\u017eia lengvai pasiekti turin\u012f, tod\u0117l kasdieniai virtuv\u0117s darbai tampa patogesni. Vienas i\u0161 pagrindini\u0173 spintel\u0117s privalum\u0173 yra jos stabilumas, kur\u012f u\u017etikrina reguliuojamos kojel\u0117s. Reguliuojamas auk\u0161tis leid\u017eia puikiai prisitaikyti prie nelygi\u0173 grind\u0173, o savaime u\u017esidarantys vyriai u\u017etikrina skland\u0173 ir tyl\u0173 dureli\u0173 u\u017edarym\u0105. \u0160is sprendimas padidina komfort\u0105 ir skiria d\u0117mes\u012f kiekvienai j\u016bs\u0173 virtuv\u0117s detalei.<\/p>","protected":false},"excerpt":{"rendered":"<p>Plotis (cm): 40<br \/>\n\u016agis (cm): 212<br \/>\nGylis (cm): 58<\/p>","protected":false},"featured_media":159598,"comment_status":"open","ping_status":"open","template":"","meta":[],"product_brand":[],"product_cat":[9451,4106,9118],"product_tag":[],"class_list":{"0":"post-159597","1":"product","2":"type-product","3":"status-publish","4":"has-post-thumbnail","6":"product_cat-kitchen-system-aspen-grey","7":"product_cat-gala-meble","8":"product_cat-kitchen-cabinets","10":"first","11":"instock","12":"purchasable","13":"product-type-simple"},"_links":{"self":[{"href":"https:\/\/baldumarket.lt\/lt\/wp-json\/wp\/v2\/product\/159597","targetHints":{"allow":["GET"]}}],"collection":[{"href":"https:\/\/baldumarket.lt\/lt\/wp-json\/wp\/v2\/product"}],"about":[{"href":"https:\/\/baldumarket.lt\/lt\/wp-json\/wp\/v2\/types\/product"}],"replies":[{"embeddable":true,"href":"https:\/\/baldumarket.lt\/lt\/wp-json\/wp\/v2\/comments?post=159597"}],"wp:featuredmedia":[{"embeddable":true,"href":"https:\/\/baldumarket.lt\/lt\/wp-json\/wp\/v2\/media\/159598"}],"wp:attachment":[{"href":"https:\/\/baldumarket.lt\/lt\/wp-json\/wp\/v2\/media?parent=159597"}],"wp:term":[{"taxonomy":"product_brand","embeddable":true,"href":"https:\/\/baldumarket.lt\/lt\/wp-json\/wp\/v2\/product_brand?post=159597"},{"taxonomy":"product_cat","embeddable":true,"href":"https:\/\/baldumarket.lt\/lt\/wp-json\/wp\/v2\/product_cat?post=159597"},{"taxonomy":"product_tag","embeddable":true,"href":"https:\/\/baldumarket.lt\/lt\/wp-json\/wp\/v2\/product_tag?post=159597"}],"curies":[{"name":"wp","href":"https:\/\/api.w.org\/{rel}","templated":true}]}}