{"id":159593,"date":"2025-12-19T00:42:34","date_gmt":"2025-12-18T21:42:34","guid":{"rendered":"https:\/\/baldumarket.lt\/product\/szafka-kuchenna-dolna-2-drzwiowa-spizarka-prawa-d40sp-p-aspen-white-bialy-polysk\/"},"modified":"2026-02-06T13:20:20","modified_gmt":"2026-02-06T10:20:20","slug":"szafka-kuchenna-dolna-2-drzwiowa-spizarka-prawa-d40sp-p-aspen-white-bialy-polysk","status":"publish","type":"product","link":"https:\/\/baldumarket.lt\/lt\/product\/szafka-kuchenna-dolna-2-drzwiowa-spizarka-prawa-d40sp-p-aspen-white-bialy-polysk\/","title":{"rendered":"Apatin\u0117 virtuv\u0117s spintel\u0117 su 2 durel\u0117mis, de\u0161in\u0117, D40SP-P, drebul\u0117s balta, blizgi"},"content":{"rendered":"<p>Atraskite i\u0161skirtin\u012f D40SP-P Aspen White 2 dur\u0173 apatin\u0117s virtuv\u0117s spintel\u0117s su de\u0161ine rankena gro\u017e\u012f ir funkcionalum\u0105. Tai puikus sprendimas visiems, vertinantiems minimalistin\u012f dizain\u0105 ir eleganti\u0161k\u0105 balt\u0173 fasad\u0173 blizges\u012f, sukuriant\u012f moderni\u0105, bet jauki\u0105 atmosfer\u0105 bet kurioje virtuv\u0117je.<\/p>\n<p>\u201eGa\u0142a Meble\u201c u\u017etikrino, kad \u0161i spintel\u0117 b\u016bt\u0173 ne tik gra\u017ei, bet ir prakti\u0161ka. Nepaisant siaur\u0173 matmen\u0173, ji si\u016blo steb\u0117tinai erdvi\u0105 erdv\u0119. D\u0117l gerai apgalvoto i\u0161d\u0117stymo j\u016bs\u0173 prieskoniai, indai ir maisto produktai visada bus lengvai pasiekiami ir tvarkingai sud\u0117ti.<\/p>\n<p>I\u0161 auk\u0161tos kokyb\u0117s MDF plok\u0161t\u0117s, blizgios baltos spalvos, pagaminti fasadai bet kuriai virtuvei suteikia elegancijos, atspind\u0117dami \u0161vies\u0105 ir sukurdami didesn\u0117s erdv\u0117s \u012fsp\u016bd\u012f. Matin\u0117s baltos spalvos korpusas savo ruo\u017etu sukuria harmoning\u0105 fon\u0105, kuris subtiliai pagerina bendr\u0105 estetik\u0105.<\/p>\n<p>Taip pat buvo apgalvotos ir funkcin\u0117s detal\u0117s. Reguliuojamos kojel\u0117s leid\u017eia pritaikyti spintel\u0117s auk\u0161t\u012f pagal individualius poreikius ir palengvina pastatym\u0105 ant nelygaus pavir\u0161iaus. Savaime u\u017esidarantys vyriai u\u017etikrina tyl\u0173 ir \u0161veln\u0173 dureli\u0173 u\u017edarym\u0105, o tai ypa\u010d vertinama kasdien naudojant.<\/p>\n<p>Tiems, kam patinka \u201epasidaryk pats\u201c projektai, \u201eAspen White\u201c spintel\u0117 si\u016blo \u012fdom\u0173 surinkimo i\u0161\u0161\u016bk\u012f, skatinant\u012f surinkti j\u0105 patiems ir atrasti vis\u0105 jos \u017eaves\u012f. Pasirink\u0119 \u0161i\u0105 spintel\u0119, savo virtuvei suteiksite ne tik funkcionalumo, bet ir prabangos. Papuo\u0161kite savo interjer\u0105 su \u201eAspen\u201c kolekcija ir m\u0117gaukit\u0117s unikaliu stiliumi, kuris i\u0161liks aktualus ilgus metus.<\/p>","protected":false},"excerpt":{"rendered":"<p>Plotis (cm): 40<br \/>\n\u016agis (cm): 212<br \/>\nGylis (cm): 58<\/p>","protected":false},"featured_media":159594,"comment_status":"open","ping_status":"open","template":"","meta":[],"product_brand":[],"product_cat":[9445,4106,9118],"product_tag":[],"class_list":{"0":"post-159593","1":"product","2":"type-product","3":"status-publish","4":"has-post-thumbnail","6":"product_cat-kitchen-system-aspen-white","7":"product_cat-gala-meble","8":"product_cat-kitchen-cabinets","10":"first","11":"instock","12":"purchasable","13":"product-type-simple"},"_links":{"self":[{"href":"https:\/\/baldumarket.lt\/lt\/wp-json\/wp\/v2\/product\/159593","targetHints":{"allow":["GET"]}}],"collection":[{"href":"https:\/\/baldumarket.lt\/lt\/wp-json\/wp\/v2\/product"}],"about":[{"href":"https:\/\/baldumarket.lt\/lt\/wp-json\/wp\/v2\/types\/product"}],"replies":[{"embeddable":true,"href":"https:\/\/baldumarket.lt\/lt\/wp-json\/wp\/v2\/comments?post=159593"}],"wp:featuredmedia":[{"embeddable":true,"href":"https:\/\/baldumarket.lt\/lt\/wp-json\/wp\/v2\/media\/159594"}],"wp:attachment":[{"href":"https:\/\/baldumarket.lt\/lt\/wp-json\/wp\/v2\/media?parent=159593"}],"wp:term":[{"taxonomy":"product_brand","embeddable":true,"href":"https:\/\/baldumarket.lt\/lt\/wp-json\/wp\/v2\/product_brand?post=159593"},{"taxonomy":"product_cat","embeddable":true,"href":"https:\/\/baldumarket.lt\/lt\/wp-json\/wp\/v2\/product_cat?post=159593"},{"taxonomy":"product_tag","embeddable":true,"href":"https:\/\/baldumarket.lt\/lt\/wp-json\/wp\/v2\/product_tag?post=159593"}],"curies":[{"name":"wp","href":"https:\/\/api.w.org\/{rel}","templated":true}]}}