{"id":159587,"date":"2025-12-19T00:42:22","date_gmt":"2025-12-18T21:42:22","guid":{"rendered":"https:\/\/baldumarket.lt\/product\/szafka-kuchenna-dolna-2-drzwiowa-spizarka-prawa-d40sp-p-prowansja-sosna-andersen-bialy-mat\/"},"modified":"2026-02-06T13:08:41","modified_gmt":"2026-02-06T10:08:41","slug":"szafka-kuchenna-dolna-2-drzwiowa-spizarka-prawa-d40sp-p-prowansja-sosna-andersen-bialy-mat","status":"publish","type":"product","link":"https:\/\/baldumarket.lt\/lt\/product\/szafka-kuchenna-dolna-2-drzwiowa-spizarka-prawa-d40sp-p-prowansja-sosna-andersen-bialy-mat\/","title":{"rendered":"Apatin\u0117 virtuv\u0117s spintel\u0117, 2 dur\u0173, de\u0161inin\u0117, D40SP-P, provanso pu\u0161is, Anderseno balta matin\u0117"},"content":{"rendered":"<p>\u201eProven\u00e7al\u201c serijos apatin\u0117 spintel\u0117 \u2013 tai tobulas elegancijos ir prakti\u0161kumo derinys, suteikiantis j\u016bs\u0173 virtuvei unikali\u0105 atmosfer\u0105. \u012ekvepiantis Provanso stilius, kuriame derinamas Anderseno pu\u0161is su klasikine matine balta spalva, nukels jus \u012f rami\u0105, kaimo aplink\u0105. \u0160i spintel\u0117, puikiai tinkanti kaimi\u0161ko interjero m\u0117g\u0117jams, taps ne tik funkcionaliu virtuv\u0117s elementu, bet ir dekoratyviniu elementu. Jos funkcionalum\u0105 pabr\u0117\u017eia gerai apgalvoti matmenys \u2013 212 cm auk\u0161tis ir 40 cm plotis leid\u017eia j\u0105 pritaikyti net ir ma\u017eesn\u0117se erdv\u0117se, tuo pa\u010diu u\u017etikrinant maksimal\u0173 turimos erdv\u0117s i\u0161naudojim\u0105. Reguliuojamos kojel\u0117s leid\u017eia reguliuoti spintel\u0117s auk\u0161t\u012f pagal j\u016bs\u0173 poreikius, u\u017etikrinant stabilum\u0105 ir komfort\u0105. \u0160i virtuv\u0117s spintel\u0117 kasdien\u012f maisto gaminim\u0105 pavers tikru malonumu. Pagaminta i\u0161 patvarios MDF ir laminuotos plok\u0161t\u0117s, spintel\u0117 pasi\u017eymi tvirtumu ir ilgaam\u017ei\u0161kumu, patenkindama net ir reikliausius vartotojus. Juodos metalin\u0117s rankenos suteikia elegancijos bendram dizainui, pabr\u0117\u017eiant modern\u0173 klasikinio dizaino charakter\u012f. Jums nereikia r\u016bpintis surinkimu \u2013 kiekvienas gali tai padaryti pats, d\u0117ka ai\u0161ki\u0173 instrukcij\u0173 ir viso proceso paprastumo.<\/p>","protected":false},"excerpt":{"rendered":"<p>Plotis (cm): 40<br \/>\n\u016agis (cm): 212<br \/>\nGylis (cm): 58<\/p>","protected":false},"featured_media":159588,"comment_status":"open","ping_status":"open","template":"","meta":[],"product_brand":[],"product_cat":[9444,9441,4106,9118],"product_tag":[],"class_list":{"0":"post-159587","1":"product","2":"type-product","3":"status-publish","4":"has-post-thumbnail","6":"product_cat-kitchen-system-prowansja-sosna-andersen","7":"product_cat-white","8":"product_cat-gala-meble","9":"product_cat-kitchen-cabinets","11":"first","12":"instock","13":"purchasable","14":"product-type-simple"},"_links":{"self":[{"href":"https:\/\/baldumarket.lt\/lt\/wp-json\/wp\/v2\/product\/159587","targetHints":{"allow":["GET"]}}],"collection":[{"href":"https:\/\/baldumarket.lt\/lt\/wp-json\/wp\/v2\/product"}],"about":[{"href":"https:\/\/baldumarket.lt\/lt\/wp-json\/wp\/v2\/types\/product"}],"replies":[{"embeddable":true,"href":"https:\/\/baldumarket.lt\/lt\/wp-json\/wp\/v2\/comments?post=159587"}],"wp:featuredmedia":[{"embeddable":true,"href":"https:\/\/baldumarket.lt\/lt\/wp-json\/wp\/v2\/media\/159588"}],"wp:attachment":[{"href":"https:\/\/baldumarket.lt\/lt\/wp-json\/wp\/v2\/media?parent=159587"}],"wp:term":[{"taxonomy":"product_brand","embeddable":true,"href":"https:\/\/baldumarket.lt\/lt\/wp-json\/wp\/v2\/product_brand?post=159587"},{"taxonomy":"product_cat","embeddable":true,"href":"https:\/\/baldumarket.lt\/lt\/wp-json\/wp\/v2\/product_cat?post=159587"},{"taxonomy":"product_tag","embeddable":true,"href":"https:\/\/baldumarket.lt\/lt\/wp-json\/wp\/v2\/product_tag?post=159587"}],"curies":[{"name":"wp","href":"https:\/\/api.w.org\/{rel}","templated":true}]}}