{"id":159582,"date":"2025-12-19T00:42:12","date_gmt":"2025-12-18T21:42:12","guid":{"rendered":"https:\/\/baldumarket.lt\/product\/szafka-kuchenna-dolna-2-drzwiowa-spizarka-prawa-d40sp-p-sycylia-andersen\/"},"modified":"2026-02-06T12:46:45","modified_gmt":"2026-02-06T09:46:45","slug":"szafka-kuchenna-dolna-2-drzwiowa-spizarka-prawa-d40sp-p-sycylia-andersen","status":"publish","type":"product","link":"https:\/\/baldumarket.lt\/lt\/product\/szafka-kuchenna-dolna-2-drzwiowa-spizarka-prawa-d40sp-p-sycylia-andersen\/","title":{"rendered":"Apatin\u0117 virtuv\u0117s spintel\u0117 su 2 durel\u0117mis, de\u0161in\u0117, D40SP-P, Sicily Andersen"},"content":{"rendered":"<p>Elegancija ir funkcionalumas \u2013 tai savyb\u0117s, geriausiai apib\u016bdinan\u010dios \u201eGa\u0142a Meble\u201c apatin\u0119 virtuv\u0117s spintel\u0119 \u201eAndersen Sycylia\u201c. \u0160i \u017eavinga sand\u0117liuko spintel\u0117, puikiai tinkanti laikyti visus b\u016btiniausius virtuv\u0117s reikmenis, suteikia j\u016bs\u0173 virtuvei klasikinio \u017eavesio. D\u0117l unikalaus \u201eAndersen Pine\u201c ra\u0161to \u0161i spintel\u0117 tampa ne tik prakti\u0161ku virtuv\u0117s aksesuaru, bet ir dekoratyviniu elementu. Spintel\u0117s spalvos kruop\u0161\u010diai parinktos, kad papildyt\u0173 tiek tradicin\u012f, tiek modern\u0173 interjer\u0105. \u201eAndersen Pine\u201c fasadas gra\u017eiai papildo matin\u0117s baltos spalvos korpus\u0105, sukurdamas subtil\u0173 kontrast\u0105, kuris suteikia interjerui lengvumo ir gaivumo. \u0160is sprendimas skirtas tiems, kurie vertina skandinavi\u0161ko stiliaus estetik\u0105, kuri jau daugel\u012f met\u0173 d\u017eiaugiasi nepalau\u017eiamu populiarumu. Funkcionalumas yra pagrindinis \u0161io gaminio elementas. D\u0117l gerai apgalvoto dizaino spintel\u0117 si\u016blo daug vietos daiktams susid\u0117ti, pad\u0117dama palaikyti tvark\u0105 j\u016bs\u0173 virtuv\u0117je. Nesvarbu, ar tai prieskoniai, ar maisto produktai, kiekvienas daiktas randa savo viet\u0105 ergonomi\u0161kai suprojektuotoje erdv\u0117je, palengvindamas kasdien\u012f maisto gaminim\u0105 ir organizavim\u0105.<\/p>","protected":false},"excerpt":{"rendered":"<p>Plotis (cm): 40<br \/>\n\u016agis (cm): 82<br \/>\nGylis (cm): 47<\/p>","protected":false},"featured_media":159583,"comment_status":"open","ping_status":"open","template":"","meta":[],"product_brand":[],"product_cat":[9440,9441,4106,9118],"product_tag":[],"class_list":{"0":"post-159582","1":"product","2":"type-product","3":"status-publish","4":"has-post-thumbnail","6":"product_cat-kitchen-system-sycylia-sosna-andersen","7":"product_cat-white","8":"product_cat-gala-meble","9":"product_cat-kitchen-cabinets","11":"first","12":"instock","13":"purchasable","14":"product-type-simple"},"_links":{"self":[{"href":"https:\/\/baldumarket.lt\/lt\/wp-json\/wp\/v2\/product\/159582","targetHints":{"allow":["GET"]}}],"collection":[{"href":"https:\/\/baldumarket.lt\/lt\/wp-json\/wp\/v2\/product"}],"about":[{"href":"https:\/\/baldumarket.lt\/lt\/wp-json\/wp\/v2\/types\/product"}],"replies":[{"embeddable":true,"href":"https:\/\/baldumarket.lt\/lt\/wp-json\/wp\/v2\/comments?post=159582"}],"wp:featuredmedia":[{"embeddable":true,"href":"https:\/\/baldumarket.lt\/lt\/wp-json\/wp\/v2\/media\/159583"}],"wp:attachment":[{"href":"https:\/\/baldumarket.lt\/lt\/wp-json\/wp\/v2\/media?parent=159582"}],"wp:term":[{"taxonomy":"product_brand","embeddable":true,"href":"https:\/\/baldumarket.lt\/lt\/wp-json\/wp\/v2\/product_brand?post=159582"},{"taxonomy":"product_cat","embeddable":true,"href":"https:\/\/baldumarket.lt\/lt\/wp-json\/wp\/v2\/product_cat?post=159582"},{"taxonomy":"product_tag","embeddable":true,"href":"https:\/\/baldumarket.lt\/lt\/wp-json\/wp\/v2\/product_tag?post=159582"}],"curies":[{"name":"wp","href":"https:\/\/api.w.org\/{rel}","templated":true}]}}