{"id":159577,"date":"2025-12-19T00:42:01","date_gmt":"2025-12-18T21:42:01","guid":{"rendered":"https:\/\/baldumarket.lt\/product\/szafka-kuchenna-dolna-2-drzwiowa-spizarka-prawa-d40sp-p-sycylia-orzech\/"},"modified":"2026-02-06T14:32:35","modified_gmt":"2026-02-06T11:32:35","slug":"szafka-kuchenna-dolna-2-drzwiowa-spizarka-prawa-d40sp-p-sycylia-orzech","status":"publish","type":"product","link":"https:\/\/baldumarket.lt\/lt\/product\/szafka-kuchenna-dolna-2-drzwiowa-spizarka-prawa-d40sp-p-sycylia-orzech\/","title":{"rendered":"Apatin\u0117 virtuv\u0117s spintel\u0117 su 2 durel\u0117mis, de\u0161inin\u0117, D40SP-P, Sicily Walnut"},"content":{"rendered":"<p>Atraskite komfort\u0105 ir elegancij\u0105 su m\u016bs\u0173 Sicily Walnut medienos virtuv\u0117s spintele, kuri suteiks j\u016bs\u0173 virtuvei unikalaus stiliaus. Milano Walnut medienos MDF fasadai traukia d\u0117mes\u012f subtiliu rafinuotumu, puikiai dera tiek prie modernaus, tiek prie tradicinio interjero. \u0160i spintel\u0117 si\u016blo daugiau nei tik erdv\u0119 daiktams susid\u0117ti; tai tikras dekoratyvinis elementas, suteiksiantis j\u016bs\u0173 kambariui charakterio. Funkcionalumas yra pagrindinis \u0161ios spintel\u0117s privalumas. Dvejos durys suteikia lengv\u0105 prieig\u0105 prie vidaus, tod\u0117l erdv\u0117 yra prakti\u0161ka ir tvarkinga. Sukurta atsi\u017evelgiant \u012f kasdienius virtuv\u0117s poreikius, ji leid\u017eia puikiai sutvarkyti kasdienius daiktus. J\u016bs\u0173 virtuv\u0117 bus naudinga ne tik estetiniu patrauklumu, bet ir funkcionalumu, tod\u0117l maisto gaminimas ir darbo eiga bus lengvesni. D\u0117l laminuotos plok\u0161t\u0117s korpuso \u0161i spintel\u0117 yra patvari ir atspari \u012fbr\u0117\u017eimams, o tai labai svarbu virtuv\u0117s aplinkoje. Eleganti\u0161kos sidabrin\u0117s plastikin\u0117s rankenos suteikia modernumo, pabr\u0117\u017eiant rafinuot\u0105 i\u0161vaizd\u0105. \u0160i spintel\u0117 daugel\u012f met\u0173 i\u0161liks madingu j\u016bs\u0173 virtuv\u0117s akcentu.<\/p>","protected":false},"excerpt":{"rendered":"<p>Plotis (cm): 40<br \/>\n\u016agis (cm): 212<br \/>\nGylis (cm): 58<\/p>","protected":false},"featured_media":159578,"comment_status":"open","ping_status":"open","template":"","meta":[],"product_brand":[],"product_cat":[9450,4106,9118],"product_tag":[],"class_list":{"0":"post-159577","1":"product","2":"type-product","3":"status-publish","4":"has-post-thumbnail","6":"product_cat-kitchen-system-sycylia-orzech-milano","7":"product_cat-gala-meble","8":"product_cat-kitchen-cabinets","10":"first","11":"instock","12":"purchasable","13":"product-type-simple"},"_links":{"self":[{"href":"https:\/\/baldumarket.lt\/lt\/wp-json\/wp\/v2\/product\/159577","targetHints":{"allow":["GET"]}}],"collection":[{"href":"https:\/\/baldumarket.lt\/lt\/wp-json\/wp\/v2\/product"}],"about":[{"href":"https:\/\/baldumarket.lt\/lt\/wp-json\/wp\/v2\/types\/product"}],"replies":[{"embeddable":true,"href":"https:\/\/baldumarket.lt\/lt\/wp-json\/wp\/v2\/comments?post=159577"}],"wp:featuredmedia":[{"embeddable":true,"href":"https:\/\/baldumarket.lt\/lt\/wp-json\/wp\/v2\/media\/159578"}],"wp:attachment":[{"href":"https:\/\/baldumarket.lt\/lt\/wp-json\/wp\/v2\/media?parent=159577"}],"wp:term":[{"taxonomy":"product_brand","embeddable":true,"href":"https:\/\/baldumarket.lt\/lt\/wp-json\/wp\/v2\/product_brand?post=159577"},{"taxonomy":"product_cat","embeddable":true,"href":"https:\/\/baldumarket.lt\/lt\/wp-json\/wp\/v2\/product_cat?post=159577"},{"taxonomy":"product_tag","embeddable":true,"href":"https:\/\/baldumarket.lt\/lt\/wp-json\/wp\/v2\/product_tag?post=159577"}],"curies":[{"name":"wp","href":"https:\/\/api.w.org\/{rel}","templated":true}]}}