{"id":159573,"date":"2025-12-19T00:41:54","date_gmt":"2025-12-18T21:41:54","guid":{"rendered":"https:\/\/baldumarket.lt\/product\/szafka-kuchenna-dolna-2-drzwiowa-zabudowa-lodowki-d60zl-p-l-langen-artisan\/"},"modified":"2026-02-18T11:26:32","modified_gmt":"2026-02-18T08:26:32","slug":"szafka-kuchenna-dolna-2-drzwiowa-zabudowa-lodowki-d60zl-p-l-langen-artisan","status":"publish","type":"product","link":"https:\/\/baldumarket.lt\/lt\/product\/szafka-kuchenna-dolna-2-drzwiowa-zabudowa-lodowki-d60zl-p-l-langen-artisan\/","title":{"rendered":"Apatin\u0117 2 dur\u0173 virtuv\u0117s spintel\u0117 su \u0161aldytuvu D60ZL P\/L Langen Artisan"},"content":{"rendered":"<p>Paverskite savo virtuv\u0119 harmoninga ir stilinga erdve, pasirinkdami \u017eavingo \u201eArtisan Oak\u201c dizaino apatin\u0119 spintel\u0119. \u0160i spintel\u0117 buvo sukurta atsi\u017evelgiant \u012f estetik\u0105 ir funkcionalum\u0105, si\u016blant eleganti\u0161k\u0105 b\u016bd\u0105 laikyti \u0161aldytuv\u0105. Subtil\u016bs \u0105\u017euolo akcentai suteikia erdvei \u0161ilt\u0105 ir jauki\u0105 atmosfer\u0105, puikiai papildydami modern\u0173 interjero dizain\u0105.<\/p>\n<p>D\u0117l \u012fsp\u016bdingo 212 cm auk\u0161\u010dio \u0161i apatin\u0117 spintel\u0117 yra prakti\u0161ka net kompakti\u0161kose virtuv\u0117se. D\u0117l apgalvoto dizaino joje patogiai laikomi b\u016btiniausi daiktai, tod\u0117l virtuv\u0117je palaikoma tvarka. Auk\u0161tos kokyb\u0117s laminuota plok\u0161t\u0117 u\u017etikrina patvarum\u0105 ir atsparum\u0105 kasdieniam naudojimui, tod\u0117l tai ilgalaik\u0117 investicija.<\/p>\n<p>Detal\u0117s yra svarbiausias dalykas kuriant interjero dizain\u0105. Reguliuojamos kojel\u0117s leid\u017eia puikiai reguliuoti auk\u0161t\u012f ir u\u017etikrina stabilum\u0105 ant bet kokio pavir\u0161iaus. Juodos metalin\u0117s rankenos suteikia modernumo, pabr\u0117\u017eiant eleganti\u0161k\u0105 spintel\u0117s charakter\u012f. \u0160i\u0173 element\u0173 derinys paver\u010dia \u0161\u012f bald\u0105 unikaliu bet kurios virtuv\u0117s akcentu.<\/p>\n<p>Nors \u0161i\u0105 spintel\u0119 reikia surinkti patiems, procesas yra paprastas ir intuityvus, tod\u0117l galite greitai pasiekti norim\u0105 rezultat\u0105. Tai ne tik prakti\u0161kas sprendimas, bet ir galimyb\u0117 susikurti virtuv\u0117s interjer\u0105, kuris visi\u0161kai atspind\u0117t\u0173 j\u016bs\u0173 individual\u0173 stili\u0173. Investuokite \u012f unikaliai suprojektuot\u0105 apatin\u0119 spintel\u0119 ir m\u0117gaukit\u0117s nauja savo virtuv\u0117s i\u0161vaizda kiekvien\u0105 dien\u0105.<\/p>","protected":false},"excerpt":{"rendered":"<p>Plotis (cm): 60<br \/>\n\u016agis (cm): 212<br \/>\nGylis (cm): 58<\/p>","protected":false},"featured_media":159574,"comment_status":"open","ping_status":"open","template":"","meta":[],"product_brand":[],"product_cat":[9442,4106],"product_tag":[],"class_list":{"0":"post-159573","1":"product","2":"type-product","3":"status-publish","4":"has-post-thumbnail","6":"product_cat-kitchen-system-langen-dab-artisan","7":"product_cat-gala-meble","9":"first","10":"instock","11":"purchasable","12":"product-type-simple"},"_links":{"self":[{"href":"https:\/\/baldumarket.lt\/lt\/wp-json\/wp\/v2\/product\/159573","targetHints":{"allow":["GET"]}}],"collection":[{"href":"https:\/\/baldumarket.lt\/lt\/wp-json\/wp\/v2\/product"}],"about":[{"href":"https:\/\/baldumarket.lt\/lt\/wp-json\/wp\/v2\/types\/product"}],"replies":[{"embeddable":true,"href":"https:\/\/baldumarket.lt\/lt\/wp-json\/wp\/v2\/comments?post=159573"}],"wp:featuredmedia":[{"embeddable":true,"href":"https:\/\/baldumarket.lt\/lt\/wp-json\/wp\/v2\/media\/159574"}],"wp:attachment":[{"href":"https:\/\/baldumarket.lt\/lt\/wp-json\/wp\/v2\/media?parent=159573"}],"wp:term":[{"taxonomy":"product_brand","embeddable":true,"href":"https:\/\/baldumarket.lt\/lt\/wp-json\/wp\/v2\/product_brand?post=159573"},{"taxonomy":"product_cat","embeddable":true,"href":"https:\/\/baldumarket.lt\/lt\/wp-json\/wp\/v2\/product_cat?post=159573"},{"taxonomy":"product_tag","embeddable":true,"href":"https:\/\/baldumarket.lt\/lt\/wp-json\/wp\/v2\/product_tag?post=159573"}],"curies":[{"name":"wp","href":"https:\/\/api.w.org\/{rel}","templated":true}]}}