{"id":159569,"date":"2025-12-19T00:41:46","date_gmt":"2025-12-18T21:41:46","guid":{"rendered":"https:\/\/baldumarket.lt\/product\/szafka-kuchenna-dolna-2-drzwiowa-zabudowa-lodowki-d60zl-p-l-langen-grey\/"},"modified":"2026-02-18T11:26:32","modified_gmt":"2026-02-18T08:26:32","slug":"szafka-kuchenna-dolna-2-drzwiowa-zabudowa-lodowki-d60zl-p-l-langen-grey","status":"publish","type":"product","link":"https:\/\/baldumarket.lt\/lt\/product\/szafka-kuchenna-dolna-2-drzwiowa-zabudowa-lodowki-d60zl-p-l-langen-grey\/","title":{"rendered":"Apatin\u0117 2 dur\u0173 virtuv\u0117s spintel\u0117 su \u0161aldytuvu D60ZL P\/L Langen pilka"},"content":{"rendered":"<p>\u201eLangen Grey\u201c apatin\u0117 spintel\u0117 yra ne tik prakti\u0161kas, bet ir esteti\u0161kai patrauklus bet kurios modernios virtuv\u0117s papildymas. Unikalus dizainas derina modernum\u0105 su klasikiniu stiliumi, tod\u0117l puikiai dera prie bet kokio interjero. Matin\u0117s pilkos spalvos MDF priekin\u0117 dalis kartu su \u201eArtisan Oak\u201c korpusu spinduliuoja elegancija ir stiliumi. Tai puikus sprendimas tiems, kurie savo virtuv\u0117s erdv\u0117je siekia harmonijos ir vienodumo.<\/p>\n<p>Pasirinkus \u201eLangen Grey\u201c apatin\u0119 spintel\u0119, gausite ne tik vietos daiktams susid\u0117ti. Ji taip pat suteikia pilnai funkcional\u0173 \u0161aldytuv\u0105, kuris padeda optimizuoti j\u016bs\u0173 virtuv\u0117s erdv\u0119. Reguliuojamos kojel\u0117s, kuri\u0173 ilgis gali b\u016bti nuo 10 cm iki 12,5 cm, leid\u017eia pritaikyti spintel\u0119 prie bet kokio pavir\u0161iaus, u\u017etikrinant stabilum\u0105 ir paprast\u0105 naudojim\u0105. Funkcionalumas ir prakti\u0161kumas neatsiejami nuo estetikos.<\/p>\n<p>Juodo metalo rankena suteikia spintelei modernaus minimalizmo. Vertinantiems inovacijas taip pat si\u016bloma galimyb\u0117 pasirinkti atidarymo stumiant sistem\u0105, kuri panaikina tradicini\u0173 ranken\u0173 poreik\u012f ir suteikia baldams dar modernesn\u0119 i\u0161vaizd\u0105. Tai puikus sprendimas tiems, kurie ie\u0161ko \u0161vari\u0173 linij\u0173 ir paprastumo interjero dizaine.<\/p>\n<p>Spintel\u0119 greitai ir lengvai surenkame, tod\u0117l tai patogus pasirinkimas bet kuriai \u0161eimai. D\u0117l kruop\u0161\u010diai atrinkt\u0173 med\u017eiag\u0173, toki\u0173 kaip atspari pa\u017eeidimams laminuota plok\u0161t\u0117, baldai ne tik puikiai atrodo, bet ir tarnauja ilgus metus. Leiskite \u201eLangen Grey\u201c tapti j\u016bs\u0173 virtuv\u0117s dalimi, \u012fne\u0161an\u010dia ramyb\u0117s ir harmonijos \u012f j\u016bs\u0173 kasdienyb\u0119.<\/p>","protected":false},"excerpt":{"rendered":"<p>Plotis (cm): 60<br \/>\n\u016agis (cm): 212<br \/>\nGylis (cm): 58<\/p>","protected":false},"featured_media":159570,"comment_status":"open","ping_status":"open","template":"","meta":[],"product_brand":[],"product_cat":[9442,4106],"product_tag":[],"class_list":{"0":"post-159569","1":"product","2":"type-product","3":"status-publish","4":"has-post-thumbnail","6":"product_cat-kitchen-system-langen-dab-artisan","7":"product_cat-gala-meble","9":"first","10":"instock","11":"purchasable","12":"product-type-simple"},"_links":{"self":[{"href":"https:\/\/baldumarket.lt\/lt\/wp-json\/wp\/v2\/product\/159569","targetHints":{"allow":["GET"]}}],"collection":[{"href":"https:\/\/baldumarket.lt\/lt\/wp-json\/wp\/v2\/product"}],"about":[{"href":"https:\/\/baldumarket.lt\/lt\/wp-json\/wp\/v2\/types\/product"}],"replies":[{"embeddable":true,"href":"https:\/\/baldumarket.lt\/lt\/wp-json\/wp\/v2\/comments?post=159569"}],"wp:featuredmedia":[{"embeddable":true,"href":"https:\/\/baldumarket.lt\/lt\/wp-json\/wp\/v2\/media\/159570"}],"wp:attachment":[{"href":"https:\/\/baldumarket.lt\/lt\/wp-json\/wp\/v2\/media?parent=159569"}],"wp:term":[{"taxonomy":"product_brand","embeddable":true,"href":"https:\/\/baldumarket.lt\/lt\/wp-json\/wp\/v2\/product_brand?post=159569"},{"taxonomy":"product_cat","embeddable":true,"href":"https:\/\/baldumarket.lt\/lt\/wp-json\/wp\/v2\/product_cat?post=159569"},{"taxonomy":"product_tag","embeddable":true,"href":"https:\/\/baldumarket.lt\/lt\/wp-json\/wp\/v2\/product_tag?post=159569"}],"curies":[{"name":"wp","href":"https:\/\/api.w.org\/{rel}","templated":true}]}}