{"id":159564,"date":"2025-12-19T00:41:36","date_gmt":"2025-12-18T21:41:36","guid":{"rendered":"https:\/\/baldumarket.lt\/product\/szafka-kuchenna-dolna-2-drzwiowa-zabudowa-lodowki-d60zl-p-l-linea-grey-szary-mat\/"},"modified":"2026-02-18T11:34:50","modified_gmt":"2026-02-18T08:34:50","slug":"szafka-kuchenna-dolna-2-drzwiowa-zabudowa-lodowki-d60zl-p-l-linea-grey-szary-mat","status":"publish","type":"product","link":"https:\/\/baldumarket.lt\/lt\/product\/szafka-kuchenna-dolna-2-drzwiowa-zabudowa-lodowki-d60zl-p-l-linea-grey-szary-mat\/","title":{"rendered":"Apatin\u0117 2 dur\u0173 virtuv\u0117s spintel\u0117 su \u0161aldytuvu D60ZL P\/L Linea pilka matin\u0117"},"content":{"rendered":"<p>Atraskite nauj\u0105 elegancijos ir funkcionalumo apibr\u0117\u017eim\u0105 su \u012fmontuojama \u0161aldytuvo spintele D60ZL i\u0161 \u201eLinea Grey\u201c serijos, priklausan\u010dios garsiam \u201eGa\u0142a Meble\u201c prek\u0117s \u017eenklui. \u0160i i\u0161skirtinio dizaino spintel\u0117 ne tik stebina minimalistiniu dizainu, bet ir paver\u010dia virtuv\u0119 harmoninga erdve, kurioje kiekvienas elementas turi savo viet\u0105. Matinis pilkas priekis kartu su matiniu baltu korpusu suteikia modern\u0173 vaizd\u0105, puikiai tinkant\u012f bet kokiam virtuv\u0117s stiliui. \u0160ios spintel\u0117s vidinis \u017eavesys yra puikus estetikos ir prakti\u0161kumo derinio pavyzdys. Apdaila i\u0161 auk\u0161tos kokyb\u0117s MDF ir laminuoto korpuso garantuoja ilgalaik\u012f patvarum\u0105 ir kartu suteikia elegancijos element\u0105. Ry\u0161kus spalv\u0173 pasirinkimas ir matin\u0117 apdaila suteikia subtil\u0173 \u0161viesos \u017eaism\u0105, sukurdami ramios ir rafinuotos elegancijos atmosfer\u0105 kambaryje. D\u0117l gerai apgalvoto dizaino \u0161i spintel\u0117 pasi\u017eymi ne\u012fkainojamu funkcionalumu kasdieniam naudojimui. Reguliuojamos kojel\u0117s leid\u017eia reguliuoti auk\u0161t\u012f nuo 10 cm iki 12,5 cm, u\u017etikrinant stabilum\u0105 ant nelygi\u0173 pavir\u0161i\u0173 ir tod\u0117l tai idealus sprendimas moderniai virtuvei. Be to, savaime u\u017esidarantys vyriai u\u017etikrina skland\u0173 ir tyl\u0173 dureli\u0173 atidarym\u0105 ir u\u017edarym\u0105.<\/p>","protected":false},"excerpt":{"rendered":"<p>Plotis (cm): 60<br \/>\n\u016agis (cm): 212<br \/>\nGylis (cm): 58<\/p>","protected":false},"featured_media":159565,"comment_status":"open","ping_status":"open","template":"","meta":[],"product_brand":[],"product_cat":[9446,4106],"product_tag":[],"class_list":{"0":"post-159564","1":"product","2":"type-product","3":"status-publish","4":"has-post-thumbnail","6":"product_cat-kitchen-system-linea-white","7":"product_cat-gala-meble","9":"first","10":"instock","11":"purchasable","12":"product-type-simple"},"_links":{"self":[{"href":"https:\/\/baldumarket.lt\/lt\/wp-json\/wp\/v2\/product\/159564","targetHints":{"allow":["GET"]}}],"collection":[{"href":"https:\/\/baldumarket.lt\/lt\/wp-json\/wp\/v2\/product"}],"about":[{"href":"https:\/\/baldumarket.lt\/lt\/wp-json\/wp\/v2\/types\/product"}],"replies":[{"embeddable":true,"href":"https:\/\/baldumarket.lt\/lt\/wp-json\/wp\/v2\/comments?post=159564"}],"wp:featuredmedia":[{"embeddable":true,"href":"https:\/\/baldumarket.lt\/lt\/wp-json\/wp\/v2\/media\/159565"}],"wp:attachment":[{"href":"https:\/\/baldumarket.lt\/lt\/wp-json\/wp\/v2\/media?parent=159564"}],"wp:term":[{"taxonomy":"product_brand","embeddable":true,"href":"https:\/\/baldumarket.lt\/lt\/wp-json\/wp\/v2\/product_brand?post=159564"},{"taxonomy":"product_cat","embeddable":true,"href":"https:\/\/baldumarket.lt\/lt\/wp-json\/wp\/v2\/product_cat?post=159564"},{"taxonomy":"product_tag","embeddable":true,"href":"https:\/\/baldumarket.lt\/lt\/wp-json\/wp\/v2\/product_tag?post=159564"}],"curies":[{"name":"wp","href":"https:\/\/api.w.org\/{rel}","templated":true}]}}