{"id":159560,"date":"2025-12-19T00:41:29","date_gmt":"2025-12-18T21:41:29","guid":{"rendered":"https:\/\/baldumarket.lt\/product\/szafka-kuchenna-dolna-2-drzwiowa-zabudowa-lodowki-lewa-d60zl-l-aspen-grey-szary-polysk\/"},"modified":"2026-02-06T19:54:30","modified_gmt":"2026-02-06T16:54:30","slug":"szafka-kuchenna-dolna-2-drzwiowa-zabudowa-lodowki-lewa-d60zl-l-aspen-grey-szary-polysk","status":"publish","type":"product","link":"https:\/\/baldumarket.lt\/lt\/product\/szafka-kuchenna-dolna-2-drzwiowa-zabudowa-lodowki-lewa-d60zl-l-aspen-grey-szary-polysk\/","title":{"rendered":"Apatin\u0117 2 dur\u0173 virtuv\u0117s spintel\u0117-\u0161aldytuvas, kair\u0117, D60ZL-L, drebul\u0117s pilka, blizgi"},"content":{"rendered":"<p>Atraskite eleganti\u0161k\u0105 ir funkcionali\u0105 \u201eAspen Grey\u201c dviej\u0173 dureli\u0173 apatin\u0119 virtuv\u0117s spintel\u0119 \u012fmontuojamam kair\u0117je pus\u0117je esan\u010diam \u0161aldytuvui. Blizgi pilka apdaila suteikia bet kuriai virtuvei unikali\u0105, moderni\u0105 apdail\u0105, kuri traukia ak\u012f ir yra puikus fonas kitiems baldams. \u201eGa\u0142a Meble\u201c suk\u016br\u0117 \u0161\u012f gamin\u012f galvodama apie i\u0161rankiausius stilingo dizaino m\u0117g\u0117jus.<\/p>\n<p>\u0160i 60 cm plo\u010dio spintel\u0117 \u2013 puikus sprendimas bet kokiai virtuvei, nepriklausomai nuo jos dyd\u017eio. D\u0117l savo matmen\u0173 ji labai prakti\u0161kai derina estetik\u0105 ir funkcionalum\u0105, suteikdama vietos \u012fvairiems virtuv\u0117s reikmenims. Matin\u0117s baltos spalvos korpusas subtiliai kontrastuoja su fasadais, suteikdamas visam baldui unikali\u0105 harmonij\u0105 ir elegancij\u0105.<\/p>\n<p>\u0160ios spintel\u0117s prakti\u0161kumas taip pat yra jos privalumas. D\u0117l savaiminio surinkimo galimyb\u0117s j\u0105 lengva pritaikyti bet kokioje erdv\u0117je. Reguliuojamos kojel\u0117s nuo 10 iki 12,5 cm leid\u017eia puikiai reguliuoti auk\u0161t\u012f, u\u017etikrinant stabilum\u0105 ir paprast\u0105 naudojim\u0105. Savaime u\u017esidarantys vyriai suteikia papildom\u0105 komforto ir ilgaam\u017ei\u0161kumo garantij\u0105, patenkindami reikliausi\u0173 vartotoj\u0173 poreikius.<\/p>\n<p>MDF plok\u0161t\u0117s panaudojimas fasadams ir laminuotos plok\u0161t\u0117s korpusui u\u017etikrina auk\u0161t\u0105 kokyb\u0119 ir ilgaam\u017ei\u0161kum\u0105. Tai ideali investicija, jei norite patvari\u0173 ir stiling\u0173 virtuv\u0117s bald\u0173, kurie atlaikys intensyv\u0173 naudojim\u0105 daugel\u012f met\u0173 neprarasdami savo patrauklumo. \u201eAspen Grey\u201c \u2013 tai tobulo formos ir funkcionalumo derinio kiekvienoje detal\u0117je pavyzdys.<\/p>","protected":false},"excerpt":{"rendered":"<p>Plotis (cm): 60<br \/>\n\u016agis (cm): 212<br \/>\nGylis (cm): 58<\/p>","protected":false},"featured_media":159561,"comment_status":"open","ping_status":"open","template":"","meta":[],"product_brand":[],"product_cat":[9451,4106,9118],"product_tag":[],"class_list":{"0":"post-159560","1":"product","2":"type-product","3":"status-publish","4":"has-post-thumbnail","6":"product_cat-kitchen-system-aspen-grey","7":"product_cat-gala-meble","8":"product_cat-kitchen-cabinets","10":"first","11":"instock","12":"purchasable","13":"product-type-simple"},"_links":{"self":[{"href":"https:\/\/baldumarket.lt\/lt\/wp-json\/wp\/v2\/product\/159560","targetHints":{"allow":["GET"]}}],"collection":[{"href":"https:\/\/baldumarket.lt\/lt\/wp-json\/wp\/v2\/product"}],"about":[{"href":"https:\/\/baldumarket.lt\/lt\/wp-json\/wp\/v2\/types\/product"}],"replies":[{"embeddable":true,"href":"https:\/\/baldumarket.lt\/lt\/wp-json\/wp\/v2\/comments?post=159560"}],"wp:featuredmedia":[{"embeddable":true,"href":"https:\/\/baldumarket.lt\/lt\/wp-json\/wp\/v2\/media\/159561"}],"wp:attachment":[{"href":"https:\/\/baldumarket.lt\/lt\/wp-json\/wp\/v2\/media?parent=159560"}],"wp:term":[{"taxonomy":"product_brand","embeddable":true,"href":"https:\/\/baldumarket.lt\/lt\/wp-json\/wp\/v2\/product_brand?post=159560"},{"taxonomy":"product_cat","embeddable":true,"href":"https:\/\/baldumarket.lt\/lt\/wp-json\/wp\/v2\/product_cat?post=159560"},{"taxonomy":"product_tag","embeddable":true,"href":"https:\/\/baldumarket.lt\/lt\/wp-json\/wp\/v2\/product_tag?post=159560"}],"curies":[{"name":"wp","href":"https:\/\/api.w.org\/{rel}","templated":true}]}}