{"id":159557,"date":"2025-12-19T00:41:23","date_gmt":"2025-12-18T21:41:23","guid":{"rendered":"https:\/\/baldumarket.lt\/product\/szafka-kuchenna-dolna-2-drzwiowa-zabudowa-lodowki-lewa-d60zl-l-aspen-white-bialy-polysk\/"},"modified":"2026-02-06T13:20:20","modified_gmt":"2026-02-06T10:20:20","slug":"szafka-kuchenna-dolna-2-drzwiowa-zabudowa-lodowki-lewa-d60zl-l-aspen-white-bialy-polysk","status":"publish","type":"product","link":"https:\/\/baldumarket.lt\/lt\/product\/szafka-kuchenna-dolna-2-drzwiowa-zabudowa-lodowki-lewa-d60zl-l-aspen-white-bialy-polysk\/","title":{"rendered":"Apatin\u0117 2 dur\u0173 virtuv\u0117s spintel\u0117 kair\u0117je pus\u0117je, \u0161aldytuvas D60ZL-L, drebul\u0117s baltas blizgus"},"content":{"rendered":"<p>Atraskite elegancij\u0105 ir funkcionalum\u0105 su m\u016bs\u0173 dviej\u0173 dur\u0173 apatine virtuv\u0117s spintele, kuri puikiai dera prie modernaus interjero. Minimalistinis blizgios baltos spalvos dizainas ne tik pagyvina erdv\u0119, bet ir suteikia klas\u0117s bei subtilaus elegancijos. Ji puikiai tiks bet kurioje virtuv\u0117je, derindama prakti\u0161kum\u0105 ir estetik\u0105.<\/p>\n<p>Pagaminta i\u0161 auk\u0161tos kokyb\u0117s med\u017eiag\u0173, toki\u0173 kaip MDF priekin\u0117 dalis, ji garantuoja patvarum\u0105 ir atsparum\u0105 kasdieniam d\u0117v\u0117jimuisi. Matin\u0117s baltos spalvos laminuotas korpusas suteikia papildomo kontrasto, pabr\u0117\u017eiant modern\u0173 spintel\u0117s charakter\u012f. Su \u0161ia spintele galite sukurti jauki\u0105 atmosfer\u0105, kuri \u012fkvepia kulinariniams nuotykiams ir \u0161eimos susib\u016brimams.<\/p>\n<p>Funkcionalumas neatsiejamas nuo gro\u017eio, tod\u0117l \u0161i spintel\u0117 yra puikus sprendimas \u012fmontuojamam \u0161aldytuvui. Savaime u\u017esidarantys vyriai leid\u017eia lengvai naudoti, patogiai ir tyliai u\u017esidaryti. Be to, reguliuojamo auk\u0161\u010dio kojel\u0117s leid\u017eia reguliuoti auk\u0161t\u012f pagal individualius poreikius, u\u017etikrinant stabilum\u0105 ir komfort\u0105 net ant nelygi\u0173 grind\u0173.<\/p>\n<p>Surinkti savaranki\u0161kai yra lengva d\u0117l ai\u0161ki\u0173 instrukcij\u0173, o galimyb\u0117 sukonfig\u016bruoti patiems suteikia pasitenkinim\u0105 ir kontrol\u0117s jausm\u0105 kuriant savo nam\u0173 dizain\u0105. \u0160i spintel\u0117 yra puiki investicija \u012f j\u016bs\u0173 virtuv\u0117s kokyb\u0119 ir estetik\u0105, kurios eleganti\u0161ka i\u0161vaizda d\u017eiugins ak\u012f ilgus metus.<\/p>","protected":false},"excerpt":{"rendered":"<p>Plotis (cm): 60<br \/>\n\u016agis (cm): 212<br \/>\nGylis (cm): 58<\/p>","protected":false},"featured_media":159558,"comment_status":"open","ping_status":"open","template":"","meta":[],"product_brand":[],"product_cat":[9445,4106,9118],"product_tag":[],"class_list":{"0":"post-159557","1":"product","2":"type-product","3":"status-publish","4":"has-post-thumbnail","6":"product_cat-kitchen-system-aspen-white","7":"product_cat-gala-meble","8":"product_cat-kitchen-cabinets","10":"first","11":"instock","12":"purchasable","13":"product-type-simple"},"_links":{"self":[{"href":"https:\/\/baldumarket.lt\/lt\/wp-json\/wp\/v2\/product\/159557","targetHints":{"allow":["GET"]}}],"collection":[{"href":"https:\/\/baldumarket.lt\/lt\/wp-json\/wp\/v2\/product"}],"about":[{"href":"https:\/\/baldumarket.lt\/lt\/wp-json\/wp\/v2\/types\/product"}],"replies":[{"embeddable":true,"href":"https:\/\/baldumarket.lt\/lt\/wp-json\/wp\/v2\/comments?post=159557"}],"wp:featuredmedia":[{"embeddable":true,"href":"https:\/\/baldumarket.lt\/lt\/wp-json\/wp\/v2\/media\/159558"}],"wp:attachment":[{"href":"https:\/\/baldumarket.lt\/lt\/wp-json\/wp\/v2\/media?parent=159557"}],"wp:term":[{"taxonomy":"product_brand","embeddable":true,"href":"https:\/\/baldumarket.lt\/lt\/wp-json\/wp\/v2\/product_brand?post=159557"},{"taxonomy":"product_cat","embeddable":true,"href":"https:\/\/baldumarket.lt\/lt\/wp-json\/wp\/v2\/product_cat?post=159557"},{"taxonomy":"product_tag","embeddable":true,"href":"https:\/\/baldumarket.lt\/lt\/wp-json\/wp\/v2\/product_tag?post=159557"}],"curies":[{"name":"wp","href":"https:\/\/api.w.org\/{rel}","templated":true}]}}