{"id":159552,"date":"2025-12-19T00:41:13","date_gmt":"2025-12-18T21:41:13","guid":{"rendered":"https:\/\/baldumarket.lt\/product\/szafka-kuchenna-dolna-2-drzwiowa-zabudowa-lodowki-lewa-d60zl-l-prowansja-sosna-andersen-bialy-mat\/"},"modified":"2026-02-06T14:45:48","modified_gmt":"2026-02-06T11:45:48","slug":"szafka-kuchenna-dolna-2-drzwiowa-zabudowa-lodowki-lewa-d60zl-l-prowansja-sosna-andersen-bialy-mat","status":"publish","type":"product","link":"https:\/\/baldumarket.lt\/lt\/product\/szafka-kuchenna-dolna-2-drzwiowa-zabudowa-lodowki-lewa-d60zl-l-prowansja-sosna-andersen-bialy-mat\/","title":{"rendered":"Apatin\u0117 2 dur\u0173 virtuv\u0117s spintel\u0117 su \u0161aldytuvu, kair\u0117, D60ZL-L, provanso pu\u0161is, Andersen balta matin\u0117"},"content":{"rendered":"<p>Atraskite Provanso elegancijos \u017eaves\u012f ir funkcionalum\u0105 su \u0161ia unikaliai sukurta \u012fmontuojamiesiems \u0161aldytuvams skirta apatine spintele. \u0160is unikalus \u201eGa\u0142a Meble\u201c gaminys derina estetin\u012f patrauklum\u0105 su auk\u0161\u010diausio lygio prakti\u0161kumu. \u012ekv\u0117ptas Provanso kra\u0161tovaizd\u017eio, dizainas sukuria ramyb\u0117s ir jaukumo atmosfer\u0105, \u017eav\u0117damas ak\u012f subtilia spalv\u0173 gama, kurioje dominuoja Anderseno pu\u0161ies atspalviai, persipyn\u0119 su eleganti\u0161ka matine balta spalva. Optimalus funkcionalumas derinamas su estetiniu patrauklumu, tod\u0117l \u0161i apatin\u0117 spintel\u0117 yra puikus pasirinkimas bet kuriai virtuvei. Ji subtiliai \u012fsilieja \u012f interjero dizain\u0105, u\u017etikrindama komfort\u0105 kasdienio naudojimo metu. Spintel\u0117 turi reguliuojamas kojeles, kurios leid\u017eia reguliuoti auk\u0161t\u012f pagal individualius poreikius, tod\u0117l ji yra ne tik gra\u017ei dekoracija, bet ir funkcionalus baldas. Prakti\u0161ki sprendimai, tokie kaip MDF panaudojimas priekin\u0117je dalyje ir laminuotos plok\u0161t\u0117s korpuse, padidina baldo patvarum\u0105 ir atsparum\u0105. D\u0117l panaudot\u0173 med\u017eiag\u0173 spintel\u0117 ne tik d\u017eiugina ak\u012f savo estetika, bet ir yra patvari, atlaikanti laiko i\u0161bandym\u0105. Be to, kontrastingos juodos metalin\u0117s rankenos suteikia modernumo ir kartu palengvina naudojim\u0105.<\/p>","protected":false},"excerpt":{"rendered":"<p>Plotis (cm): 60<br \/>\n\u016agis (cm): 212<br \/>\nGylis (cm): 58<\/p>","protected":false},"featured_media":159553,"comment_status":"open","ping_status":"open","template":"","meta":[],"product_brand":[],"product_cat":[9444,4106,9118],"product_tag":[],"class_list":{"0":"post-159552","1":"product","2":"type-product","3":"status-publish","4":"has-post-thumbnail","6":"product_cat-kitchen-system-prowansja-sosna-andersen","7":"product_cat-gala-meble","8":"product_cat-kitchen-cabinets","10":"first","11":"instock","12":"purchasable","13":"product-type-simple"},"_links":{"self":[{"href":"https:\/\/baldumarket.lt\/lt\/wp-json\/wp\/v2\/product\/159552","targetHints":{"allow":["GET"]}}],"collection":[{"href":"https:\/\/baldumarket.lt\/lt\/wp-json\/wp\/v2\/product"}],"about":[{"href":"https:\/\/baldumarket.lt\/lt\/wp-json\/wp\/v2\/types\/product"}],"replies":[{"embeddable":true,"href":"https:\/\/baldumarket.lt\/lt\/wp-json\/wp\/v2\/comments?post=159552"}],"wp:featuredmedia":[{"embeddable":true,"href":"https:\/\/baldumarket.lt\/lt\/wp-json\/wp\/v2\/media\/159553"}],"wp:attachment":[{"href":"https:\/\/baldumarket.lt\/lt\/wp-json\/wp\/v2\/media?parent=159552"}],"wp:term":[{"taxonomy":"product_brand","embeddable":true,"href":"https:\/\/baldumarket.lt\/lt\/wp-json\/wp\/v2\/product_brand?post=159552"},{"taxonomy":"product_cat","embeddable":true,"href":"https:\/\/baldumarket.lt\/lt\/wp-json\/wp\/v2\/product_cat?post=159552"},{"taxonomy":"product_tag","embeddable":true,"href":"https:\/\/baldumarket.lt\/lt\/wp-json\/wp\/v2\/product_tag?post=159552"}],"curies":[{"name":"wp","href":"https:\/\/api.w.org\/{rel}","templated":true}]}}