{"id":159548,"date":"2025-12-19T00:41:05","date_gmt":"2025-12-18T21:41:05","guid":{"rendered":"https:\/\/baldumarket.lt\/product\/szafka-kuchenna-dolna-2-drzwiowa-zabudowa-lodowki-lewa-d60zl-l-sycylia-andersen\/"},"modified":"2026-02-06T12:46:45","modified_gmt":"2026-02-06T09:46:45","slug":"szafka-kuchenna-dolna-2-drzwiowa-zabudowa-lodowki-lewa-d60zl-l-sycylia-andersen","status":"publish","type":"product","link":"https:\/\/baldumarket.lt\/lt\/product\/szafka-kuchenna-dolna-2-drzwiowa-zabudowa-lodowki-lewa-d60zl-l-sycylia-andersen\/","title":{"rendered":"Apatin\u0117 2 dur\u0173 virtuv\u0117s spintel\u0117 kair\u0117je pus\u0117je, \u0161aldytuvas D60ZL-L, Sicily Andersen"},"content":{"rendered":"<p>Suteikite savo virtuvei stiliaus ir elegancijos su \u201eAndersen Sicily Base\u201c virtuv\u0117s spintele. \u0160i spintel\u0117 ne tik harmoningai der\u0117s prie j\u016bs\u0173 virtuv\u0117s, bet ir patrauks ak\u012f unikaliu, nat\u016braliu \u201eAndersen\u201c pu\u0161ies dizainu. Subtilus ra\u0161tas ir \u0161viesios spalvos suteiks interjerui gaivumo ir erdv\u0117s poj\u016bt\u012f, puikiai papildydamos bet kuri\u0105 moderni\u0105 virtuv\u0119.<\/p>\n<p>\u0160ios spintel\u0117s funkcionalumas yra toks pat svarbus kaip ir jos estetika. Sukurtas atsi\u017evelgiant \u012f prakti\u0161kum\u0105, dviej\u0173 dureli\u0173 dizainas leid\u017eia lengvai pasiekti laikomus daiktus. D\u0117l optimali\u0173 matmen\u0173 ji puikiai tiks j\u016bs\u0173 virtuv\u0117s spintel\u0117se, leisdama pasl\u0117pti \u0161aldytuv\u0105 ar kitus prietaisus. Apgalvotas dizainas u\u017etikrina, kad spintel\u0117s naudojimas bus grynas malonumas, supaprastinantis kasdienius virtuv\u0117s darbus.<\/p>\n<p>Spintel\u0117 pagaminta i\u0161 patvarios MDF plok\u0161t\u0117s, u\u017etikrinan\u010dios jos ilgaam\u017ei\u0161kum\u0105 ir atsparum\u0105 kasdieniam naudojimui. Matin\u0117s baltos spalvos korpusas puikiai dera su Anderseno pu\u0161ies priekiu, sukurdamas harmoning\u0105 visum\u0105. Stilingos sidabrin\u0117s plastikin\u0117s ranken\u0117l\u0117s u\u017ebaigia i\u0161vaizd\u0105, suteikia modernumo ir palengvina atidarym\u0105.<\/p>\n<p>Investuokite \u012f \u201eSycylia Andersen\u201c spintel\u0117s si\u016blom\u0105 komfort\u0105 ir estetik\u0105, ir j\u016bs\u0173 virtuv\u0117 atgis. D\u0117l paprastos surinkimo sistemos galite patys susikurti funkcionali\u0105 erdv\u0119, puikiai tinkan\u010di\u0105 kasdieniam naudojimui. \u0160ios spintel\u0117s pasirinkimas \u2013 tai sprendimas, kuris ne tik sukurs gra\u017ei\u0105 virtuv\u0119, bet ir suteiks kasdienio naudojimo d\u017eiaugsmo.<\/p>","protected":false},"excerpt":{"rendered":"<p>Plotis (cm): 60<br \/>\n\u016agis (cm): 212<br \/>\nGylis (cm): 58<\/p>","protected":false},"featured_media":159549,"comment_status":"open","ping_status":"open","template":"","meta":[],"product_brand":[],"product_cat":[9440,9441,4106,9118],"product_tag":[],"class_list":{"0":"post-159548","1":"product","2":"type-product","3":"status-publish","4":"has-post-thumbnail","6":"product_cat-kitchen-system-sycylia-sosna-andersen","7":"product_cat-white","8":"product_cat-gala-meble","9":"product_cat-kitchen-cabinets","11":"first","12":"instock","13":"purchasable","14":"product-type-simple"},"_links":{"self":[{"href":"https:\/\/baldumarket.lt\/lt\/wp-json\/wp\/v2\/product\/159548","targetHints":{"allow":["GET"]}}],"collection":[{"href":"https:\/\/baldumarket.lt\/lt\/wp-json\/wp\/v2\/product"}],"about":[{"href":"https:\/\/baldumarket.lt\/lt\/wp-json\/wp\/v2\/types\/product"}],"replies":[{"embeddable":true,"href":"https:\/\/baldumarket.lt\/lt\/wp-json\/wp\/v2\/comments?post=159548"}],"wp:featuredmedia":[{"embeddable":true,"href":"https:\/\/baldumarket.lt\/lt\/wp-json\/wp\/v2\/media\/159549"}],"wp:attachment":[{"href":"https:\/\/baldumarket.lt\/lt\/wp-json\/wp\/v2\/media?parent=159548"}],"wp:term":[{"taxonomy":"product_brand","embeddable":true,"href":"https:\/\/baldumarket.lt\/lt\/wp-json\/wp\/v2\/product_brand?post=159548"},{"taxonomy":"product_cat","embeddable":true,"href":"https:\/\/baldumarket.lt\/lt\/wp-json\/wp\/v2\/product_cat?post=159548"},{"taxonomy":"product_tag","embeddable":true,"href":"https:\/\/baldumarket.lt\/lt\/wp-json\/wp\/v2\/product_tag?post=159548"}],"curies":[{"name":"wp","href":"https:\/\/api.w.org\/{rel}","templated":true}]}}