{"id":159544,"date":"2025-12-19T00:40:57","date_gmt":"2025-12-18T21:40:57","guid":{"rendered":"https:\/\/baldumarket.lt\/product\/szafka-kuchenna-dolna-2-drzwiowa-zabudowa-lodowki-lewa-d60zl-l-sycylia-orzech\/"},"modified":"2026-02-06T14:32:35","modified_gmt":"2026-02-06T11:32:35","slug":"szafka-kuchenna-dolna-2-drzwiowa-zabudowa-lodowki-lewa-d60zl-l-sycylia-orzech","status":"publish","type":"product","link":"https:\/\/baldumarket.lt\/lt\/product\/szafka-kuchenna-dolna-2-drzwiowa-zabudowa-lodowki-lewa-d60zl-l-sycylia-orzech\/","title":{"rendered":"Apatin\u0117 2 dur\u0173 virtuv\u0117s spintel\u0117 kair\u0117je pus\u0117je, \u0161aldytuvas D60ZL-L, Sicily Walnut"},"content":{"rendered":"<p>M\u016bs\u0173 vartotojai \u012fsimyl\u0117s elegancij\u0105 ir prakti\u0161kum\u0105, kur\u012f si\u016blo 2 dur\u0173 apatin\u0117 virtuv\u0117s spintel\u0117 su \u012fmontuojamu \u0161aldytuvu i\u0161 \u201eSicily Walnut\u201c kolekcijos. Tai puikus sprendimas tiems, kurie ie\u0161ko harmoningos virtuv\u0117s erdv\u0117s, kurioje stilius ir funkcionalumas dera tarpusavyje. Subtiliai \u017e\u0117rinti \u201eMilano Walnut\u201c spalva suteikia interjerui jaukumo ir modernumo, skland\u017eiai \u012fsiliejant \u012f \u012fvairius interjero dizainus.<\/p>\n<p>Kiekviena akimirka, praleista virtuv\u0117je su \u0161iuo prietaisu, bus tikras malonumas. Prakti\u0161ki spintel\u0117s matmenys \u2013 60 cm plo\u010dio, 212 cm auk\u0161\u010dio ir 58 cm gylio \u2013 leid\u017eia puikiai tilpti \u012fvairiose erdv\u0117se. Be to, tvirta spintel\u0117s konstrukcija, pagaminta i\u0161 MDF ir laminato, u\u017etikrina ilgaam\u017ei\u0161kum\u0105 ir lengv\u0105 valym\u0105, o tai itin svarbu kasdieniam naudojimui.<\/p>\n<p>\u0160io \u012frenginio funkcionalum\u0105 pabr\u0117\u017eia ne tik jo dizainas, bet ir stilinga apdaila. Sidabrin\u0117s spalvos plastikin\u0117 rankena suteikia visam dizainui modernaus \u017eavesio ir subtiliai traukia ak\u012f. Nors surinkimas atliekamas savaranki\u0161kai, jam nereikia speciali\u0173 \u012fg\u016bd\u017ei\u0173, tod\u0117l procesas greitas ir paprastas kiekvienam.<\/p>\n<p>Pasirinkdami virtuv\u0117s spintel\u0119 i\u0161 \u201eSicylia Walnut\u201c serijos, klientai investuoja ne tik \u012f auk\u0161tos kokyb\u0117s baldus, bet, svarbiausia, \u012f savo nam\u0173 komfort\u0105 ir estetik\u0105. Tai puikus b\u016bdas sukurti unikali\u0105 erdv\u0119, kurioje virtuv\u0117 tapt\u0173 ne tik maisto gaminimo, bet ir eleganti\u0161ko dizaino vieta. Palepinkite save prabangos prisilietimu kiekvien\u0105 dien\u0105 su m\u016bs\u0173 unikaliu pasi\u016blymu!<\/p>","protected":false},"excerpt":{"rendered":"<p>Plotis (cm): 60<br \/>\n\u016agis (cm): 212<br \/>\nGylis (cm): 58<\/p>","protected":false},"featured_media":159545,"comment_status":"open","ping_status":"open","template":"","meta":[],"product_brand":[],"product_cat":[9450,4106,9118],"product_tag":[],"class_list":{"0":"post-159544","1":"product","2":"type-product","3":"status-publish","4":"has-post-thumbnail","6":"product_cat-kitchen-system-sycylia-orzech-milano","7":"product_cat-gala-meble","8":"product_cat-kitchen-cabinets","10":"first","11":"instock","12":"purchasable","13":"product-type-simple"},"_links":{"self":[{"href":"https:\/\/baldumarket.lt\/lt\/wp-json\/wp\/v2\/product\/159544","targetHints":{"allow":["GET"]}}],"collection":[{"href":"https:\/\/baldumarket.lt\/lt\/wp-json\/wp\/v2\/product"}],"about":[{"href":"https:\/\/baldumarket.lt\/lt\/wp-json\/wp\/v2\/types\/product"}],"replies":[{"embeddable":true,"href":"https:\/\/baldumarket.lt\/lt\/wp-json\/wp\/v2\/comments?post=159544"}],"wp:featuredmedia":[{"embeddable":true,"href":"https:\/\/baldumarket.lt\/lt\/wp-json\/wp\/v2\/media\/159545"}],"wp:attachment":[{"href":"https:\/\/baldumarket.lt\/lt\/wp-json\/wp\/v2\/media?parent=159544"}],"wp:term":[{"taxonomy":"product_brand","embeddable":true,"href":"https:\/\/baldumarket.lt\/lt\/wp-json\/wp\/v2\/product_brand?post=159544"},{"taxonomy":"product_cat","embeddable":true,"href":"https:\/\/baldumarket.lt\/lt\/wp-json\/wp\/v2\/product_cat?post=159544"},{"taxonomy":"product_tag","embeddable":true,"href":"https:\/\/baldumarket.lt\/lt\/wp-json\/wp\/v2\/product_tag?post=159544"}],"curies":[{"name":"wp","href":"https:\/\/api.w.org\/{rel}","templated":true}]}}