{"id":159539,"date":"2025-12-19T00:40:47","date_gmt":"2025-12-18T21:40:47","guid":{"rendered":"https:\/\/baldumarket.lt\/product\/szafka-kuchenna-dolna-2-drzwiowa-zabudowa-lodowki-prawa-d60zl-p-aspen-grey-szary-polysk\/"},"modified":"2026-02-06T19:54:30","modified_gmt":"2026-02-06T16:54:30","slug":"szafka-kuchenna-dolna-2-drzwiowa-zabudowa-lodowki-prawa-d60zl-p-aspen-grey-szary-polysk","status":"publish","type":"product","link":"https:\/\/baldumarket.lt\/lt\/product\/szafka-kuchenna-dolna-2-drzwiowa-zabudowa-lodowki-prawa-d60zl-p-aspen-grey-szary-polysk\/","title":{"rendered":"Apatin\u0117 2 dur\u0173 virtuv\u0117s spintel\u0117 su \u0161aldytuvu de\u0161in\u0117je D60ZL-P drebul\u0117s pilka blizgi spalva"},"content":{"rendered":"<p>Ak\u012f traukianti ir ne\u012ftik\u0117tinai funkcionali 2 dureli\u0173 apatin\u0117 de\u0161inin\u0117 virtuv\u0117s spintel\u0117 D60ZL-P \u012fmontuojamiems \u0161aldytuvams \u2013 puikus pasirinkimas moderniai virtuvei. Garsaus \u201eGa\u0142a Meble\u201c prek\u0117s \u017eenklo si\u016bloma spintel\u0117 yra elegancijos ir prakti\u0161kumo sinonimas. Jos eleganti\u0161kas blizgios pilkos spalvos atspalvio dizainas suteiks j\u016bs\u0173 interjerui gaivumo ir prabangos atmosfer\u0105. \u0160i spintel\u0117 ne tik suteiks daugiau erdv\u0117s, bet ir suteiks stulbinan\u010dio stiliaus. Blizgi pilka priekin\u0117 dalis puikiai papildo matin\u0117s baltos spalvos korpus\u0105, sukurdama harmoning\u0105 visum\u0105, atitinkan\u010di\u0105 naujausias interjero dizaino tendencijas. Subtil\u016bs atspalviai papildo bet kok\u012f dekor\u0105, nesvarbu, ar jums labiau patinka minimalistinis, ar dekoratyvesnis estetinis stilius. \u0160is baldas ne tik gerai atrodo, bet ir padeda i\u0161laikyti nuoseklum\u0105 visoje virtuv\u0117je. Jo prakti\u0161kumas neabejotinas. \u0160i virtuv\u0117s spintel\u0117 buvo sukurta atsi\u017evelgiant \u012f modernius sprendimus \u2013 ji turi reguliuojamas kojeles, leid\u017eian\u010dias tiksliai reguliuoti jos auk\u0161t\u012f pagal savo poreikius. Savaime u\u017esidarantys vyriai u\u017etikrina, kad durel\u0117s u\u017esidaryt\u0173 tyliai ir \u0161velniai, o tai \u017eymiai padidina naudojimo komfort\u0105.<\/p>","protected":false},"excerpt":{"rendered":"<p>Plotis (cm): 60<br \/>\n\u016agis (cm): 212<br \/>\nGylis (cm): 58<\/p>","protected":false},"featured_media":159540,"comment_status":"open","ping_status":"open","template":"","meta":[],"product_brand":[],"product_cat":[9451,4106,9118],"product_tag":[],"class_list":{"0":"post-159539","1":"product","2":"type-product","3":"status-publish","4":"has-post-thumbnail","6":"product_cat-kitchen-system-aspen-grey","7":"product_cat-gala-meble","8":"product_cat-kitchen-cabinets","10":"first","11":"instock","12":"purchasable","13":"product-type-simple"},"_links":{"self":[{"href":"https:\/\/baldumarket.lt\/lt\/wp-json\/wp\/v2\/product\/159539","targetHints":{"allow":["GET"]}}],"collection":[{"href":"https:\/\/baldumarket.lt\/lt\/wp-json\/wp\/v2\/product"}],"about":[{"href":"https:\/\/baldumarket.lt\/lt\/wp-json\/wp\/v2\/types\/product"}],"replies":[{"embeddable":true,"href":"https:\/\/baldumarket.lt\/lt\/wp-json\/wp\/v2\/comments?post=159539"}],"wp:featuredmedia":[{"embeddable":true,"href":"https:\/\/baldumarket.lt\/lt\/wp-json\/wp\/v2\/media\/159540"}],"wp:attachment":[{"href":"https:\/\/baldumarket.lt\/lt\/wp-json\/wp\/v2\/media?parent=159539"}],"wp:term":[{"taxonomy":"product_brand","embeddable":true,"href":"https:\/\/baldumarket.lt\/lt\/wp-json\/wp\/v2\/product_brand?post=159539"},{"taxonomy":"product_cat","embeddable":true,"href":"https:\/\/baldumarket.lt\/lt\/wp-json\/wp\/v2\/product_cat?post=159539"},{"taxonomy":"product_tag","embeddable":true,"href":"https:\/\/baldumarket.lt\/lt\/wp-json\/wp\/v2\/product_tag?post=159539"}],"curies":[{"name":"wp","href":"https:\/\/api.w.org\/{rel}","templated":true}]}}