{"id":159535,"date":"2025-12-19T00:40:40","date_gmt":"2025-12-18T21:40:40","guid":{"rendered":"https:\/\/baldumarket.lt\/product\/szafka-kuchenna-dolna-2-drzwiowa-zabudowa-lodowki-prawa-d60zl-p-aspen-white-bialy-polysk\/"},"modified":"2026-02-18T11:30:50","modified_gmt":"2026-02-18T08:30:50","slug":"szafka-kuchenna-dolna-2-drzwiowa-zabudowa-lodowki-prawa-d60zl-p-aspen-white-bialy-polysk","status":"publish","type":"product","link":"https:\/\/baldumarket.lt\/lt\/product\/szafka-kuchenna-dolna-2-drzwiowa-zabudowa-lodowki-prawa-d60zl-p-aspen-white-bialy-polysk\/","title":{"rendered":"Apatin\u0117 2 dur\u0173 virtuv\u0117s spintel\u0117 su \u0161aldytuvu de\u0161in\u0117je D60ZL-P Aspen White Gloss"},"content":{"rendered":"<p>Pakeiskite savo virtuv\u0117s erdv\u0119 su eleganti\u0161ka \u201eAspen White\u201c spalvos apatine spintele \u012fmontuojamiems \u0161aldytuvams. Blizgi balta apdaila sukuria gaiv\u0173 ir modern\u0173 vaizd\u0105, kuris papildys bet kuri\u0105 virtuv\u0119, suteikdamas lengvumo ir elegancijos. \u0160i spintel\u0117 taps j\u016bs\u0173 virtuv\u0117s traukos centru, atkreipdama d\u0117mes\u012f subtiliu blizgesiu ir harmoningai der\u0117s prie \u012fvairi\u0173 interjero stili\u0173.<\/p>\n<p>Efektyvumas ir funkcionalumas yra svarbiausi bet kurios virtuv\u0117s principai, ir \u0161i spintel\u0117 atitinka \u0161iuos poreikius. Apgalvotas dizainas ir auk\u0161tos kokyb\u0117s med\u017eiagos, tokios kaip MDF priekin\u0117 dalis ir laminuotos plok\u0161t\u0117s korpusas, garantuoja ilgaam\u017ei\u0161kum\u0105 ir atsparum\u0105 kasdieniam naudojimui. Reguliuojamos kojel\u0117s leid\u017eia tiksliai reguliuoti auk\u0161t\u012f, o tai itin prakti\u0161ka surinkimo metu ir leid\u017eia puikiai der\u0117ti prie likusios spintel\u0117s dalies.<\/p>\n<p>Prakti\u0161kumas neatsiejamas nuo estetikos. \u0160is modelis apr\u016bpintas savaime u\u017esidaran\u010diais vyriais, kurie u\u017etikrina skland\u0173 ir tyl\u0173 u\u017edarym\u0105. Tai kiekvien\u0105 virtuv\u0117je praleist\u0105 akimirk\u0105 pavers dar malonesne, o tvarkingas spinteli\u0173 vidus bus lengvai pasiekiamas. Savaranki\u0161kas surinkimas taupo J\u016bs\u0173 laik\u0105 ir leid\u017eia m\u0117gautis savo, funkcionalaus interjero k\u016brimo pasitenkinimu.<\/p>\n<p>\u201eAspen White\u201c apatin\u0117 virtuv\u0117s spintel\u0117 \u2013 puikus pasirinkimas tiems, kurie vertina prakti\u0161kum\u0105 ir rafinuot\u0105 stili\u0173. Blizgi balta apdaila praskaidrins erdv\u0119 ir pavers kasdienius virtuv\u0117s darbus tikru malonumu. Ji suteiks j\u016bs\u0173 virtuvei modern\u0173 ir gaiv\u0173 vaizd\u0105, kuris prad\u017eiugins kiekvien\u0105 sve\u010di\u0105.<\/p>","protected":false},"excerpt":{"rendered":"<p>Plotis (cm): 60<br \/>\n\u016agis (cm): 212<br \/>\nGylis (cm): 58<\/p>","protected":false},"featured_media":159536,"comment_status":"open","ping_status":"open","template":"","meta":[],"product_brand":[],"product_cat":[9445,4106],"product_tag":[],"class_list":{"0":"post-159535","1":"product","2":"type-product","3":"status-publish","4":"has-post-thumbnail","6":"product_cat-kitchen-system-aspen-white","7":"product_cat-gala-meble","9":"first","10":"instock","11":"purchasable","12":"product-type-simple"},"_links":{"self":[{"href":"https:\/\/baldumarket.lt\/lt\/wp-json\/wp\/v2\/product\/159535","targetHints":{"allow":["GET"]}}],"collection":[{"href":"https:\/\/baldumarket.lt\/lt\/wp-json\/wp\/v2\/product"}],"about":[{"href":"https:\/\/baldumarket.lt\/lt\/wp-json\/wp\/v2\/types\/product"}],"replies":[{"embeddable":true,"href":"https:\/\/baldumarket.lt\/lt\/wp-json\/wp\/v2\/comments?post=159535"}],"wp:featuredmedia":[{"embeddable":true,"href":"https:\/\/baldumarket.lt\/lt\/wp-json\/wp\/v2\/media\/159536"}],"wp:attachment":[{"href":"https:\/\/baldumarket.lt\/lt\/wp-json\/wp\/v2\/media?parent=159535"}],"wp:term":[{"taxonomy":"product_brand","embeddable":true,"href":"https:\/\/baldumarket.lt\/lt\/wp-json\/wp\/v2\/product_brand?post=159535"},{"taxonomy":"product_cat","embeddable":true,"href":"https:\/\/baldumarket.lt\/lt\/wp-json\/wp\/v2\/product_cat?post=159535"},{"taxonomy":"product_tag","embeddable":true,"href":"https:\/\/baldumarket.lt\/lt\/wp-json\/wp\/v2\/product_tag?post=159535"}],"curies":[{"name":"wp","href":"https:\/\/api.w.org\/{rel}","templated":true}]}}