{"id":159530,"date":"2025-12-19T00:40:30","date_gmt":"2025-12-18T21:40:30","guid":{"rendered":"https:\/\/baldumarket.lt\/product\/szafka-kuchenna-dolna-2-drzwiowa-zabudowa-lodowki-prawa-d60zl-p-prowansja-sosna-andersen-bialy-mat\/"},"modified":"2026-02-06T14:45:48","modified_gmt":"2026-02-06T11:45:48","slug":"szafka-kuchenna-dolna-2-drzwiowa-zabudowa-lodowki-prawa-d60zl-p-prowansja-sosna-andersen-bialy-mat","status":"publish","type":"product","link":"https:\/\/baldumarket.lt\/lt\/product\/szafka-kuchenna-dolna-2-drzwiowa-zabudowa-lodowki-prawa-d60zl-p-prowansja-sosna-andersen-bialy-mat\/","title":{"rendered":"Apatin\u0117 2 dur\u0173 virtuv\u0117s spintel\u0117 su \u0161aldytuvu, de\u0161in\u0117, D60ZL-P, provanso pu\u0161is, Andersen balta matin\u0117"},"content":{"rendered":"<p>Perkelkite savo virtuv\u0119 \u012f elegancijos ir funkcionalumo pasaul\u012f su m\u016bs\u0173 \u012fmontuojama \u0161aldytuvo spintele, sukurta galvojant apie i\u0161rankiausius klientus. \u0160i i\u0161skirtinai stilinga spintel\u0117 suteikia j\u016bs\u0173 interjerui nesenstan\u010dio \u017eavesio, derindama klasikin\u012f Anderseno pu\u0161ies ra\u0161t\u0105 su modernia, matine balta apdaila. Tai ne tik baldas, bet ir gero skonio bei d\u0117mesio detal\u0117ms i\u0161rai\u0161ka. D\u0117l subtilaus ir universalaus dizaino \u0161i spintel\u0117 puikiai dera prie \u012fvairi\u0173 virtuvi\u0173 \u2013 tiek klasikini\u0173, tiek moderni\u0173. Auk\u0161\u010diausios kokyb\u0117s med\u017eiag\u0173, toki\u0173 kaip MDF priekin\u0117 dalis ir tvirta, laminuota plok\u0161t\u0117 korpusui, naudojimas u\u017etikrina ne tik gra\u017ei\u0105 i\u0161vaizd\u0105, bet ir patvarum\u0105, kuris atlaikys daugel\u012f met\u0173 kasdienio naudojimo. Spintel\u0117 pagerina interjero estetik\u0105, pasl\u0117pdama \u0161aldytuv\u0105 u\u017e eleganti\u0161k\u0173 dureli\u0173, taip pad\u0117dama i\u0161laikyti harmonij\u0105 ir tvark\u0105 virtuv\u0117je. Unikali m\u016bs\u0173 spintel\u0117s savyb\u0117 \u2013 reguliuojamos kojel\u0117s, leid\u017eian\u010dios reguliuoti auk\u0161t\u012f pagal individualius poreikius \u2013 tai ne tik u\u017etikrina stabilum\u0105, bet ir supaprastina surinkim\u0105. Stilingos juodos metalin\u0117s rankenos suteikia spintelei charakterio ir modernumo, be to, yra ne\u012ftik\u0117tinai prakti\u0161kos kasdieniam naudojimui. Savaime u\u017esidarantys vyriai padidina komfort\u0105, u\u017etikrindami, kad durel\u0117s u\u017esidaryt\u0173 tyliai ir lengvai.<\/p>","protected":false},"excerpt":{"rendered":"<p>Plotis (cm): 60<br \/>\n\u016agis (cm): 212<br \/>\nGylis (cm): 58<\/p>","protected":false},"featured_media":159531,"comment_status":"open","ping_status":"open","template":"","meta":[],"product_brand":[],"product_cat":[9444,4106,9118],"product_tag":[],"class_list":{"0":"post-159530","1":"product","2":"type-product","3":"status-publish","4":"has-post-thumbnail","6":"product_cat-kitchen-system-prowansja-sosna-andersen","7":"product_cat-gala-meble","8":"product_cat-kitchen-cabinets","10":"first","11":"instock","12":"purchasable","13":"product-type-simple"},"_links":{"self":[{"href":"https:\/\/baldumarket.lt\/lt\/wp-json\/wp\/v2\/product\/159530","targetHints":{"allow":["GET"]}}],"collection":[{"href":"https:\/\/baldumarket.lt\/lt\/wp-json\/wp\/v2\/product"}],"about":[{"href":"https:\/\/baldumarket.lt\/lt\/wp-json\/wp\/v2\/types\/product"}],"replies":[{"embeddable":true,"href":"https:\/\/baldumarket.lt\/lt\/wp-json\/wp\/v2\/comments?post=159530"}],"wp:featuredmedia":[{"embeddable":true,"href":"https:\/\/baldumarket.lt\/lt\/wp-json\/wp\/v2\/media\/159531"}],"wp:attachment":[{"href":"https:\/\/baldumarket.lt\/lt\/wp-json\/wp\/v2\/media?parent=159530"}],"wp:term":[{"taxonomy":"product_brand","embeddable":true,"href":"https:\/\/baldumarket.lt\/lt\/wp-json\/wp\/v2\/product_brand?post=159530"},{"taxonomy":"product_cat","embeddable":true,"href":"https:\/\/baldumarket.lt\/lt\/wp-json\/wp\/v2\/product_cat?post=159530"},{"taxonomy":"product_tag","embeddable":true,"href":"https:\/\/baldumarket.lt\/lt\/wp-json\/wp\/v2\/product_tag?post=159530"}],"curies":[{"name":"wp","href":"https:\/\/api.w.org\/{rel}","templated":true}]}}