{"id":159525,"date":"2025-12-19T00:40:20","date_gmt":"2025-12-18T21:40:20","guid":{"rendered":"https:\/\/baldumarket.lt\/product\/szafka-kuchenna-dolna-2-drzwiowa-zabudowa-lodowki-prawa-d60zl-p-sycylia-andersen\/"},"modified":"2026-02-06T12:46:54","modified_gmt":"2026-02-06T09:46:54","slug":"szafka-kuchenna-dolna-2-drzwiowa-zabudowa-lodowki-prawa-d60zl-p-sycylia-andersen","status":"publish","type":"product","link":"https:\/\/baldumarket.lt\/lt\/product\/szafka-kuchenna-dolna-2-drzwiowa-zabudowa-lodowki-prawa-d60zl-p-sycylia-andersen\/","title":{"rendered":"Apatin\u0117 2 dur\u0173 virtuv\u0117s spintel\u0117 su \u0161aldytuvu de\u0161in\u0117je D60ZL-P Sicily Andersen"},"content":{"rendered":"<p>Atraskite elegancij\u0105 ir funkcionalum\u0105 savo virtuv\u0117je su dviej\u0173 dur\u0173 apatine \u201eSicylia Andersen\u201c spintele i\u0161 \u201eGa\u0142a Meble\u201c prek\u0117s \u017eenklo. \u0160i unikali spintel\u0117 si\u016blo ne tik vietos daiktams susid\u0117ti, bet ir \u017eavesio bei modernumo bet kuriai virtuvei. Ak\u012f traukiantis \u201eAndersen Pine\u201c dizainas puikiai papildo sant\u016bri\u0105 matin\u0119 balt\u0105 korpuso spalv\u0105, suteikdamas interjerui lengvumo ir erdvumo poj\u016bt\u012f. Subtilaus skandinavi\u0161ko stiliaus \u0161i spintel\u0117 puikiai dera tiek su moderniu, tiek su klasikiniu virtuv\u0117s dizainu. Tokios detal\u0117s kaip sidabrin\u0117s plastikin\u0117s ranken\u0117l\u0117s pabr\u0117\u017eia jos modernistin\u012f charakter\u012f ir u\u017etikrina patog\u0173 naudojim\u0105. Tai puikus pasirinkimas tiems, kurie vertina minimalistin\u0119 elegancij\u0105, derinam\u0105 su funkcionalumu. \u0160i 212 cm auk\u0161\u010dio apatin\u0117 \u012fmontuojamo \u0161aldytuvo spintel\u0117 yra ne tik esteti\u0161kai patraukli, bet ir prakti\u0161ka. Gerai apgalvotas vidaus i\u0161d\u0117stymas leid\u017eia tvarkingai laikyti \u012fvairius virtuv\u0117s reikmenis, gerokai supaprastinant kasdien\u012f maisto gaminim\u0105 ir palaikant tvark\u0105. Tai sumanus sprendimas, leid\u017eiantis ne tik laikyti virtuv\u0117s produktus, bet ir integruoti j\u0105 su \u0161aldytuvu.<\/p>","protected":false},"excerpt":{"rendered":"<p>Plotis (cm): 60<br \/>\n\u016agis (cm): 212<br \/>\nGylis (cm): 58<\/p>","protected":false},"featured_media":159526,"comment_status":"open","ping_status":"open","template":"","meta":[],"product_brand":[],"product_cat":[9440,9441,4106,9118],"product_tag":[],"class_list":{"0":"post-159525","1":"product","2":"type-product","3":"status-publish","4":"has-post-thumbnail","6":"product_cat-kitchen-system-sycylia-sosna-andersen","7":"product_cat-white","8":"product_cat-gala-meble","9":"product_cat-kitchen-cabinets","11":"first","12":"instock","13":"purchasable","14":"product-type-simple"},"_links":{"self":[{"href":"https:\/\/baldumarket.lt\/lt\/wp-json\/wp\/v2\/product\/159525","targetHints":{"allow":["GET"]}}],"collection":[{"href":"https:\/\/baldumarket.lt\/lt\/wp-json\/wp\/v2\/product"}],"about":[{"href":"https:\/\/baldumarket.lt\/lt\/wp-json\/wp\/v2\/types\/product"}],"replies":[{"embeddable":true,"href":"https:\/\/baldumarket.lt\/lt\/wp-json\/wp\/v2\/comments?post=159525"}],"wp:featuredmedia":[{"embeddable":true,"href":"https:\/\/baldumarket.lt\/lt\/wp-json\/wp\/v2\/media\/159526"}],"wp:attachment":[{"href":"https:\/\/baldumarket.lt\/lt\/wp-json\/wp\/v2\/media?parent=159525"}],"wp:term":[{"taxonomy":"product_brand","embeddable":true,"href":"https:\/\/baldumarket.lt\/lt\/wp-json\/wp\/v2\/product_brand?post=159525"},{"taxonomy":"product_cat","embeddable":true,"href":"https:\/\/baldumarket.lt\/lt\/wp-json\/wp\/v2\/product_cat?post=159525"},{"taxonomy":"product_tag","embeddable":true,"href":"https:\/\/baldumarket.lt\/lt\/wp-json\/wp\/v2\/product_tag?post=159525"}],"curies":[{"name":"wp","href":"https:\/\/api.w.org\/{rel}","templated":true}]}}