{"id":159520,"date":"2025-12-19T00:40:10","date_gmt":"2025-12-18T21:40:10","guid":{"rendered":"https:\/\/baldumarket.lt\/product\/szafka-kuchenna-dolna-2-drzwiowa-zabudowa-lodowki-prawa-d60zl-p-sycylia-orzech\/"},"modified":"2026-02-06T14:32:35","modified_gmt":"2026-02-06T11:32:35","slug":"szafka-kuchenna-dolna-2-drzwiowa-zabudowa-lodowki-prawa-d60zl-p-sycylia-orzech","status":"publish","type":"product","link":"https:\/\/baldumarket.lt\/lt\/product\/szafka-kuchenna-dolna-2-drzwiowa-zabudowa-lodowki-prawa-d60zl-p-sycylia-orzech\/","title":{"rendered":"Apatin\u0117 2 dur\u0173 virtuv\u0117s spintel\u0117 su \u0161aldytuvu de\u0161in\u0117je D60ZL-P Sicily Walnut"},"content":{"rendered":"<p>Atraskite elegancij\u0105 ir rafinuotum\u0105 su m\u016bs\u0173 pagrindine virtuv\u0117s spintele \u2013 puikiu bet kurios modernios virtuv\u0117s papildymu. Subtilus Milano rie\u0161uto atspalvis suteikia interjerui \u0161ilumos ir nat\u016bralios elegancijos, patraukdamas ak\u012f nuo pat pirmos akimirkos. Priekin\u0117 dalis, pagaminta i\u0161 auk\u0161\u010diausios kokyb\u0117s MDF plok\u0161t\u0117s, pabr\u0117\u017eia jos tvirtum\u0105 ir ilgaam\u017ei\u0161kum\u0105, kartu suteikdama prabangi\u0105 apdail\u0105, kuri patenkins net ir i\u0161rankiausi\u0105 skon\u012f. \u0160ios spintel\u0117s funkcionalumas pranoksta j\u016bs\u0173 vaizduot\u0119. Apgalvotas dizainas u\u017etikrina ne tik estetin\u0119 harmonij\u0105, bet ir prakti\u0161kum\u0105, kurio tikit\u0117s i\u0161 auk\u0161\u010diausios kokyb\u0117s virtuv\u0117s bald\u0173. Patogios ir ergonomi\u0161kos rankenos, pagamintos i\u0161 plastiko su sidabriniu blizgesiu, suteikia spintelei modernumo, puikiai papildydamos jos nat\u016bralias linijas. \u0160i spintel\u0117, suderinama su \u012fmontuojamais \u0161aldytuvais, yra puikus sprendimas organizuotai virtuv\u0117s erdvei. Ji leid\u017eia tvarkingai ir sumaniai i\u0161naudoti turim\u0105 erdv\u0119, o tai ypa\u010d svarbu ma\u017eesniuose interjeruose. Stilius ir funkcionalumas \u010dia dera tarpusavyje, sukuriant darn\u0173, ta\u010diau itin \u012fsp\u016bding\u0105 dizain\u0105, suteikiant\u012f virtuvei profesionali\u0105 i\u0161vaizd\u0105.<\/p>","protected":false},"excerpt":{"rendered":"<p>Plotis (cm): 60<br \/>\n\u016agis (cm): 212<br \/>\nGylis (cm): 58<\/p>","protected":false},"featured_media":159521,"comment_status":"open","ping_status":"open","template":"","meta":[],"product_brand":[],"product_cat":[9450,4106,9118],"product_tag":[],"class_list":{"0":"post-159520","1":"product","2":"type-product","3":"status-publish","4":"has-post-thumbnail","6":"product_cat-kitchen-system-sycylia-orzech-milano","7":"product_cat-gala-meble","8":"product_cat-kitchen-cabinets","10":"first","11":"instock","12":"purchasable","13":"product-type-simple"},"_links":{"self":[{"href":"https:\/\/baldumarket.lt\/lt\/wp-json\/wp\/v2\/product\/159520","targetHints":{"allow":["GET"]}}],"collection":[{"href":"https:\/\/baldumarket.lt\/lt\/wp-json\/wp\/v2\/product"}],"about":[{"href":"https:\/\/baldumarket.lt\/lt\/wp-json\/wp\/v2\/types\/product"}],"replies":[{"embeddable":true,"href":"https:\/\/baldumarket.lt\/lt\/wp-json\/wp\/v2\/comments?post=159520"}],"wp:featuredmedia":[{"embeddable":true,"href":"https:\/\/baldumarket.lt\/lt\/wp-json\/wp\/v2\/media\/159521"}],"wp:attachment":[{"href":"https:\/\/baldumarket.lt\/lt\/wp-json\/wp\/v2\/media?parent=159520"}],"wp:term":[{"taxonomy":"product_brand","embeddable":true,"href":"https:\/\/baldumarket.lt\/lt\/wp-json\/wp\/v2\/product_brand?post=159520"},{"taxonomy":"product_cat","embeddable":true,"href":"https:\/\/baldumarket.lt\/lt\/wp-json\/wp\/v2\/product_cat?post=159520"},{"taxonomy":"product_tag","embeddable":true,"href":"https:\/\/baldumarket.lt\/lt\/wp-json\/wp\/v2\/product_tag?post=159520"}],"curies":[{"name":"wp","href":"https:\/\/api.w.org\/{rel}","templated":true}]}}