{"id":159515,"date":"2025-12-19T00:39:59","date_gmt":"2025-12-18T21:39:59","guid":{"rendered":"https:\/\/baldumarket.lt\/product\/szafka-kuchenna-dolna-2-drzwiowa-zabudowa-piekarnika-d60p-p-l-linea-grey-szary-mat\/"},"modified":"2026-02-18T11:34:50","modified_gmt":"2026-02-18T08:34:50","slug":"szafka-kuchenna-dolna-2-drzwiowa-zabudowa-piekarnika-d60p-p-l-linea-grey-szary-mat","status":"publish","type":"product","link":"https:\/\/baldumarket.lt\/lt\/product\/szafka-kuchenna-dolna-2-drzwiowa-zabudowa-piekarnika-d60p-p-l-linea-grey-szary-mat\/","title":{"rendered":"Apatin\u0117 2 dur\u0173 virtuv\u0117s spintel\u0117 su orkaite D60P P\/L Linea pilka matin\u0117"},"content":{"rendered":"<p>Atraskite unikali\u0105 \u017eemesn\u0119 virtuv\u0117s spintel\u0119, kuri ne tik \u017eavi moderniu stiliumi, bet, svarbiausia, funkcionalumu. \u201eGa\u0142a Meble\u201c pristato \u201eLinea Grey\u201c serijos model\u012f, puikiai tinkant\u012f modernioms virtuv\u0117ms. D\u0117l blizgi\u0173 pilk\u0173 fasad\u0173 spintel\u0117 suteikia bet kokiam interjerui gaivumo ir elegancijos, suteikdama kiekvienai virtuvei unikal\u0173 charakter\u012f. Pagaminta i\u0161 patvarios MDF plok\u0161t\u0117s, spintel\u0117 puikiai tinka kasdieniam naudojimui, i\u0161laikant estetin\u0119 i\u0161vaizd\u0105 ilgus metus. Viduje pasl\u0117pta vieta orkaitei, tod\u0117l tai yra b\u016btinas elementas visiems, svajojantiems apie stiling\u0105 ir ergonomi\u0161kai organizuot\u0105 erdv\u0119. Matin\u0117 balta spintel\u0117s korpuso spalva puikiai dera su blizgiais pilkais fasadais, sukurdama visi\u0161kai nauj\u0105 kokyb\u0119 ir unikal\u0173 dizain\u0105. Paprastos \u0161io modelio linijos ir subalansuotos proporcijos garantuoja, kad spintel\u0117 puikiai papildys kitus virtuv\u0117s elementus ir taps d\u0117mesio centru. Reguliuojamos kojel\u0117s leid\u017eia reguliuoti auk\u0161t\u012f, u\u017etikrinant stabilum\u0105 ant bet kokio pavir\u0161iaus. Patog\u016bs, savaime u\u017esidarantys vyriai ir kreiptuvai yra kiti elementai, kurie padidina naudojimo komfort\u0105, pa\u0161alina nemalon\u0173 triuk\u0161m\u0105 ir palengvina kasdien\u012f darb\u0105 virtuv\u0117je.<\/p>","protected":false},"excerpt":{"rendered":"<p>Plotis (cm): 60<br \/>\n\u016agis (cm): 212<br \/>\nGylis (cm): 58<\/p>","protected":false},"featured_media":159516,"comment_status":"open","ping_status":"open","template":"","meta":[],"product_brand":[],"product_cat":[9446,4106],"product_tag":[],"class_list":{"0":"post-159515","1":"product","2":"type-product","3":"status-publish","4":"has-post-thumbnail","6":"product_cat-kitchen-system-linea-white","7":"product_cat-gala-meble","9":"first","10":"instock","11":"purchasable","12":"product-type-simple"},"_links":{"self":[{"href":"https:\/\/baldumarket.lt\/lt\/wp-json\/wp\/v2\/product\/159515","targetHints":{"allow":["GET"]}}],"collection":[{"href":"https:\/\/baldumarket.lt\/lt\/wp-json\/wp\/v2\/product"}],"about":[{"href":"https:\/\/baldumarket.lt\/lt\/wp-json\/wp\/v2\/types\/product"}],"replies":[{"embeddable":true,"href":"https:\/\/baldumarket.lt\/lt\/wp-json\/wp\/v2\/comments?post=159515"}],"wp:featuredmedia":[{"embeddable":true,"href":"https:\/\/baldumarket.lt\/lt\/wp-json\/wp\/v2\/media\/159516"}],"wp:attachment":[{"href":"https:\/\/baldumarket.lt\/lt\/wp-json\/wp\/v2\/media?parent=159515"}],"wp:term":[{"taxonomy":"product_brand","embeddable":true,"href":"https:\/\/baldumarket.lt\/lt\/wp-json\/wp\/v2\/product_brand?post=159515"},{"taxonomy":"product_cat","embeddable":true,"href":"https:\/\/baldumarket.lt\/lt\/wp-json\/wp\/v2\/product_cat?post=159515"},{"taxonomy":"product_tag","embeddable":true,"href":"https:\/\/baldumarket.lt\/lt\/wp-json\/wp\/v2\/product_tag?post=159515"}],"curies":[{"name":"wp","href":"https:\/\/api.w.org\/{rel}","templated":true}]}}