{"id":159511,"date":"2025-12-19T00:39:51","date_gmt":"2025-12-18T21:39:51","guid":{"rendered":"https:\/\/baldumarket.lt\/product\/szafka-kuchenna-dolna-2-drzwiowa-zabudowa-piekarnika-i-mikrofalowki-d60pm-p-l-langen-artisan\/"},"modified":"2026-02-18T11:26:32","modified_gmt":"2026-02-18T08:26:32","slug":"szafka-kuchenna-dolna-2-drzwiowa-zabudowa-piekarnika-i-mikrofalowki-d60pm-p-l-langen-artisan","status":"publish","type":"product","link":"https:\/\/baldumarket.lt\/lt\/product\/szafka-kuchenna-dolna-2-drzwiowa-zabudowa-piekarnika-i-mikrofalowki-d60pm-p-l-langen-artisan\/","title":{"rendered":"Apatin\u0117 2 dur\u0173 virtuv\u0117s spintel\u0117 su orkaite ir mikrobang\u0173 krosnele D60PM P\/L Langen Artisan"},"content":{"rendered":"<p>Atraskite subtil\u0173 \u017eaves\u012f ir ne\u012ftik\u0117tin\u0105 \u201eLangen Artisan\u201c 2 dur\u0173 apatin\u0117s virtuv\u0117s spintel\u0117s su \u012fmontuota orkaite ir mikrobang\u0173 krosnele funkcionalum\u0105. \u0160is eleganti\u0161kas spintelis suteiks j\u016bs\u0173 virtuvei unikal\u0173 stili\u0173 d\u0117l savo \u201eArtisan Oak\u201c apdailos, kuri puikiai dera prie modernaus interjero, suteikdama erdvei \u0161ilumos ir harmonijos.<\/p>\n<p>D\u0117l apgalvoto dizaino orkait\u0117s ir mikrobang\u0173 krosnel\u0117s erdv\u0117 yra ne tik prakti\u0161ka, bet ir esteti\u0161kai patraukli. Laminuotos plok\u0161t\u0117s, naudojamos priekiams ir korpusui, ne tik garantuoja ilgaam\u017ei\u0161kum\u0105, bet ir u\u017etikrina lengv\u0105 valym\u0105 \u2013 tai \u012fvertins visi.<\/p>\n<p>Reguliuojamos kojel\u0117s leid\u017eia lengvai reguliuoti auk\u0161t\u012f nuo 10 cm iki 12,5 cm, u\u017etikrinant stabilum\u0105 net ant nelygi\u0173 grind\u0173. Klasikin\u0117s juodos metalin\u0117s rankenos arba ranken\u0117l\u0117s neturin\u010dios paspaudimo atidarymo sistemos pasirinkimas suteikia lankstumo, tod\u0117l \u0161is baldas gali prisitaikyti prie j\u016bs\u0173 pageidavim\u0173 ir visos virtuv\u0117s stiliaus.<\/p>\n<p>\u0160ios spintel\u0117s surinkimas patiems neu\u017eima daug laiko ir suteikia pasitenkinim\u0105 ne tik rezultatu, bet ir pasiekimo jausm\u0105. Jos matmenys, tinkami standartinei virtuvei (60 cm plo\u010dio, 58 cm gylio, 212 cm auk\u0161\u010dio), leid\u017eia maksimaliai i\u0161naudoti erdv\u0119 nejau\u010diant per didelio kr\u016bvio. Su \u0161ia spintele j\u016bs\u0173 virtuv\u0117 taps \u012fkvepian\u010dia vieta kulinariniams eksperimentams.<\/p>","protected":false},"excerpt":{"rendered":"<p>Plotis (cm): 60<br \/>\n\u016agis (cm): 212<br \/>\nGylis (cm): 58<\/p>","protected":false},"featured_media":159512,"comment_status":"open","ping_status":"open","template":"","meta":[],"product_brand":[],"product_cat":[9442,4106],"product_tag":[],"class_list":{"0":"post-159511","1":"product","2":"type-product","3":"status-publish","4":"has-post-thumbnail","6":"product_cat-kitchen-system-langen-dab-artisan","7":"product_cat-gala-meble","9":"first","10":"instock","11":"purchasable","12":"product-type-simple"},"_links":{"self":[{"href":"https:\/\/baldumarket.lt\/lt\/wp-json\/wp\/v2\/product\/159511","targetHints":{"allow":["GET"]}}],"collection":[{"href":"https:\/\/baldumarket.lt\/lt\/wp-json\/wp\/v2\/product"}],"about":[{"href":"https:\/\/baldumarket.lt\/lt\/wp-json\/wp\/v2\/types\/product"}],"replies":[{"embeddable":true,"href":"https:\/\/baldumarket.lt\/lt\/wp-json\/wp\/v2\/comments?post=159511"}],"wp:featuredmedia":[{"embeddable":true,"href":"https:\/\/baldumarket.lt\/lt\/wp-json\/wp\/v2\/media\/159512"}],"wp:attachment":[{"href":"https:\/\/baldumarket.lt\/lt\/wp-json\/wp\/v2\/media?parent=159511"}],"wp:term":[{"taxonomy":"product_brand","embeddable":true,"href":"https:\/\/baldumarket.lt\/lt\/wp-json\/wp\/v2\/product_brand?post=159511"},{"taxonomy":"product_cat","embeddable":true,"href":"https:\/\/baldumarket.lt\/lt\/wp-json\/wp\/v2\/product_cat?post=159511"},{"taxonomy":"product_tag","embeddable":true,"href":"https:\/\/baldumarket.lt\/lt\/wp-json\/wp\/v2\/product_tag?post=159511"}],"curies":[{"name":"wp","href":"https:\/\/api.w.org\/{rel}","templated":true}]}}