{"id":159507,"date":"2025-12-19T00:39:43","date_gmt":"2025-12-18T21:39:43","guid":{"rendered":"https:\/\/baldumarket.lt\/product\/szafka-kuchenna-dolna-2-drzwiowa-zabudowa-piekarnika-i-mikrofalowki-d60pm-p-l-langen-grey\/"},"modified":"2026-02-08T10:01:59","modified_gmt":"2026-02-08T07:01:59","slug":"szafka-kuchenna-dolna-2-drzwiowa-zabudowa-piekarnika-i-mikrofalowki-d60pm-p-l-langen-grey","status":"publish","type":"product","link":"https:\/\/baldumarket.lt\/lt\/product\/szafka-kuchenna-dolna-2-drzwiowa-zabudowa-piekarnika-i-mikrofalowki-d60pm-p-l-langen-grey\/","title":{"rendered":"Apatin\u0117 2 dur\u0173 virtuv\u0117s spintel\u0117 su orkaite ir mikrobang\u0173 krosnele, D60PM, pilka, pilka"},"content":{"rendered":"<p>Atraskite modernum\u0105 ir funkcionalum\u0105 viename i\u0161 unikali\u0173 \u201eGa\u0142a Meble\u201c virtuv\u0117s sprendim\u0173 \u2013 apatin\u0117je \u201eLangen Grey D60PM P\/L\u201c virtuv\u0117s spintel\u0117je su integruota orkaite ir mikrobang\u0173 krosnele. Sukurta atsi\u017evelgiant \u012f \u0161iuolaikinio interjero reikalavimus, ji i\u0161siskiria subtiliu MDF priekiu su eleganti\u0161ka, matin\u0117s pilkos spalvos apdaila. \u0160is baldas papildys j\u016bs\u0173 virtuv\u0119, sukurdamas darni\u0105 ir harmoning\u0105 aplink\u0105, kurioje maisto gaminimas taps malonumu.<\/p>\n<p>\u201eLangen Grey\u201c spintel\u0117 yra ne tik gra\u017ei, bet ir prakti\u0161ka. Su integruota orkaite ir mikrobang\u0173 krosnele kasdien\u0117s maisto gaminimo u\u017eduotys tampa daug lengvesn\u0117s, o j\u016bs\u0173 prietaisai yra lengvai pasiekiami. Ji derina apgalvot\u0105 dizain\u0105 su ne\u012fkainojamu funkcionalumu, leid\u017eian\u010diu patogiai laikyti visus svarbiausius prietaisus vienoje vietoje. Kartu su laminato plok\u0161t\u0117s patvarumu \u0161i spintel\u0117 tarnaus daugel\u012f met\u0173, tod\u0117l tai puikus pasirinkimas bet kuriai virtuvei.<\/p>\n<p>\u0160ioje spintel\u0117je panaudotos spalvos \u2013 matin\u0117s pilkos spalvos priekis ir meni\u0161ko \u0105\u017euolo korpusas \u2013 suteikia j\u016bs\u0173 virtuvei lengvo elegancijos ir \u0161ilto, jaukaus poj\u016b\u010dio. Spintel\u0117 taip pat gali b\u016bti su reguliuojamo auk\u0161\u010dio kojel\u0117mis, tod\u0117l ji tilps beveik bet kokioje erdv\u0117je ir pad\u0117s i\u0161laikyti lyg\u0173 pavir\u0161i\u0173.<\/p>\n<p>D60PM P\/L spintel\u0117 sukurta patogiam naudojimui \u2013 j\u0105 galite surinkti patys, o tai rei\u0161kia, kad pritaikymas ir suasmeninimas yra ranka pasiekiami. Rinkit\u0117s klasikines juodas metalines rankenas arba m\u0117gaukit\u0117s modernia, be ranken\u0117li\u0173 veikian\u010dia atidarymo sistema. \u0160i spintel\u0117 yra ne tik funkcionali, bet ir sukuria i\u0161skirtin\u012f akcent\u0105 j\u016bs\u0173 interjere, atkreipdama d\u0117mes\u012f savo unikalumu ir stiliumi.<\/p>","protected":false},"excerpt":{"rendered":"<p>Plotis (cm): 60<br \/>\n\u016agis (cm): 212<br \/>\nGylis (cm): 58<\/p>","protected":false},"featured_media":159508,"comment_status":"open","ping_status":"open","template":"","meta":[],"product_brand":[],"product_cat":[9442,4106,9118],"product_tag":[],"class_list":{"0":"post-159507","1":"product","2":"type-product","3":"status-publish","4":"has-post-thumbnail","6":"product_cat-kitchen-system-langen-dab-artisan","7":"product_cat-gala-meble","8":"product_cat-kitchen-cabinets","10":"first","11":"instock","12":"purchasable","13":"product-type-simple"},"_links":{"self":[{"href":"https:\/\/baldumarket.lt\/lt\/wp-json\/wp\/v2\/product\/159507","targetHints":{"allow":["GET"]}}],"collection":[{"href":"https:\/\/baldumarket.lt\/lt\/wp-json\/wp\/v2\/product"}],"about":[{"href":"https:\/\/baldumarket.lt\/lt\/wp-json\/wp\/v2\/types\/product"}],"replies":[{"embeddable":true,"href":"https:\/\/baldumarket.lt\/lt\/wp-json\/wp\/v2\/comments?post=159507"}],"wp:featuredmedia":[{"embeddable":true,"href":"https:\/\/baldumarket.lt\/lt\/wp-json\/wp\/v2\/media\/159508"}],"wp:attachment":[{"href":"https:\/\/baldumarket.lt\/lt\/wp-json\/wp\/v2\/media?parent=159507"}],"wp:term":[{"taxonomy":"product_brand","embeddable":true,"href":"https:\/\/baldumarket.lt\/lt\/wp-json\/wp\/v2\/product_brand?post=159507"},{"taxonomy":"product_cat","embeddable":true,"href":"https:\/\/baldumarket.lt\/lt\/wp-json\/wp\/v2\/product_cat?post=159507"},{"taxonomy":"product_tag","embeddable":true,"href":"https:\/\/baldumarket.lt\/lt\/wp-json\/wp\/v2\/product_tag?post=159507"}],"curies":[{"name":"wp","href":"https:\/\/api.w.org\/{rel}","templated":true}]}}