{"id":159503,"date":"2025-12-19T00:39:35","date_gmt":"2025-12-18T21:39:35","guid":{"rendered":"https:\/\/baldumarket.lt\/product\/szafka-kuchenna-dolna-2-drzwiowa-zabudowa-piekarnika-lewa-d60p-l-aspen-grey-szary-polysk\/"},"modified":"2026-02-06T19:54:30","modified_gmt":"2026-02-06T16:54:30","slug":"szafka-kuchenna-dolna-2-drzwiowa-zabudowa-piekarnika-lewa-d60p-l-aspen-grey-szary-polysk","status":"publish","type":"product","link":"https:\/\/baldumarket.lt\/lt\/product\/szafka-kuchenna-dolna-2-drzwiowa-zabudowa-piekarnika-lewa-d60p-l-aspen-grey-szary-polysk\/","title":{"rendered":"Apatin\u0117 2 dur\u0173 virtuv\u0117s spintel\u0117 su orkaite, kair\u0117, D60P-L, drebul\u0117s pilka, blizgi"},"content":{"rendered":"<p>Atraskite elegancij\u0105, slypin\u010di\u0105 paprastume, su m\u016bs\u0173 pagrindine virtuv\u0117s spintele, sukurta specialiai \u012fmontuojamoms orkait\u0117ms. \u201eAspen Grey\u201c kolekcija \u2013 puikus sprendimas tiems, kurie ie\u0161ko moderni\u0173 akcent\u0173 savo virtuv\u0117je. Blizgus pilkas fasadas ne tik suteikia elegancijos, bet ir puikiai dera su kitomis spalvomis ir med\u017eiagomis. Kartu jie sukuria harmonijos ir \u0161viesos kupin\u0105 erdv\u0119, pagerindami viso interjero estetik\u0105.<\/p>\n<p>\u201eGa\u0142a Meble\u201c spintel\u0117 pasi\u017eymi ne tik nuostabia i\u0161vaizda, bet ir patogumu. D\u0117l reguliuojam\u0173 kojeli\u0173 galite puikiai pritaikyti auk\u0161t\u012f pagal savo poreikius, o tai ypa\u010d svarbu kasdien naudojant. \u0160is baldas patenkins net ir reikliausi\u0173 vir\u0117j\u0173 l\u016bkes\u010dius, derindamas funkcionalum\u0105 su rafinuotu dizainu.<\/p>\n<p>Spintel\u0117s viduje slypi staigmena: prakti\u0161ki sprendimai, supaprastinantys maisto gaminim\u0105 ir laikym\u0105. Vidin\u0117 erdv\u0117 suprojektuota taip, kad tilpt\u0173 orkait\u0117 ir papildomi priedai, tod\u0117l virtuv\u0117s erdv\u0117 i\u0161naudojama efektyviai. Be to, savaime u\u017esidarantys vyriai u\u017etikrina tyl\u0173 ir skland\u0173 dureli\u0173 veikim\u0105, o tai \u017eymiai padidina kasdienio naudojimo komfort\u0105.<\/p>\n<p>Rinkit\u0117s kokyb\u0119 ir stili\u0173 su \u201eAspen Grey\u201c spintele, pagaminta i\u0161 tvirt\u0173 med\u017eiag\u0173 \u2013 MDF priekin\u0117s dalies ir laminuotos plok\u0161t\u0117s korpuso. \u0160ios patvarios med\u017eiagos daro \u0161\u012f bald\u0105 ne tik gra\u017e\u0173, bet ir atspar\u0173 pa\u017eeidimams bei dr\u0117gmei, o tai labai svarbu virtuv\u0117s aplinkoje.<\/p>\n<p>Rinkit\u0117s gamin\u012f, kuris derina stiling\u0105 dizain\u0105 ir funkcionalum\u0105. \u201eGa\u0142a Meble\u201c spintel\u0117 \u2013 tai investicija \u012f j\u016bs\u0173 virtuv\u0117s gro\u017e\u012f, komfort\u0105 ir efektyvum\u0105. \u012esitikinkite patys, kaip lengvai galite pakeisti savo interjer\u0105 su \u0161iuo unikaliu baldu!<\/p>","protected":false},"excerpt":{"rendered":"<p>Plotis (cm): 60<br \/>\n\u016agis (cm): 212<br \/>\nGylis (cm): 58<\/p>","protected":false},"featured_media":159504,"comment_status":"open","ping_status":"open","template":"","meta":[],"product_brand":[],"product_cat":[9451,4106,9118],"product_tag":[],"class_list":{"0":"post-159503","1":"product","2":"type-product","3":"status-publish","4":"has-post-thumbnail","6":"product_cat-kitchen-system-aspen-grey","7":"product_cat-gala-meble","8":"product_cat-kitchen-cabinets","10":"first","11":"instock","12":"purchasable","13":"product-type-simple"},"_links":{"self":[{"href":"https:\/\/baldumarket.lt\/lt\/wp-json\/wp\/v2\/product\/159503","targetHints":{"allow":["GET"]}}],"collection":[{"href":"https:\/\/baldumarket.lt\/lt\/wp-json\/wp\/v2\/product"}],"about":[{"href":"https:\/\/baldumarket.lt\/lt\/wp-json\/wp\/v2\/types\/product"}],"replies":[{"embeddable":true,"href":"https:\/\/baldumarket.lt\/lt\/wp-json\/wp\/v2\/comments?post=159503"}],"wp:featuredmedia":[{"embeddable":true,"href":"https:\/\/baldumarket.lt\/lt\/wp-json\/wp\/v2\/media\/159504"}],"wp:attachment":[{"href":"https:\/\/baldumarket.lt\/lt\/wp-json\/wp\/v2\/media?parent=159503"}],"wp:term":[{"taxonomy":"product_brand","embeddable":true,"href":"https:\/\/baldumarket.lt\/lt\/wp-json\/wp\/v2\/product_brand?post=159503"},{"taxonomy":"product_cat","embeddable":true,"href":"https:\/\/baldumarket.lt\/lt\/wp-json\/wp\/v2\/product_cat?post=159503"},{"taxonomy":"product_tag","embeddable":true,"href":"https:\/\/baldumarket.lt\/lt\/wp-json\/wp\/v2\/product_tag?post=159503"}],"curies":[{"name":"wp","href":"https:\/\/api.w.org\/{rel}","templated":true}]}}