{"id":159500,"date":"2025-12-19T00:39:29","date_gmt":"2025-12-18T21:39:29","guid":{"rendered":"https:\/\/baldumarket.lt\/product\/szafka-kuchenna-dolna-2-drzwiowa-zabudowa-piekarnika-lewa-d60p-l-aspen-white-bialy-polysk\/"},"modified":"2026-02-06T13:20:20","modified_gmt":"2026-02-06T10:20:20","slug":"szafka-kuchenna-dolna-2-drzwiowa-zabudowa-piekarnika-lewa-d60p-l-aspen-white-bialy-polysk","status":"publish","type":"product","link":"https:\/\/baldumarket.lt\/lt\/product\/szafka-kuchenna-dolna-2-drzwiowa-zabudowa-piekarnika-lewa-d60p-l-aspen-white-bialy-polysk\/","title":{"rendered":"Apatin\u0117 2 dur\u0173 virtuv\u0117s spintel\u0117 su orkaite, kair\u0117, D60P-L, drebul\u0117s balta, blizgi"},"content":{"rendered":"<p>\u012esivaizduokite virtuv\u0119, kuri \u017eavi ne tik eleganti\u0161ka i\u0161vaizda, bet ir j\u016bs\u0173 poreikius atitinkan\u010diu funkcionalumu. \u201eAspen White\u201c dviej\u0173 dureli\u0173 apatin\u0117 virtuv\u0117s spintel\u0117 orkaitei i\u0161 \u201eGa\u0142a Meble\u201c \u2013 tai tobulas modernaus dizaino ir prakti\u0161k\u0173 sprendim\u0173 derinys. Baltas blizgesys suteikia interjerui gaivumo ir atvirumo poj\u016bt\u012f, puikiai dera su \u0161viesiomis erdv\u0117mis.<\/p>\n<p>D\u0117l rafinuoto med\u017eiag\u0173 derinio, tokio kaip MDF priekin\u0117 dalis ir laminuota korpusas, \u201eAspen White\u201c spintel\u0117 yra patvari ir lengvai valoma. Estetinis dizaino paprastumas leid\u017eia j\u0105 lengvai pritaikyti prie \u012fvairi\u0173 virtuv\u0117s stili\u0173 \u2013 nuo minimalistinio iki klasikinio. Tobula blizgaus priekio ir matinio korpuso apdailos harmonija sukuria subtilius, ta\u010diau ne\u012ftik\u0117tinai stilingus kontrastus.<\/p>\n<p>Prakti\u0161ki spintel\u0117s matmenys \u2013 60 cm plo\u010dio ir 212 cm auk\u0161\u010dio \u2013 leid\u017eia maksimaliai i\u0161naudoti erdv\u0119 net ir ma\u017eesn\u0117se virtuv\u0117se. Puikiai tinka \u012fmontuojamoms orkait\u0117ms, ji leid\u017eia patogiai ruo\u0161ti maist\u0105 neprarandant kambario estetikos. Reguliuojamos kojel\u0117s leid\u017eia lengvai reguliuoti auk\u0161t\u012f, o tai ypa\u010d naudinga nelygioms grindims.<\/p>\n<p>\u201eAspen White\u201c spintel\u0119 lengva surinkti patiems, tod\u0117l gal\u0117site greitai ir lengvai m\u0117gautis savo nauja virtuve. Savaime u\u017esidarantys vyriai u\u017etikrina skland\u0173 dureli\u0173 atidarym\u0105 ir pabr\u0117\u017eia modern\u0173 vaizd\u0105 bei komfort\u0105. \u0160ios spintel\u0117s pasirinkimas \u2013 tai investicija \u012f j\u016bs\u0173 virtuv\u0117s erdv\u0117s kokyb\u0119 ir stili\u0173.<\/p>","protected":false},"excerpt":{"rendered":"<p>Plotis (cm): 60<br \/>\n\u016agis (cm): 212<br \/>\nGylis (cm): 58<\/p>","protected":false},"featured_media":159501,"comment_status":"open","ping_status":"open","template":"","meta":[],"product_brand":[],"product_cat":[9445,4106,9118],"product_tag":[],"class_list":{"0":"post-159500","1":"product","2":"type-product","3":"status-publish","4":"has-post-thumbnail","6":"product_cat-kitchen-system-aspen-white","7":"product_cat-gala-meble","8":"product_cat-kitchen-cabinets","10":"first","11":"instock","12":"purchasable","13":"product-type-simple"},"_links":{"self":[{"href":"https:\/\/baldumarket.lt\/lt\/wp-json\/wp\/v2\/product\/159500","targetHints":{"allow":["GET"]}}],"collection":[{"href":"https:\/\/baldumarket.lt\/lt\/wp-json\/wp\/v2\/product"}],"about":[{"href":"https:\/\/baldumarket.lt\/lt\/wp-json\/wp\/v2\/types\/product"}],"replies":[{"embeddable":true,"href":"https:\/\/baldumarket.lt\/lt\/wp-json\/wp\/v2\/comments?post=159500"}],"wp:featuredmedia":[{"embeddable":true,"href":"https:\/\/baldumarket.lt\/lt\/wp-json\/wp\/v2\/media\/159501"}],"wp:attachment":[{"href":"https:\/\/baldumarket.lt\/lt\/wp-json\/wp\/v2\/media?parent=159500"}],"wp:term":[{"taxonomy":"product_brand","embeddable":true,"href":"https:\/\/baldumarket.lt\/lt\/wp-json\/wp\/v2\/product_brand?post=159500"},{"taxonomy":"product_cat","embeddable":true,"href":"https:\/\/baldumarket.lt\/lt\/wp-json\/wp\/v2\/product_cat?post=159500"},{"taxonomy":"product_tag","embeddable":true,"href":"https:\/\/baldumarket.lt\/lt\/wp-json\/wp\/v2\/product_tag?post=159500"}],"curies":[{"name":"wp","href":"https:\/\/api.w.org\/{rel}","templated":true}]}}