{"id":159495,"date":"2025-12-19T00:39:18","date_gmt":"2025-12-18T21:39:18","guid":{"rendered":"https:\/\/baldumarket.lt\/product\/szafka-kuchenna-dolna-2-drzwiowa-zabudowa-piekarnika-lewa-d60p-l-prowansja-sosna-andersen-bialy-mat\/"},"modified":"2026-02-06T14:45:48","modified_gmt":"2026-02-06T11:45:48","slug":"szafka-kuchenna-dolna-2-drzwiowa-zabudowa-piekarnika-lewa-d60p-l-prowansja-sosna-andersen-bialy-mat","status":"publish","type":"product","link":"https:\/\/baldumarket.lt\/lt\/product\/szafka-kuchenna-dolna-2-drzwiowa-zabudowa-piekarnika-lewa-d60p-l-prowansja-sosna-andersen-bialy-mat\/","title":{"rendered":"Apatin\u0117 2 dur\u0173 virtuv\u0117s spintel\u0117 su orkaite, kair\u0117, D60P-L Provanso pu\u0161is, Andersen balta matin\u0117"},"content":{"rendered":"<p>Kai norite savo virtuvei suteikti skoning\u0105 ir funkcionali\u0105 atmosfer\u0105, \u201eProvanso\u201c stiliaus apatin\u0117 virtuv\u0117s spintel\u0117 su \u012fmontuojama orkaite yra puikus pasirinkimas, suteiksiantis j\u016bs\u0173 interjerui unikalumo. Anderseno pu\u0161ies atspalvis kartu su subtilia matine balta spalva sukuria harmoning\u0105 derin\u012f, kuris bet kuriai virtuvei suteiks gaivumo ir elegancijos. Provanso stilius primena pastorali\u0161k\u0105, pranc\u016bzi\u0161k\u0105 \u017eaves\u012f, kuris laik\u0105 virtuv\u0117je paver\u010dia tikru malonumu. \u0160i spintel\u0117 ne tik traukia ak\u012f, bet ir si\u016blo prakti\u0161kus sprendimus, kurie supaprastina kasdien\u012f gyvenim\u0105. Jos apgalvotas dizainas leid\u017eia lengvai integruoti orkait\u0119, tod\u0117l virtuv\u0117 tampa funkcionalesn\u0117 ir erdvesn\u0117. Ergonomi\u0161kas i\u0161planavimas skatina virtuv\u0117s i\u0161d\u0117stym\u0105 taip, kad maksimaliai i\u0161naudot\u0173 darbo viet\u0105 ir palengvint\u0173 prieig\u0105 prie pagrindini\u0173 virtuv\u0117s element\u0173. Eleganti\u0161kos juodos metalin\u0117s rankenos puikiai papildo gra\u017ei\u0105 apdail\u0105, suteikdamos visam baldui modernumo, kuris neu\u017ego\u017eia klasikinio pagrindo. J\u0173 tvirta konstrukcija garantuoja patvarum\u0105 ir patog\u0173 naudojim\u0105, kartu pabr\u0117\u017edama rafinuot\u0105 bald\u0173 stili\u0173. Prakti\u0161kos reguliuojamos kojel\u0117s leid\u017eia puikiai reguliuoti auk\u0161t\u012f, o tai labai svarbu norint pasiekti pusiausvyr\u0105 ir stabilum\u0105 ant \u012fvairi\u0173 pavir\u0161i\u0173.<\/p>","protected":false},"excerpt":{"rendered":"<p>Plotis (cm): 60<br \/>\n\u016agis (cm): 212<br \/>\nGylis (cm): 47<\/p>","protected":false},"featured_media":159496,"comment_status":"open","ping_status":"open","template":"","meta":[],"product_brand":[],"product_cat":[9444,4106,9118],"product_tag":[],"class_list":{"0":"post-159495","1":"product","2":"type-product","3":"status-publish","4":"has-post-thumbnail","6":"product_cat-kitchen-system-prowansja-sosna-andersen","7":"product_cat-gala-meble","8":"product_cat-kitchen-cabinets","10":"first","11":"instock","12":"purchasable","13":"product-type-simple"},"_links":{"self":[{"href":"https:\/\/baldumarket.lt\/lt\/wp-json\/wp\/v2\/product\/159495","targetHints":{"allow":["GET"]}}],"collection":[{"href":"https:\/\/baldumarket.lt\/lt\/wp-json\/wp\/v2\/product"}],"about":[{"href":"https:\/\/baldumarket.lt\/lt\/wp-json\/wp\/v2\/types\/product"}],"replies":[{"embeddable":true,"href":"https:\/\/baldumarket.lt\/lt\/wp-json\/wp\/v2\/comments?post=159495"}],"wp:featuredmedia":[{"embeddable":true,"href":"https:\/\/baldumarket.lt\/lt\/wp-json\/wp\/v2\/media\/159496"}],"wp:attachment":[{"href":"https:\/\/baldumarket.lt\/lt\/wp-json\/wp\/v2\/media?parent=159495"}],"wp:term":[{"taxonomy":"product_brand","embeddable":true,"href":"https:\/\/baldumarket.lt\/lt\/wp-json\/wp\/v2\/product_brand?post=159495"},{"taxonomy":"product_cat","embeddable":true,"href":"https:\/\/baldumarket.lt\/lt\/wp-json\/wp\/v2\/product_cat?post=159495"},{"taxonomy":"product_tag","embeddable":true,"href":"https:\/\/baldumarket.lt\/lt\/wp-json\/wp\/v2\/product_tag?post=159495"}],"curies":[{"name":"wp","href":"https:\/\/api.w.org\/{rel}","templated":true}]}}