{"id":159491,"date":"2025-12-19T00:39:10","date_gmt":"2025-12-18T21:39:10","guid":{"rendered":"https:\/\/baldumarket.lt\/product\/szafka-kuchenna-dolna-2-drzwiowa-zabudowa-piekarnika-lewa-d60p-l-sycylia-andersen\/"},"modified":"2026-02-06T12:46:54","modified_gmt":"2026-02-06T09:46:54","slug":"szafka-kuchenna-dolna-2-drzwiowa-zabudowa-piekarnika-lewa-d60p-l-sycylia-andersen","status":"publish","type":"product","link":"https:\/\/baldumarket.lt\/lt\/product\/szafka-kuchenna-dolna-2-drzwiowa-zabudowa-piekarnika-lewa-d60p-l-sycylia-andersen\/","title":{"rendered":"Apatin\u0117 2 dur\u0173 virtuv\u0117s spintel\u0117 su orkaite, kair\u0117 D60P-L Sicily Andersen"},"content":{"rendered":"<p>Pasinerkite \u012f elegancij\u0105 ir funkcionalum\u0105 su m\u016bs\u0173 \u201eSycylia Andersen\u201c apatine spintele, skirta \u012fmontuojamoms orkait\u0117ms, pagaminta garsaus prek\u0117s \u017eenklo \u201eGa\u0142a Meble\u201c. Tai puikus pasirinkimas tiems, kurie nori derinti skandinavi\u0161k\u0105 stili\u0173 su moderniais sprendimais. Jos gaivus ir minimalistinis dizainas suteiks j\u016bs\u0173 virtuvei nepaprasto \u017eavesio.<\/p>\n<p>\u0160i spintel\u0117, kurios priekin\u0117 dalis apdailinta Anderseno pu\u0161imi, o korpusas \u2013 matin\u0117s baltos spalvos, \u2013 tai harmoningas derinys, suteikiantis bet kokiam interjerui ramyb\u0117s ir jaukumo. Tai puikus pasirinkimas tiems, kurie m\u0117gsta \u0161viesias ir erdvias erdves, skatinan\u010dias atsipalaiduoti. Sidabrin\u0117s plastikin\u0117s ranken\u0117l\u0117s papildo spintel\u0119, suteikdamos elegancijos ir pabr\u0117\u017edamos subtil\u0173 viso baldo charakter\u012f.<\/p>\n<p>\u0160ios spintel\u0117s gerai apgalvotas dizainas yra prakti\u0161kas ir esteti\u0161kai patrauklus. Sukurta atsi\u017evelgiant \u012f kasdienius virtuv\u0117s poreikius, ji leid\u017eia patogiai laikyti prietaisus ir priedus, o d\u0117l didelio auk\u0161\u010dio ji puikiai dera prie \u0161iuolaikini\u0173 virtuv\u0117s tendencij\u0173. \u0160is sprendimas leid\u017eia maksimaliai i\u0161naudoti turim\u0105 erdv\u0119 ir u\u017etikrinti tvark\u0105, u\u017etikrinant, kad viskas visada b\u016bt\u0173 ranka pasiekiama.<\/p>\n<p>\u0160\u012f model\u012f galima surinkti savaranki\u0161kai, tod\u0117l galite visi\u0161kai kontroliuoti montavimo proces\u0105 ir pritaikyti virtuv\u0117s interjer\u0105 pagal savo poreikius. Pasirinkdami \u201eAndersen Sycylia\u201c spintel\u0119, investuojate \u012f gamin\u012f, kuris derina estetik\u0105 ir funkcionalum\u0105, tod\u0117l j\u016bs\u0173 virtuv\u0117 tampa dar patogesn\u0117 ir stilingesn\u0117.<\/p>","protected":false},"excerpt":{"rendered":"<p>Plotis (cm): 60<br \/>\n\u016agis (cm): 212<br \/>\nGylis (cm): 58<\/p>","protected":false},"featured_media":159492,"comment_status":"open","ping_status":"open","template":"","meta":[],"product_brand":[],"product_cat":[9440,9441,4106,9118],"product_tag":[],"class_list":{"0":"post-159491","1":"product","2":"type-product","3":"status-publish","4":"has-post-thumbnail","6":"product_cat-kitchen-system-sycylia-sosna-andersen","7":"product_cat-white","8":"product_cat-gala-meble","9":"product_cat-kitchen-cabinets","11":"first","12":"instock","13":"purchasable","14":"product-type-simple"},"_links":{"self":[{"href":"https:\/\/baldumarket.lt\/lt\/wp-json\/wp\/v2\/product\/159491","targetHints":{"allow":["GET"]}}],"collection":[{"href":"https:\/\/baldumarket.lt\/lt\/wp-json\/wp\/v2\/product"}],"about":[{"href":"https:\/\/baldumarket.lt\/lt\/wp-json\/wp\/v2\/types\/product"}],"replies":[{"embeddable":true,"href":"https:\/\/baldumarket.lt\/lt\/wp-json\/wp\/v2\/comments?post=159491"}],"wp:featuredmedia":[{"embeddable":true,"href":"https:\/\/baldumarket.lt\/lt\/wp-json\/wp\/v2\/media\/159492"}],"wp:attachment":[{"href":"https:\/\/baldumarket.lt\/lt\/wp-json\/wp\/v2\/media?parent=159491"}],"wp:term":[{"taxonomy":"product_brand","embeddable":true,"href":"https:\/\/baldumarket.lt\/lt\/wp-json\/wp\/v2\/product_brand?post=159491"},{"taxonomy":"product_cat","embeddable":true,"href":"https:\/\/baldumarket.lt\/lt\/wp-json\/wp\/v2\/product_cat?post=159491"},{"taxonomy":"product_tag","embeddable":true,"href":"https:\/\/baldumarket.lt\/lt\/wp-json\/wp\/v2\/product_tag?post=159491"}],"curies":[{"name":"wp","href":"https:\/\/api.w.org\/{rel}","templated":true}]}}