{"id":159487,"date":"2025-12-19T00:39:02","date_gmt":"2025-12-18T21:39:02","guid":{"rendered":"https:\/\/baldumarket.lt\/product\/szafka-kuchenna-dolna-2-drzwiowa-zabudowa-piekarnika-lewa-d60p-l-sycylia-orzech\/"},"modified":"2026-02-06T14:32:35","modified_gmt":"2026-02-06T11:32:35","slug":"szafka-kuchenna-dolna-2-drzwiowa-zabudowa-piekarnika-lewa-d60p-l-sycylia-orzech","status":"publish","type":"product","link":"https:\/\/baldumarket.lt\/lt\/product\/szafka-kuchenna-dolna-2-drzwiowa-zabudowa-piekarnika-lewa-d60p-l-sycylia-orzech\/","title":{"rendered":"Apatin\u0117 virtuv\u0117s spintel\u0117 su 2 durimis, kairi\u0105ja orkait\u0117s dalimi, D60P-L, Sicily Walnut spalvos"},"content":{"rendered":"<p>Pasiruo\u0161kite visi\u0161kai naujai kulinarinei patir\u010diai su \u0161ia \u012fmontuojama orkaitei skirta apatine spintele \u2013 puikiai tinkan\u010dia tiems, kurie vertina modernius sprendimus ir eleganti\u0161k\u0105 dizain\u0105. Pristatome \u201cGa\u0142a Meble\u201d \u201eSycylia Walnut\u201c model\u012f, kuris suteiks j\u016bs\u0173 virtuvei klasikinio stiliaus su moderniu akcentu. Jo patvari konstrukcija tampa nepakei\u010diama bet kurios virtuv\u0117s dalimi, padedan\u010dia sutvarkyti erdv\u0119 ir supaprastinan\u010dia kiekvien\u0105 virtuv\u0117s veikl\u0105.<\/p>\n<p>I\u0161laisvinkite savo k\u016brybi\u0161kum\u0105 gamindami maist\u0105 d\u0117l unikalios \u0161ios spintel\u0117s estetikos. Milano rie\u0161utmed\u017eio spalvos fasadai, derantys su korpusu, sukuria darni\u0105 ir jauki\u0105 atmosfer\u0105, kuri tikrai prad\u017eiugins kiekvien\u0105 stilingo interjero dizaino entuziast\u0105. Subtilus rie\u0161utmed\u017eio atspalvis suteiks j\u016bs\u0173 virtuvei \u0161ilumos, paversdamas j\u0105 vieta, \u012f kuri\u0105 visi mielai sugr\u012f\u017eta.<\/p>\n<p>Pasirinkdami \u0161i\u0105 apatin\u0119 spintel\u0119, renkat\u0117s ne tik gra\u017e\u0173 dizain\u0105, bet ir funkcionalum\u0105, kuris sutvarkys j\u016bs\u0173 virtuv\u0119. Gerai apgalvotas spintel\u0117s dizainas u\u017etikrina, kad kiekvienas elementas b\u016bt\u0173 savo vietoje, u\u017etikrinant komfort\u0105 atliekant kasdienes u\u017eduotis. Gerai apgalvotas dizainas leid\u017eia lengvai pasiekti visus reikalingus \u012frankius, taip padidinant kasdien\u012f komfort\u0105.<\/p>\n<p>\u201cSycylia Walnut\u201d modelis taip pat yra idealus \u201epasidaryk pats\u201c sprendimas, puikiai tinkantis tiek moderniam, tiek tradici\u0161kesniam interjerui. Nesvarbu, koks j\u016bs\u0173 pageidaujamas stilius, \u0161i virtuv\u0117s spintel\u0117 puikiai papildys j\u016bs\u0173 nam\u0173 interjer\u0105. Pagamintos i\u0161 auk\u0161\u010diausios kokyb\u0117s med\u017eiag\u0173, sidabrin\u0117s ranken\u0117l\u0117s papildo eleganti\u0161kus fasadus, pabr\u0117\u017edamos j\u0173 i\u0161skirtin\u012f charakter\u012f.<\/p>","protected":false},"excerpt":{"rendered":"<p>Plotis (cm): 60<br \/>\n\u016agis (cm): 212<br \/>\nGylis (cm): 58<\/p>","protected":false},"featured_media":159488,"comment_status":"open","ping_status":"open","template":"","meta":[],"product_brand":[],"product_cat":[9450,4106,9118],"product_tag":[],"class_list":{"0":"post-159487","1":"product","2":"type-product","3":"status-publish","4":"has-post-thumbnail","6":"product_cat-kitchen-system-sycylia-orzech-milano","7":"product_cat-gala-meble","8":"product_cat-kitchen-cabinets","10":"first","11":"instock","12":"purchasable","13":"product-type-simple"},"_links":{"self":[{"href":"https:\/\/baldumarket.lt\/lt\/wp-json\/wp\/v2\/product\/159487","targetHints":{"allow":["GET"]}}],"collection":[{"href":"https:\/\/baldumarket.lt\/lt\/wp-json\/wp\/v2\/product"}],"about":[{"href":"https:\/\/baldumarket.lt\/lt\/wp-json\/wp\/v2\/types\/product"}],"replies":[{"embeddable":true,"href":"https:\/\/baldumarket.lt\/lt\/wp-json\/wp\/v2\/comments?post=159487"}],"wp:featuredmedia":[{"embeddable":true,"href":"https:\/\/baldumarket.lt\/lt\/wp-json\/wp\/v2\/media\/159488"}],"wp:attachment":[{"href":"https:\/\/baldumarket.lt\/lt\/wp-json\/wp\/v2\/media?parent=159487"}],"wp:term":[{"taxonomy":"product_brand","embeddable":true,"href":"https:\/\/baldumarket.lt\/lt\/wp-json\/wp\/v2\/product_brand?post=159487"},{"taxonomy":"product_cat","embeddable":true,"href":"https:\/\/baldumarket.lt\/lt\/wp-json\/wp\/v2\/product_cat?post=159487"},{"taxonomy":"product_tag","embeddable":true,"href":"https:\/\/baldumarket.lt\/lt\/wp-json\/wp\/v2\/product_tag?post=159487"}],"curies":[{"name":"wp","href":"https:\/\/api.w.org\/{rel}","templated":true}]}}