{"id":159482,"date":"2025-12-19T00:38:50","date_gmt":"2025-12-18T21:38:50","guid":{"rendered":"https:\/\/baldumarket.lt\/product\/szafka-kuchenna-dolna-2-drzwiowa-zabudowa-piekarnika-prawa-d60p-p-aspen-grey-szary-polysk\/"},"modified":"2026-02-06T19:54:39","modified_gmt":"2026-02-06T16:54:39","slug":"szafka-kuchenna-dolna-2-drzwiowa-zabudowa-piekarnika-prawa-d60p-p-aspen-grey-szary-polysk","status":"publish","type":"product","link":"https:\/\/baldumarket.lt\/lt\/product\/szafka-kuchenna-dolna-2-drzwiowa-zabudowa-piekarnika-prawa-d60p-p-aspen-grey-szary-polysk\/","title":{"rendered":"Apatin\u0117 2 dur\u0173 virtuv\u0117s spintel\u0117 su orkaite de\u0161in\u0117je D60P-P drebul\u0117s pilka blizgi spalva"},"content":{"rendered":"<p>Su \u201eGa\u0142a Meble\u201c pilkos spalvos \u201eAspen Grey\u201c dviej\u0173 dureli\u0173 apatine orkait\u0117s spintele suteikite savo virtuvei stiliaus ir funkcionalumo. \u0160is eleganti\u0161kas baldas derina modern\u0173 dizain\u0105 su unikalia pilkai blizgia apdaila ir akimirksniu tampa j\u016bs\u0173 virtuv\u0117s traukos centru. Minimalistin\u0117 i\u0161vaizda puikiai dera su naujausiomis interjero dizaino tendencijomis, suteikdama bet kokiai patalpai gaivumo ir erdvumo poj\u016bt\u012f. Ta\u010diau tai dar ne viskas, k\u0105 si\u016blo \u0161i spintel\u0117. D\u0117l didelio funkcionalumo ji yra puikus pasirinkimas tiems, kurie vertina prakti\u0161kus sprendimus. \u012emontuojama orkait\u0117 paver\u010dia maisto gaminim\u0105 tikru malonumu kiekvien\u0105 dien\u0105. Spintel\u0117 u\u017etikrina lengv\u0105 prieig\u0105 ir daikt\u0173 laikym\u0105, o tai ypa\u010d svarbu tokiose u\u017eimtose vietose kaip virtuv\u0117. Unikali MDF apdaila u\u017etikrina patvarum\u0105 ir atsparum\u0105 kasdieniam naudojimui. Reguliuojamos kojel\u0117s nuo 10 iki 12,5 cm leid\u017eia optimaliai reguliuoti auk\u0161t\u012f prie bet kokio pavir\u0161iaus, o savaime u\u017esidarantys vyriai u\u017etikrina saug\u0173 ir tyl\u0173 dureli\u0173 u\u017edarym\u0105. Tai puikus estetikos ir prakti\u0161kumo derinys, gerokai supaprastinantis kasdien\u012f gyvenim\u0105 virtuv\u0117je. \u201eGa\u0142a Meble\u201c prek\u0117s \u017eenklas pasir\u016bpino ma\u017eiausiomis detal\u0117mis, kad baldai atitikt\u0173 net ir reikliausi\u0173 klient\u0173 l\u016bkes\u010dius.<\/p>","protected":false},"excerpt":{"rendered":"<p>Plotis (cm): 60<br \/>\n\u016agis (cm): 212<br \/>\nGylis (cm): 58<\/p>","protected":false},"featured_media":159483,"comment_status":"open","ping_status":"open","template":"","meta":[],"product_brand":[],"product_cat":[9451,4106,9118],"product_tag":[],"class_list":{"0":"post-159482","1":"product","2":"type-product","3":"status-publish","4":"has-post-thumbnail","6":"product_cat-kitchen-system-aspen-grey","7":"product_cat-gala-meble","8":"product_cat-kitchen-cabinets","10":"first","11":"instock","12":"purchasable","13":"product-type-simple"},"_links":{"self":[{"href":"https:\/\/baldumarket.lt\/lt\/wp-json\/wp\/v2\/product\/159482","targetHints":{"allow":["GET"]}}],"collection":[{"href":"https:\/\/baldumarket.lt\/lt\/wp-json\/wp\/v2\/product"}],"about":[{"href":"https:\/\/baldumarket.lt\/lt\/wp-json\/wp\/v2\/types\/product"}],"replies":[{"embeddable":true,"href":"https:\/\/baldumarket.lt\/lt\/wp-json\/wp\/v2\/comments?post=159482"}],"wp:featuredmedia":[{"embeddable":true,"href":"https:\/\/baldumarket.lt\/lt\/wp-json\/wp\/v2\/media\/159483"}],"wp:attachment":[{"href":"https:\/\/baldumarket.lt\/lt\/wp-json\/wp\/v2\/media?parent=159482"}],"wp:term":[{"taxonomy":"product_brand","embeddable":true,"href":"https:\/\/baldumarket.lt\/lt\/wp-json\/wp\/v2\/product_brand?post=159482"},{"taxonomy":"product_cat","embeddable":true,"href":"https:\/\/baldumarket.lt\/lt\/wp-json\/wp\/v2\/product_cat?post=159482"},{"taxonomy":"product_tag","embeddable":true,"href":"https:\/\/baldumarket.lt\/lt\/wp-json\/wp\/v2\/product_tag?post=159482"}],"curies":[{"name":"wp","href":"https:\/\/api.w.org\/{rel}","templated":true}]}}