{"id":159478,"date":"2025-12-19T00:38:42","date_gmt":"2025-12-18T21:38:42","guid":{"rendered":"https:\/\/baldumarket.lt\/product\/szafka-kuchenna-dolna-2-drzwiowa-zabudowa-piekarnika-prawa-d60p-p-aspen-white-bialy-polysk\/"},"modified":"2026-02-18T11:30:50","modified_gmt":"2026-02-18T08:30:50","slug":"szafka-kuchenna-dolna-2-drzwiowa-zabudowa-piekarnika-prawa-d60p-p-aspen-white-bialy-polysk","status":"publish","type":"product","link":"https:\/\/baldumarket.lt\/lt\/product\/szafka-kuchenna-dolna-2-drzwiowa-zabudowa-piekarnika-prawa-d60p-p-aspen-white-bialy-polysk\/","title":{"rendered":"Apatin\u0117 2 dur\u0173 virtuv\u0117s spintel\u0117 su orkaite de\u0161in\u0117je D60P-P Aspen White Gloss"},"content":{"rendered":"<p>\u201eAspen White\u201c apatin\u0117 spintel\u0117 puikiai tinka modernaus dizaino ir eleganti\u0161ko paprastumo m\u0117g\u0117jams. Blizgios baltos spalvos fasadai traukia ak\u012f ir suteikia interjerui unikalaus spindesio, sukurdami lengvumo ir grynumo atmosfer\u0105. Balta spalva vizualiai i\u0161ple\u010dia erdv\u0119, tod\u0117l virtuv\u0117 tampa erdvesn\u0117 ir patogesn\u0117 naudoti. \u201eGa\u0142a Meble\u201c u\u017etikrino auk\u0161\u010diausius estetinius standartus, derindama klasikin\u0119 i\u0161vaizd\u0105 su moderniu meistri\u0161kumu.<\/p>\n<p>\u0160ios spintel\u0117s funkcionalumas atsiskleid\u017eia atliekant kasdienius virtuv\u0117s darbus. Orkait\u0117s korpusas pasi\u017eymi ne tik estetiniu patrauklumu, bet ir prakti\u0161kais sprendimais, kurie supaprastina maisto ruo\u0161im\u0105. Tvirti, savaime u\u017esidarantys vyriai u\u017etikrina skland\u0173 dureli\u0173 atidarym\u0105 ir u\u017edarym\u0105, pa\u0161alina nereikaling\u0105 triuk\u0161m\u0105 ir d\u017eiugina vartotojus moderniu dizainu. D\u0117l reguliuojam\u0173 kojeli\u0173 spintel\u0117 puikiai prisitaiko prie \u012fvairi\u0173 pavir\u0161i\u0173, u\u017etikrindama stabilum\u0105 ir komfort\u0105.<\/p>\n<p>Vienas pagrindini\u0173 \u0161io baldo privalum\u0173 \u2013 tobulas estetikos ir prakti\u0161kumo derinys. Blizgi MDF plok\u0161t\u0117 ne tik suteikia patrauklumo, bet ir yra atspari \u012fbr\u0117\u017eimams bei lengvai valoma, o tai labai svarbu judrioje virtuv\u0117je. Kontrastingas blizgi\u0173 balt\u0173 fasad\u0173 ir matin\u0117s korpuso apdailos derinys pabr\u0117\u017eia modern\u0173 baldo charakter\u012f, kartu i\u0161laikant jo universalum\u0105, tod\u0117l j\u012f lengva integruoti \u012f \u012fvairius interjero dizainus.<\/p>\n<p>\u0160i spintel\u0117 sukurta surinkimui patiems \u2013 tai papildomas privalumas tiems, kurie m\u0117gsta patiems kurti savo svajoni\u0173 erdv\u0119. Kiekvienas elementas yra tiksliai suprojektuotas intuityviam ir lengvam montavimui, tod\u0117l montavimas tampa daug lengvesnis ir sutaupoma laiko. Su \u201eAspen White\u201c spintel\u0117mis sukursite ne tik gra\u017ei\u0105, bet ir labai funkcionali\u0105 erdv\u0119, puikiai papildan\u010di\u0105 j\u016bs\u0173 kasdienius virtuv\u0117s ritualus.<\/p>","protected":false},"excerpt":{"rendered":"<p>Plotis (cm): 60<br \/>\n\u016agis (cm): 212<br \/>\nGylis (cm): 58<\/p>","protected":false},"featured_media":159479,"comment_status":"open","ping_status":"open","template":"","meta":[],"product_brand":[],"product_cat":[9445,4106],"product_tag":[],"class_list":{"0":"post-159478","1":"product","2":"type-product","3":"status-publish","4":"has-post-thumbnail","6":"product_cat-kitchen-system-aspen-white","7":"product_cat-gala-meble","9":"first","10":"instock","11":"purchasable","12":"product-type-simple"},"_links":{"self":[{"href":"https:\/\/baldumarket.lt\/lt\/wp-json\/wp\/v2\/product\/159478","targetHints":{"allow":["GET"]}}],"collection":[{"href":"https:\/\/baldumarket.lt\/lt\/wp-json\/wp\/v2\/product"}],"about":[{"href":"https:\/\/baldumarket.lt\/lt\/wp-json\/wp\/v2\/types\/product"}],"replies":[{"embeddable":true,"href":"https:\/\/baldumarket.lt\/lt\/wp-json\/wp\/v2\/comments?post=159478"}],"wp:featuredmedia":[{"embeddable":true,"href":"https:\/\/baldumarket.lt\/lt\/wp-json\/wp\/v2\/media\/159479"}],"wp:attachment":[{"href":"https:\/\/baldumarket.lt\/lt\/wp-json\/wp\/v2\/media?parent=159478"}],"wp:term":[{"taxonomy":"product_brand","embeddable":true,"href":"https:\/\/baldumarket.lt\/lt\/wp-json\/wp\/v2\/product_brand?post=159478"},{"taxonomy":"product_cat","embeddable":true,"href":"https:\/\/baldumarket.lt\/lt\/wp-json\/wp\/v2\/product_cat?post=159478"},{"taxonomy":"product_tag","embeddable":true,"href":"https:\/\/baldumarket.lt\/lt\/wp-json\/wp\/v2\/product_tag?post=159478"}],"curies":[{"name":"wp","href":"https:\/\/api.w.org\/{rel}","templated":true}]}}