{"id":159473,"date":"2025-12-19T00:38:32","date_gmt":"2025-12-18T21:38:32","guid":{"rendered":"https:\/\/baldumarket.lt\/product\/szafka-kuchenna-dolna-2-drzwiowa-zabudowa-piekarnika-prawa-d60p-p-sycylia-andersen\/"},"modified":"2026-02-06T12:46:54","modified_gmt":"2026-02-06T09:46:54","slug":"szafka-kuchenna-dolna-2-drzwiowa-zabudowa-piekarnika-prawa-d60p-p-sycylia-andersen","status":"publish","type":"product","link":"https:\/\/baldumarket.lt\/lt\/product\/szafka-kuchenna-dolna-2-drzwiowa-zabudowa-piekarnika-prawa-d60p-p-sycylia-andersen\/","title":{"rendered":"Apatin\u0117 2 dur\u0173 virtuv\u0117s spintel\u0117 su orkaite de\u0161in\u0117je D60P-P Sicily Andersen"},"content":{"rendered":"<p>Atraskite \u017eaves\u012f ir funkcionalum\u0105, kur\u012f \u012f j\u016bs\u0173 virtuv\u0119 \u012fne\u0161 \u201eAndersen Sicylia\u201c prie orkait\u0117s montuojama apatin\u0117 spintel\u0117 i\u0161 \u201eGa\u0142a Meble\u201c. Subtilus spalv\u0173 derinys i\u0161 karto patraukia d\u0117mes\u012f. \u201eAndersen\u201c pu\u0161ies fasadai suteikia j\u016bs\u0173 interjerui \u0161ilumos ir jaukumo, puikiai dera su matin\u0117s baltos spalvos korpusu. Eleganti\u0161ka, moderni i\u0161vaizda, kuri\u0105 pary\u0161kina sidabrin\u0117s ranken\u0117l\u0117s, \u017eymiai pagerina bet kurios virtuv\u0117s charakter\u012f. Sukurta atsi\u017evelgiant \u012f j\u016bs\u0173 poreikius, \u0161i 60 cm plo\u010dio spintel\u0117 garantuoja puik\u0173 erdv\u0117s i\u0161naudojim\u0105. Sukurta orkait\u0117s i\u0161d\u0117stymui, ji suteikia ne tik estetin\u012f patrauklum\u0105, bet ir papildomos vietos daiktams susid\u0117ti. Funkcionali ir prakti\u0161ka, ji puikiai tinka bet kokiam virtuv\u0117s dizainui \u2013 nuo klasikinio iki modernaus. Auk\u0161tos kokyb\u0117s med\u017eiagos, tokios kaip MDF fasaduose ir laminuota plok\u0161t\u0117 korpuse, garantuoja patvarum\u0105 ir atsparum\u0105 kasdieniam naudojimui. \u0160i virtuv\u0117s spintel\u0117 tarnaus jums daugel\u012f met\u0173, i\u0161laikydama originali\u0105 i\u0161vaizd\u0105. D\u0117l gerai apgalvoto dizaino spintel\u0117s surinkimas yra greitas ir paprastas, tod\u0117l galite patys susikurti savo svajoni\u0173 virtuv\u0119.<\/p>","protected":false},"excerpt":{"rendered":"<p>Plotis (cm): 60<br \/>\n\u016agis (cm): 212<br \/>\nGylis (cm): 58<\/p>","protected":false},"featured_media":159474,"comment_status":"open","ping_status":"open","template":"","meta":[],"product_brand":[],"product_cat":[9440,9441,4106,9118],"product_tag":[],"class_list":{"0":"post-159473","1":"product","2":"type-product","3":"status-publish","4":"has-post-thumbnail","6":"product_cat-kitchen-system-sycylia-sosna-andersen","7":"product_cat-white","8":"product_cat-gala-meble","9":"product_cat-kitchen-cabinets","11":"first","12":"instock","13":"purchasable","14":"product-type-simple"},"_links":{"self":[{"href":"https:\/\/baldumarket.lt\/lt\/wp-json\/wp\/v2\/product\/159473","targetHints":{"allow":["GET"]}}],"collection":[{"href":"https:\/\/baldumarket.lt\/lt\/wp-json\/wp\/v2\/product"}],"about":[{"href":"https:\/\/baldumarket.lt\/lt\/wp-json\/wp\/v2\/types\/product"}],"replies":[{"embeddable":true,"href":"https:\/\/baldumarket.lt\/lt\/wp-json\/wp\/v2\/comments?post=159473"}],"wp:featuredmedia":[{"embeddable":true,"href":"https:\/\/baldumarket.lt\/lt\/wp-json\/wp\/v2\/media\/159474"}],"wp:attachment":[{"href":"https:\/\/baldumarket.lt\/lt\/wp-json\/wp\/v2\/media?parent=159473"}],"wp:term":[{"taxonomy":"product_brand","embeddable":true,"href":"https:\/\/baldumarket.lt\/lt\/wp-json\/wp\/v2\/product_brand?post=159473"},{"taxonomy":"product_cat","embeddable":true,"href":"https:\/\/baldumarket.lt\/lt\/wp-json\/wp\/v2\/product_cat?post=159473"},{"taxonomy":"product_tag","embeddable":true,"href":"https:\/\/baldumarket.lt\/lt\/wp-json\/wp\/v2\/product_tag?post=159473"}],"curies":[{"name":"wp","href":"https:\/\/api.w.org\/{rel}","templated":true}]}}