{"id":159468,"date":"2025-12-19T00:38:22","date_gmt":"2025-12-18T21:38:22","guid":{"rendered":"https:\/\/baldumarket.lt\/product\/szafka-kuchenna-dolna-2-drzwiowa-zabudowa-piekarnika-prawa-d60p-p-sycylia-orzech\/"},"modified":"2026-02-06T14:32:35","modified_gmt":"2026-02-06T11:32:35","slug":"szafka-kuchenna-dolna-2-drzwiowa-zabudowa-piekarnika-prawa-d60p-p-sycylia-orzech","status":"publish","type":"product","link":"https:\/\/baldumarket.lt\/lt\/product\/szafka-kuchenna-dolna-2-drzwiowa-zabudowa-piekarnika-prawa-d60p-p-sycylia-orzech\/","title":{"rendered":"Apatin\u0117 2 dur\u0173 virtuv\u0117s spintel\u0117 su orkaite, de\u0161in\u0117, D60P-P, Sicily Walnut"},"content":{"rendered":"<p>Jei svajojate apie virtuv\u0119, kurioje dera elegancija ir funkcionalumas, \u201eGa\u0142a Meble\u201c dviej\u0173 dur\u0173 apatin\u0117 virtuv\u0117s spintel\u0117 \u201eSicily Walnut\u201c yra puikus pasirinkimas. Rafinuota Milano Walnut spalva suteikia kambariui \u0161ilt\u0105 ir jauk\u0173 charakter\u012f, traukia ak\u012f ir suteikia elegancijos bet kokiam interjerui. Subtilus MDF fasad\u0173 ir laminuoto korpuso derinys pabr\u0117\u017eia moderni\u0105 interjero dizaino tendencij\u0105. \u0160i spintel\u0117 ne tik pagerins j\u016bs\u0173 virtuv\u0117s stili\u0173, bet ir d\u0117l savo prakti\u0161kumo pavers kasdien\u012f maisto gaminim\u0105 tikru malonumu. Spintel\u0117s prakti\u0161kumas taip pat akivaizdus jos funkcionaliame dizaine. Sukurta orkaitei, ji si\u016blo diskreti\u0161k\u0105 b\u016btiniausi\u0173 prietais\u0173 laikym\u0105 neu\u017eimant per daug vietos. D\u0117l apgalvoto dizaino viskas, ko jums reikia, yra lengvai pasiekiama.<\/p>","protected":false},"excerpt":{"rendered":"<p>Plotis (cm): 60<br \/>\n\u016agis (cm): 212<br \/>\nGylis (cm): 58<\/p>","protected":false},"featured_media":159469,"comment_status":"open","ping_status":"open","template":"","meta":[],"product_brand":[],"product_cat":[9450,4106,9118],"product_tag":[],"class_list":{"0":"post-159468","1":"product","2":"type-product","3":"status-publish","4":"has-post-thumbnail","6":"product_cat-kitchen-system-sycylia-orzech-milano","7":"product_cat-gala-meble","8":"product_cat-kitchen-cabinets","10":"first","11":"instock","12":"purchasable","13":"product-type-simple"},"_links":{"self":[{"href":"https:\/\/baldumarket.lt\/lt\/wp-json\/wp\/v2\/product\/159468","targetHints":{"allow":["GET"]}}],"collection":[{"href":"https:\/\/baldumarket.lt\/lt\/wp-json\/wp\/v2\/product"}],"about":[{"href":"https:\/\/baldumarket.lt\/lt\/wp-json\/wp\/v2\/types\/product"}],"replies":[{"embeddable":true,"href":"https:\/\/baldumarket.lt\/lt\/wp-json\/wp\/v2\/comments?post=159468"}],"wp:featuredmedia":[{"embeddable":true,"href":"https:\/\/baldumarket.lt\/lt\/wp-json\/wp\/v2\/media\/159469"}],"wp:attachment":[{"href":"https:\/\/baldumarket.lt\/lt\/wp-json\/wp\/v2\/media?parent=159468"}],"wp:term":[{"taxonomy":"product_brand","embeddable":true,"href":"https:\/\/baldumarket.lt\/lt\/wp-json\/wp\/v2\/product_brand?post=159468"},{"taxonomy":"product_cat","embeddable":true,"href":"https:\/\/baldumarket.lt\/lt\/wp-json\/wp\/v2\/product_cat?post=159468"},{"taxonomy":"product_tag","embeddable":true,"href":"https:\/\/baldumarket.lt\/lt\/wp-json\/wp\/v2\/product_tag?post=159468"}],"curies":[{"name":"wp","href":"https:\/\/api.w.org\/{rel}","templated":true}]}}