{"id":159463,"date":"2025-12-19T00:38:11","date_gmt":"2025-12-18T21:38:11","guid":{"rendered":"https:\/\/baldumarket.lt\/product\/szafka-kuchenna-dolna-2-drzwiowa-zabudowa-zlewozmywaka-d60z-aspen-grey-szary-polysk\/"},"modified":"2026-02-06T19:54:39","modified_gmt":"2026-02-06T16:54:39","slug":"szafka-kuchenna-dolna-2-drzwiowa-zabudowa-zlewozmywaka-d60z-aspen-grey-szary-polysk","status":"publish","type":"product","link":"https:\/\/baldumarket.lt\/lt\/product\/szafka-kuchenna-dolna-2-drzwiowa-zabudowa-zlewozmywaka-d60z-aspen-grey-szary-polysk\/","title":{"rendered":"Apatin\u0117 2 dur\u0173 virtuv\u0117s spintel\u0117 su kriaukle D60Z, drebul\u0117s pilka blizgi spalva"},"content":{"rendered":"<p>Atraskite moderni\u0105 elegancij\u0105 savo virtuv\u0117je su \u201eAspen Grey\u201c apatine spintele i\u0161 \u201eGa\u0142a Meble\u201c. Blizgi pilka apdaila suteikia bet kuriai virtuvei unikalaus charakterio ir i\u0161skirtinumo, gra\u017eiai atspind\u0117dama \u0161vies\u0105. \u0160i gra\u017eiai suprojektuota spintel\u0117 pasi\u017eymi ne tik estetiniu patrauklumu, bet ir funkcionalumu d\u0117l \u012fmontuotos kriaukl\u0117s. D\u0117l kompakti\u0161k\u0173 matmen\u0173 60 cm plo\u010dio spintel\u0117 tampa idealiu sprendimu net ir ma\u017eesn\u0117se erdv\u0117se. Tai ne tik nedidelis meno k\u016brinys, bet ir prakti\u0161kas baldas, kuris pad\u0117s sutvarkyti j\u016bs\u0173 virtuv\u0117s erdv\u0119, suteikdamas jai modern\u0173 ir tvarking\u0105 vaizd\u0105. Pilkas fasadas kartu su matin\u0117s baltos spalvos korpusu sukuria subalansuot\u0105, nesenstant\u012f spalv\u0173 derin\u012f. \u0160io gaminio funkcionalum\u0105 taip pat papildo reguliuojamos kojel\u0117s, kurios leid\u017eia reguliuoti auk\u0161t\u012f nuo 10 cm iki 12,5 cm, u\u017etikrinant stabilum\u0105 ir patog\u0173 naudojim\u0105. Sukurta galvojant apie naudotoj\u0105, spintel\u0117 turi savaime u\u017esidaran\u010dius vyrius, kurie padidina komfort\u0105 ir ilgaam\u017ei\u0161kum\u0105. Dureli\u0173 atidarymas ir u\u017edarymas \u2013 tikras malonumas.<\/p>","protected":false},"excerpt":{"rendered":"<p>Plotis (cm): 60<br \/>\n\u016agis (cm): 82<br \/>\nGylis (cm): 47<\/p>","protected":false},"featured_media":159464,"comment_status":"open","ping_status":"open","template":"","meta":[],"product_brand":[],"product_cat":[9451,4106,9118],"product_tag":[],"class_list":{"0":"post-159463","1":"product","2":"type-product","3":"status-publish","4":"has-post-thumbnail","6":"product_cat-kitchen-system-aspen-grey","7":"product_cat-gala-meble","8":"product_cat-kitchen-cabinets","10":"first","11":"instock","12":"purchasable","13":"product-type-simple"},"_links":{"self":[{"href":"https:\/\/baldumarket.lt\/lt\/wp-json\/wp\/v2\/product\/159463","targetHints":{"allow":["GET"]}}],"collection":[{"href":"https:\/\/baldumarket.lt\/lt\/wp-json\/wp\/v2\/product"}],"about":[{"href":"https:\/\/baldumarket.lt\/lt\/wp-json\/wp\/v2\/types\/product"}],"replies":[{"embeddable":true,"href":"https:\/\/baldumarket.lt\/lt\/wp-json\/wp\/v2\/comments?post=159463"}],"wp:featuredmedia":[{"embeddable":true,"href":"https:\/\/baldumarket.lt\/lt\/wp-json\/wp\/v2\/media\/159464"}],"wp:attachment":[{"href":"https:\/\/baldumarket.lt\/lt\/wp-json\/wp\/v2\/media?parent=159463"}],"wp:term":[{"taxonomy":"product_brand","embeddable":true,"href":"https:\/\/baldumarket.lt\/lt\/wp-json\/wp\/v2\/product_brand?post=159463"},{"taxonomy":"product_cat","embeddable":true,"href":"https:\/\/baldumarket.lt\/lt\/wp-json\/wp\/v2\/product_cat?post=159463"},{"taxonomy":"product_tag","embeddable":true,"href":"https:\/\/baldumarket.lt\/lt\/wp-json\/wp\/v2\/product_tag?post=159463"}],"curies":[{"name":"wp","href":"https:\/\/api.w.org\/{rel}","templated":true}]}}