{"id":159459,"date":"2025-12-19T00:38:03","date_gmt":"2025-12-18T21:38:03","guid":{"rendered":"https:\/\/baldumarket.lt\/product\/szafka-kuchenna-dolna-2-drzwiowa-zabudowa-zlewozmywaka-d60z-aspen-white-bialy-polysk\/"},"modified":"2026-02-18T11:30:50","modified_gmt":"2026-02-18T08:30:50","slug":"szafka-kuchenna-dolna-2-drzwiowa-zabudowa-zlewozmywaka-d60z-aspen-white-bialy-polysk","status":"publish","type":"product","link":"https:\/\/baldumarket.lt\/lt\/product\/szafka-kuchenna-dolna-2-drzwiowa-zabudowa-zlewozmywaka-d60z-aspen-white-bialy-polysk\/","title":{"rendered":"Apatin\u0117 2 dur\u0173 virtuv\u0117s spintel\u0117 su kriaukle D60Z Aspen White Gloss"},"content":{"rendered":"<p>Atraskite \u201eAspen White\u201c apatin\u0117s spintel\u0117s elegancij\u0105 ir funkcionalum\u0105, kuri puikiai dera prie modernaus virtuv\u0117s dizaino. Jos blizg\u016bs balti fasadai sukuria \u0161vari\u0105, estetik\u0105, suteikian\u010di\u0105 erdvumo ir spindesio bet kokiam interjerui. Tai puikus pasirinkimas tiems, kurie vertina minimalizm\u0105 kartu su elegancija.<\/p>\n<p>D\u0117l integruotos kriaukl\u0117s dizaino \u0161i spintel\u0117 ne tik sukuria vizualin\u0119 harmonij\u0105, bet ir pasi\u017eymi i\u0161skirtiniu funkcionalumu. Ji supaprastina virtuv\u0117s organizavim\u0105, tvarkingai paslepiant b\u016btiniausius daiktus ir paliekant daugiau stalvir\u0161io vietos kulinariniams eksperimentams. \u0160is sprendimas puikiai tinka visiems, norintiems susikurti tvarking\u0105 darbo viet\u0105.<\/p>\n<p>Blizg\u016bs MDF fasadai yra ne tik esteti\u0161ki, bet ir atspar\u016bs \u012fbr\u0117\u017eimams bei lengvai valomi. Matinis baltas korpusas dar labiau sustiprina subtil\u0173 kontrast\u0105, suteikdamas bendrai i\u0161vaizdai unikalumo. Reguliuojamos kojel\u0117s leid\u017eia lengvai pritaikyti spintel\u0117s auk\u0161t\u012f pagal savo poreikius, tod\u0117l u\u017etikrinamas didesnis komfortas.<\/p>\n<p>Tvirta konstrukcija, pagaminta i\u0161 auk\u0161tos kokyb\u0117s med\u017eiag\u0173, garantuoja ilgaam\u017ei\u0161kum\u0105 ir tvirtum\u0105. Savaime u\u017esidarantys vyriai u\u017etikrina tyl\u0173 ir skland\u0173 dureli\u0173 u\u017edarym\u0105, o tai ypa\u010d vertinga kasdien naudojant. Visas blokas suprojektuotas taip, kad j\u012f b\u016bt\u0173 lengva surinkti savaranki\u0161kai, taupant laik\u0105 ir pastangas projektuojant virtuv\u0119.<\/p>","protected":false},"excerpt":{"rendered":"<p>Plotis (cm): 60<br \/>\n\u016agis (cm): 82<br \/>\nGylis (cm): 47<\/p>","protected":false},"featured_media":159460,"comment_status":"open","ping_status":"open","template":"","meta":[],"product_brand":[],"product_cat":[9445,4106],"product_tag":[],"class_list":{"0":"post-159459","1":"product","2":"type-product","3":"status-publish","4":"has-post-thumbnail","6":"product_cat-kitchen-system-aspen-white","7":"product_cat-gala-meble","9":"first","10":"instock","11":"purchasable","12":"product-type-simple"},"_links":{"self":[{"href":"https:\/\/baldumarket.lt\/lt\/wp-json\/wp\/v2\/product\/159459","targetHints":{"allow":["GET"]}}],"collection":[{"href":"https:\/\/baldumarket.lt\/lt\/wp-json\/wp\/v2\/product"}],"about":[{"href":"https:\/\/baldumarket.lt\/lt\/wp-json\/wp\/v2\/types\/product"}],"replies":[{"embeddable":true,"href":"https:\/\/baldumarket.lt\/lt\/wp-json\/wp\/v2\/comments?post=159459"}],"wp:featuredmedia":[{"embeddable":true,"href":"https:\/\/baldumarket.lt\/lt\/wp-json\/wp\/v2\/media\/159460"}],"wp:attachment":[{"href":"https:\/\/baldumarket.lt\/lt\/wp-json\/wp\/v2\/media?parent=159459"}],"wp:term":[{"taxonomy":"product_brand","embeddable":true,"href":"https:\/\/baldumarket.lt\/lt\/wp-json\/wp\/v2\/product_brand?post=159459"},{"taxonomy":"product_cat","embeddable":true,"href":"https:\/\/baldumarket.lt\/lt\/wp-json\/wp\/v2\/product_cat?post=159459"},{"taxonomy":"product_tag","embeddable":true,"href":"https:\/\/baldumarket.lt\/lt\/wp-json\/wp\/v2\/product_tag?post=159459"}],"curies":[{"name":"wp","href":"https:\/\/api.w.org\/{rel}","templated":true}]}}