{"id":159454,"date":"2025-12-19T00:37:51","date_gmt":"2025-12-18T21:37:51","guid":{"rendered":"https:\/\/baldumarket.lt\/product\/szafka-kuchenna-dolna-2-drzwiowa-zabudowa-zlewozmywaka-d60z-linea-grey-szary-mat\/"},"modified":"2026-02-18T11:34:50","modified_gmt":"2026-02-18T08:34:50","slug":"szafka-kuchenna-dolna-2-drzwiowa-zabudowa-zlewozmywaka-d60z-linea-grey-szary-mat","status":"publish","type":"product","link":"https:\/\/baldumarket.lt\/lt\/product\/szafka-kuchenna-dolna-2-drzwiowa-zabudowa-zlewozmywaka-d60z-linea-grey-szary-mat\/","title":{"rendered":"Apatin\u0117 2 dur\u0173 virtuv\u0117s spintel\u0117 su kriaukle D60Z Linea pilka matin\u0117"},"content":{"rendered":"<p>Atraskite eleganti\u0161k\u0105 funkcionalum\u0105 savo virtuv\u0117je su \u201eLinea Grey\u201c 2 dur\u0173 apatine virtuv\u0117s spintele. \u0160is stilingas dizainas su prabangiais pilkai blizgiais fasadais puikiai dera su matin\u0117s baltos spalvos korpusu, sukurdamas modernaus eleganti\u0161kumo atmosfer\u0105. Puikiai tinka tiems, kurie vertina estetik\u0105 ir prakti\u0161kus sprendimus savo virtuv\u0117s erdv\u0117je. \u201eLinea Grey\u201c spintel\u0117 ne tik d\u017eiugina savo i\u0161vaizda, bet ir stebina prakti\u0161kumu. Paprasta forma ir pa\u017eangios funkcijos, tokios kaip savaime u\u017esidarantys vyriai, kasdien\u012f naudojim\u0105 paver\u010dia tikru malonumu. Prakti\u0161ka erdv\u0117 spintel\u0117s viduje buvo sukurta taip, kad b\u016bt\u0173 patogu susid\u0117ti b\u016btiniausius virtuv\u0117s reikmenis ir esteti\u0161kai i\u0161d\u0117styta erdv\u0117 aplink kriaukl\u0119. Sukurta atsi\u017evelgiant \u012f \u012fvairius virtuv\u0117s stilius \u2013 nuo modernaus iki klasikinio, \u201eLinea Grey\u201c spintel\u0117 yra puikus pasirinkimas tiems, kurie siekia savo virtuvei suteikti unikalaus stiliaus ir ramyb\u0117s. Pilkai blizgi priekin\u0117 dalis subtiliai atspindi \u0161vies\u0105, suteikdama lengvumo ir erdvumo, o reguliuojam\u0173 kojeli\u0173 d\u0117ka j\u0105 galima puikiai pritaikyti prie nelygi\u0173 grind\u0173.<\/p>","protected":false},"excerpt":{"rendered":"<p>Plotis (cm): 60<br \/>\n\u016agis (cm): 82<br \/>\nGylis (cm): 47<\/p>","protected":false},"featured_media":159455,"comment_status":"open","ping_status":"open","template":"","meta":[],"product_brand":[],"product_cat":[9446,4106],"product_tag":[],"class_list":{"0":"post-159454","1":"product","2":"type-product","3":"status-publish","4":"has-post-thumbnail","6":"product_cat-kitchen-system-linea-white","7":"product_cat-gala-meble","9":"first","10":"instock","11":"purchasable","12":"product-type-simple"},"_links":{"self":[{"href":"https:\/\/baldumarket.lt\/lt\/wp-json\/wp\/v2\/product\/159454","targetHints":{"allow":["GET"]}}],"collection":[{"href":"https:\/\/baldumarket.lt\/lt\/wp-json\/wp\/v2\/product"}],"about":[{"href":"https:\/\/baldumarket.lt\/lt\/wp-json\/wp\/v2\/types\/product"}],"replies":[{"embeddable":true,"href":"https:\/\/baldumarket.lt\/lt\/wp-json\/wp\/v2\/comments?post=159454"}],"wp:featuredmedia":[{"embeddable":true,"href":"https:\/\/baldumarket.lt\/lt\/wp-json\/wp\/v2\/media\/159455"}],"wp:attachment":[{"href":"https:\/\/baldumarket.lt\/lt\/wp-json\/wp\/v2\/media?parent=159454"}],"wp:term":[{"taxonomy":"product_brand","embeddable":true,"href":"https:\/\/baldumarket.lt\/lt\/wp-json\/wp\/v2\/product_brand?post=159454"},{"taxonomy":"product_cat","embeddable":true,"href":"https:\/\/baldumarket.lt\/lt\/wp-json\/wp\/v2\/product_cat?post=159454"},{"taxonomy":"product_tag","embeddable":true,"href":"https:\/\/baldumarket.lt\/lt\/wp-json\/wp\/v2\/product_tag?post=159454"}],"curies":[{"name":"wp","href":"https:\/\/api.w.org\/{rel}","templated":true}]}}