{"id":159448,"date":"2025-12-19T00:37:39","date_gmt":"2025-12-18T21:37:39","guid":{"rendered":"https:\/\/baldumarket.lt\/product\/szafka-kuchenna-dolna-2-drzwiowa-zabudowa-zlewozmywaka-d60z-prowansja-sosna-andersen-bialy-mat\/"},"modified":"2026-02-06T14:45:58","modified_gmt":"2026-02-06T11:45:58","slug":"szafka-kuchenna-dolna-2-drzwiowa-zabudowa-zlewozmywaka-d60z-prowansja-sosna-andersen-bialy-mat","status":"publish","type":"product","link":"https:\/\/baldumarket.lt\/lt\/product\/szafka-kuchenna-dolna-2-drzwiowa-zabudowa-zlewozmywaka-d60z-prowansja-sosna-andersen-bialy-mat\/","title":{"rendered":"Apatin\u0117 2 dur\u0173 virtuv\u0117s spintel\u0117 su kriaukle D60Z Provanso pu\u0161is Andersen balta matin\u0117"},"content":{"rendered":"<p>Atraskite Provanso stiliaus \u017eaves\u012f su m\u016bs\u0173 unikalia apatine spintele, puikiai tinkan\u010dia \u012fmontuojamai kriauklei. \u201eProwansja\u201c modelis suteikia j\u016bs\u0173 virtuvei pranc\u016bzi\u0161ko stiliaus, derindamas elegancij\u0105 su funkcionalumu. Andersen pu\u0161ies spalvos MDF fasadai suteikia \u0161ilumos ir nat\u016bralios estetikos, kuri puikiai dera tiek su moderniu, tiek su klasikiniu interjeru. Matin\u0117 balta spintel\u0117s korpuso apdaila paver\u010dia \u0161i\u0105 spintel\u0119 subtiliu, ta\u010diau i\u0161skirtiniu virtuv\u0117s elementu. Matin\u0117 balta apdaila leid\u017eia lengvai valyti, o tai labai svarbu da\u017enai naudojamoje virtuv\u0117s erdv\u0117je. Be to, balta spalva atveria naujas dizaino galimybes, dera su \u012fvairiomis sien\u0173 spalvomis ir aksesuarais. \u0160i spintel\u0117 yra ne tik gra\u017ei, bet ir prakti\u0161ka. Reguliuojamos kojel\u0117s leid\u017eia puikiai reguliuoti auk\u0161t\u012f prie virtuv\u0117s pavir\u0161iaus, tod\u0117l montavimas yra ne\u012ftik\u0117tinai paprastas ir pritaikytas individualiems naudotojo poreikiams. Tvirtos juodos metalin\u0117s rankenos suteikia visai spintelei i\u0161skirtinumo, pabr\u0117\u017eiant gamybos kokyb\u0119 ir tikslum\u0105.<\/p>","protected":false},"excerpt":{"rendered":"<p>Plotis (cm): 60<br \/>\n\u016agis (cm): 82<br \/>\nGylis (cm): 47<\/p>","protected":false},"featured_media":159449,"comment_status":"open","ping_status":"open","template":"","meta":[],"product_brand":[],"product_cat":[9444,4106,9118],"product_tag":[],"class_list":{"0":"post-159448","1":"product","2":"type-product","3":"status-publish","4":"has-post-thumbnail","6":"product_cat-kitchen-system-prowansja-sosna-andersen","7":"product_cat-gala-meble","8":"product_cat-kitchen-cabinets","10":"first","11":"instock","12":"purchasable","13":"product-type-simple"},"_links":{"self":[{"href":"https:\/\/baldumarket.lt\/lt\/wp-json\/wp\/v2\/product\/159448","targetHints":{"allow":["GET"]}}],"collection":[{"href":"https:\/\/baldumarket.lt\/lt\/wp-json\/wp\/v2\/product"}],"about":[{"href":"https:\/\/baldumarket.lt\/lt\/wp-json\/wp\/v2\/types\/product"}],"replies":[{"embeddable":true,"href":"https:\/\/baldumarket.lt\/lt\/wp-json\/wp\/v2\/comments?post=159448"}],"wp:featuredmedia":[{"embeddable":true,"href":"https:\/\/baldumarket.lt\/lt\/wp-json\/wp\/v2\/media\/159449"}],"wp:attachment":[{"href":"https:\/\/baldumarket.lt\/lt\/wp-json\/wp\/v2\/media?parent=159448"}],"wp:term":[{"taxonomy":"product_brand","embeddable":true,"href":"https:\/\/baldumarket.lt\/lt\/wp-json\/wp\/v2\/product_brand?post=159448"},{"taxonomy":"product_cat","embeddable":true,"href":"https:\/\/baldumarket.lt\/lt\/wp-json\/wp\/v2\/product_cat?post=159448"},{"taxonomy":"product_tag","embeddable":true,"href":"https:\/\/baldumarket.lt\/lt\/wp-json\/wp\/v2\/product_tag?post=159448"}],"curies":[{"name":"wp","href":"https:\/\/api.w.org\/{rel}","templated":true}]}}