{"id":159443,"date":"2025-12-19T00:37:28","date_gmt":"2025-12-18T21:37:28","guid":{"rendered":"https:\/\/baldumarket.lt\/product\/szafka-kuchenna-dolna-2-drzwiowa-zabudowa-zlewozmywaka-d60z-sycylia-orzech\/"},"modified":"2026-02-06T14:32:44","modified_gmt":"2026-02-06T11:32:44","slug":"szafka-kuchenna-dolna-2-drzwiowa-zabudowa-zlewozmywaka-d60z-sycylia-orzech","status":"publish","type":"product","link":"https:\/\/baldumarket.lt\/lt\/product\/szafka-kuchenna-dolna-2-drzwiowa-zabudowa-zlewozmywaka-d60z-sycylia-orzech\/","title":{"rendered":"Apatin\u0117 2 dur\u0173 virtuv\u0117s spintel\u0117 su kriaukle D60Z Sicily Walnut"},"content":{"rendered":"<p>Atraskite nauj\u0105 elegancijos dimensij\u0105 savo virtuv\u0117je su m\u016bs\u0173 apatine spintele i\u0161 \u201eSicily\u201c kolekcijos. Rie\u0161utmed\u017eio Milano atspalvis suteikia interjerui \u0161ilumos ir jaukumo, sukurdamas stili\u0173 ir harmonij\u0105 alsuojan\u010di\u0105 erdv\u0119. \u0160i dvidur\u0117 spintel\u0117 \u2013 puikus sprendimas tiems, kurie vertina ne tik estetik\u0105, bet ir prakti\u0161kum\u0105 kasdieniame naudojime. Unikalus spintel\u0117s dizainas \u017eavi klasikine i\u0161vaizda, puikiai papildydamas \u012fvairius virtuv\u0117s dizainus \u2013 nuo modernaus iki tradicinio. Lyg\u016bs MDF fasadai kartu su laminuotu korpusu sukuria darni\u0105 visum\u0105, kuri prad\u017eiugins kiekvien\u0105 gro\u017eio ir gero skonio myl\u0117toj\u0105. Subtilios sidabrin\u0117s ranken\u0117l\u0117s suteikia visam baldui nepaprastai eleganti\u0161k\u0105 ir moderni\u0105 i\u0161vaizd\u0105. \u0160ios spintel\u0117s, kurioje lengvai tilps viskas, ko reikia virtuv\u0117je, pagrindinis privalumas \u2013 funkcionalumas. Optimal\u016bs matmenys \u2013 60 cm plo\u010dio, 82 cm auk\u0161\u010dio ir 47 cm gylio \u2013 leid\u017eia jai puikiai tinka net ir ma\u017eose virtuv\u0117se, kartu suteikiant daug vietos b\u016btiniausiems aksesuarams.<\/p>","protected":false},"excerpt":{"rendered":"<p>Plotis (cm): 60<br \/>\n\u016agis (cm): 82<br \/>\nGylis (cm): 47<\/p>","protected":false},"featured_media":159444,"comment_status":"open","ping_status":"open","template":"","meta":[],"product_brand":[],"product_cat":[9450,4106,9118],"product_tag":[],"class_list":{"0":"post-159443","1":"product","2":"type-product","3":"status-publish","4":"has-post-thumbnail","6":"product_cat-kitchen-system-sycylia-orzech-milano","7":"product_cat-gala-meble","8":"product_cat-kitchen-cabinets","10":"first","11":"instock","12":"purchasable","13":"product-type-simple"},"_links":{"self":[{"href":"https:\/\/baldumarket.lt\/lt\/wp-json\/wp\/v2\/product\/159443","targetHints":{"allow":["GET"]}}],"collection":[{"href":"https:\/\/baldumarket.lt\/lt\/wp-json\/wp\/v2\/product"}],"about":[{"href":"https:\/\/baldumarket.lt\/lt\/wp-json\/wp\/v2\/types\/product"}],"replies":[{"embeddable":true,"href":"https:\/\/baldumarket.lt\/lt\/wp-json\/wp\/v2\/comments?post=159443"}],"wp:featuredmedia":[{"embeddable":true,"href":"https:\/\/baldumarket.lt\/lt\/wp-json\/wp\/v2\/media\/159444"}],"wp:attachment":[{"href":"https:\/\/baldumarket.lt\/lt\/wp-json\/wp\/v2\/media?parent=159443"}],"wp:term":[{"taxonomy":"product_brand","embeddable":true,"href":"https:\/\/baldumarket.lt\/lt\/wp-json\/wp\/v2\/product_brand?post=159443"},{"taxonomy":"product_cat","embeddable":true,"href":"https:\/\/baldumarket.lt\/lt\/wp-json\/wp\/v2\/product_cat?post=159443"},{"taxonomy":"product_tag","embeddable":true,"href":"https:\/\/baldumarket.lt\/lt\/wp-json\/wp\/v2\/product_tag?post=159443"}],"curies":[{"name":"wp","href":"https:\/\/api.w.org\/{rel}","templated":true}]}}