{"id":159439,"date":"2025-12-19T00:37:21","date_gmt":"2025-12-18T21:37:21","guid":{"rendered":"https:\/\/baldumarket.lt\/product\/szafka-kuchenna-dolna-2-drzwiowa-zabudowa-zlewozmywaka-d60z-p-l-langen-grey\/"},"modified":"2026-02-18T11:26:32","modified_gmt":"2026-02-18T08:26:32","slug":"szafka-kuchenna-dolna-2-drzwiowa-zabudowa-zlewozmywaka-d60z-p-l-langen-grey","status":"publish","type":"product","link":"https:\/\/baldumarket.lt\/lt\/product\/szafka-kuchenna-dolna-2-drzwiowa-zabudowa-zlewozmywaka-d60z-p-l-langen-grey\/","title":{"rendered":"Apatin\u0117 2 dur\u0173 virtuv\u0117s spintel\u0117 su kriaukle D60Z-P\/L Langen pilka"},"content":{"rendered":"<p>Pristatome \u201eLangen Grey D60Z-P\/L\u201c dviej\u0173 dur\u0173 apatin\u0119 virtuv\u0117s spintel\u0119 su kriaukle, kuri puikiai derina modern\u0173 dizain\u0105 ir funkcionalum\u0105, tod\u0117l puikiai tinka bet kuriai stilingai virtuvei. Jos estetika \u2013 tai harmoningas matin\u0117s pilkos spalvos fasado ir \u0161iltos \u201eArtisan Oak\u201c spalvos korpuso derinys, suteikiantis interjerui jaukumo ir elegancijos.<\/p>\n<p>\u0160i virtuv\u0117s spintel\u0117 ne tik atrodo gra\u017eiai, bet ir stebina savo prakti\u0161ku dizainu. Reguliuojamos kojel\u0117s leid\u017eia puikiai reguliuoti auk\u0161t\u012f, tod\u0117l j\u0105 lengva sumontuoti ir ji u\u017etikrina stabilum\u0105. \u0160is unikalus prakti\u0161kumo ir stiliaus derinys papildys bet kok\u012f virtuv\u0117s dizain\u0105.<\/p>\n<p>D\u0117l klasikini\u0173 juodo metalo ranken\u0117li\u0173 kiekviena \u0161ios spintel\u0117s detal\u0117 spinduliuoja modernumu ir subtilumu. \u201cPaspausk atidaryti\u201d sistema leid\u017eia sukurti lyg\u0173 pavir\u0161i\u0173 be ranken\u0117li\u0173, suteikiant\u012f spintelei minimalistin\u012f charakter\u012f. \u0160is funkcionalumas puikiai atitinka \u0161iuolaikines dizaino tendencijas.<\/p>\n<p>Surinkdami spintel\u0119 patys, ne tik sutaupysite pinig\u0173, bet ir gal\u0117site suasmeninti interjer\u0105. Naudotos med\u017eiagos, tokios kaip MDF priekin\u0117 dalis ir laminuota plok\u0161t\u0117 korpusui, u\u017etikrina patvarum\u0105 ir atsparum\u0105 pa\u017eeidimams, tod\u0117l baldas tarnaus ilgus metus.<\/p>\n<p>Atraskite moderni\u0105 elegancij\u0105 ir funkcionalum\u0105 su \u201eLangen Grey\u201c virtuv\u0117s spintele, kuri suteiks j\u016bs\u0173 virtuvei gyvybingumo ir elegancijos. Tai puikus pasirinkimas tiems, kurie vertina estetik\u0105 kartu su prakti\u0161kais sprendimais. Tegul \u0161is gra\u017eus baldas tampa j\u016bs\u0173 virtuv\u0117s erdv\u0117s traukos centru.<\/p>","protected":false},"excerpt":{"rendered":"<p>Plotis (cm): 60<br \/>\n\u016agis (cm): 82<br \/>\nGylis (cm): 47<\/p>","protected":false},"featured_media":159440,"comment_status":"open","ping_status":"open","template":"","meta":[],"product_brand":[],"product_cat":[9442,4106],"product_tag":[],"class_list":{"0":"post-159439","1":"product","2":"type-product","3":"status-publish","4":"has-post-thumbnail","6":"product_cat-kitchen-system-langen-dab-artisan","7":"product_cat-gala-meble","9":"first","10":"instock","11":"purchasable","12":"product-type-simple"},"_links":{"self":[{"href":"https:\/\/baldumarket.lt\/lt\/wp-json\/wp\/v2\/product\/159439","targetHints":{"allow":["GET"]}}],"collection":[{"href":"https:\/\/baldumarket.lt\/lt\/wp-json\/wp\/v2\/product"}],"about":[{"href":"https:\/\/baldumarket.lt\/lt\/wp-json\/wp\/v2\/types\/product"}],"replies":[{"embeddable":true,"href":"https:\/\/baldumarket.lt\/lt\/wp-json\/wp\/v2\/comments?post=159439"}],"wp:featuredmedia":[{"embeddable":true,"href":"https:\/\/baldumarket.lt\/lt\/wp-json\/wp\/v2\/media\/159440"}],"wp:attachment":[{"href":"https:\/\/baldumarket.lt\/lt\/wp-json\/wp\/v2\/media?parent=159439"}],"wp:term":[{"taxonomy":"product_brand","embeddable":true,"href":"https:\/\/baldumarket.lt\/lt\/wp-json\/wp\/v2\/product_brand?post=159439"},{"taxonomy":"product_cat","embeddable":true,"href":"https:\/\/baldumarket.lt\/lt\/wp-json\/wp\/v2\/product_cat?post=159439"},{"taxonomy":"product_tag","embeddable":true,"href":"https:\/\/baldumarket.lt\/lt\/wp-json\/wp\/v2\/product_tag?post=159439"}],"curies":[{"name":"wp","href":"https:\/\/api.w.org\/{rel}","templated":true}]}}