{"id":159434,"date":"2025-12-19T00:37:10","date_gmt":"2025-12-18T21:37:10","guid":{"rendered":"https:\/\/baldumarket.lt\/product\/szafka-kuchenna-dolna-2-drzwiowa-zabudowa-zlewozmywaka-d80z-aspen-grey-szary-polysk\/"},"modified":"2026-02-06T19:54:39","modified_gmt":"2026-02-06T16:54:39","slug":"szafka-kuchenna-dolna-2-drzwiowa-zabudowa-zlewozmywaka-d80z-aspen-grey-szary-polysk","status":"publish","type":"product","link":"https:\/\/baldumarket.lt\/lt\/product\/szafka-kuchenna-dolna-2-drzwiowa-zabudowa-zlewozmywaka-d80z-aspen-grey-szary-polysk\/","title":{"rendered":"Apatin\u0117 2 dur\u0173 virtuv\u0117s spintel\u0117 su kriaukle D80Z, drebul\u0117s pilka blizgi spalva"},"content":{"rendered":"<p>Pary\u0161kinkite savo stili\u0173 ir pakeiskite virtuv\u0117s erdv\u0119 su \u201eAspen Grey\u201c apatine spintele, kuri derina elegancij\u0105 ir modernum\u0105. Blizgus pilkas priekis suteikia interjerui rafinuot\u0105 charakter\u012f ir subtilios elegancijos. Tai puikus pasirinkimas \u0161iuolaikini\u0173 dizaino sprendim\u0173 m\u0117g\u0117jams, norintiems pagerinti savo virtuv\u0117s estetik\u0105. \u0160ios virtuv\u0117s spintel\u0117s funkcionalumas daro j\u0105 idealiu sprendimu kriauklei \u012frengti. Savaime u\u017esidaran\u010dios durel\u0117s leid\u017eia tyliai ir skland\u017eiai u\u017esidaryti, taip \u017eymiai pagerindamos kasdienio naudojimo komfort\u0105. Pastatyta virtuv\u0117s centre, \u0161i spintel\u0117 nat\u016braliai tampa vieta, kur viskas yra po ranka, palengvindama tvark\u0105 ir taupydama laik\u0105 ruo\u0161iant maist\u0105. \u0160ios spintel\u0117s dizainas buvo kruop\u0161\u010diai sukurtas naudojant harmoning\u0105 spalv\u0173 palet\u0119 \u2013 matin\u0117s baltos spalvos korpusas puikiai kontrastuoja su eleganti\u0161ku priekin\u0117s dalies blizgesiu. \u0160is subtilus, ta\u010diau i\u0161rai\u0161kingas derinys u\u017etikrina universalum\u0105, leid\u017eiant\u012f baldui lengvai prisitaikyti prie \u012fvairi\u0173 interjero stili\u0173. Priklausomai nuo j\u016bs\u0173 pageidavim\u0173, spintel\u0117 gali tapti pagrindiniu interjero elementu arba tyliu jos palydovu.<\/p>","protected":false},"excerpt":{"rendered":"<p>Plotis (cm): 80<br \/>\n\u016agis (cm): 82<br \/>\nGylis (cm): 47<\/p>","protected":false},"featured_media":159435,"comment_status":"open","ping_status":"open","template":"","meta":[],"product_brand":[],"product_cat":[9451,4106,9118],"product_tag":[],"class_list":{"0":"post-159434","1":"product","2":"type-product","3":"status-publish","4":"has-post-thumbnail","6":"product_cat-kitchen-system-aspen-grey","7":"product_cat-gala-meble","8":"product_cat-kitchen-cabinets","10":"first","11":"instock","12":"purchasable","13":"product-type-simple"},"_links":{"self":[{"href":"https:\/\/baldumarket.lt\/lt\/wp-json\/wp\/v2\/product\/159434","targetHints":{"allow":["GET"]}}],"collection":[{"href":"https:\/\/baldumarket.lt\/lt\/wp-json\/wp\/v2\/product"}],"about":[{"href":"https:\/\/baldumarket.lt\/lt\/wp-json\/wp\/v2\/types\/product"}],"replies":[{"embeddable":true,"href":"https:\/\/baldumarket.lt\/lt\/wp-json\/wp\/v2\/comments?post=159434"}],"wp:featuredmedia":[{"embeddable":true,"href":"https:\/\/baldumarket.lt\/lt\/wp-json\/wp\/v2\/media\/159435"}],"wp:attachment":[{"href":"https:\/\/baldumarket.lt\/lt\/wp-json\/wp\/v2\/media?parent=159434"}],"wp:term":[{"taxonomy":"product_brand","embeddable":true,"href":"https:\/\/baldumarket.lt\/lt\/wp-json\/wp\/v2\/product_brand?post=159434"},{"taxonomy":"product_cat","embeddable":true,"href":"https:\/\/baldumarket.lt\/lt\/wp-json\/wp\/v2\/product_cat?post=159434"},{"taxonomy":"product_tag","embeddable":true,"href":"https:\/\/baldumarket.lt\/lt\/wp-json\/wp\/v2\/product_tag?post=159434"}],"curies":[{"name":"wp","href":"https:\/\/api.w.org\/{rel}","templated":true}]}}