{"id":159429,"date":"2025-12-19T00:36:59","date_gmt":"2025-12-18T21:36:59","guid":{"rendered":"https:\/\/baldumarket.lt\/product\/szafka-kuchenna-dolna-2-drzwiowa-zabudowa-zlewozmywaka-d80z-linea-grey-szary-mat\/"},"modified":"2026-02-18T11:34:50","modified_gmt":"2026-02-18T08:34:50","slug":"szafka-kuchenna-dolna-2-drzwiowa-zabudowa-zlewozmywaka-d80z-linea-grey-szary-mat","status":"publish","type":"product","link":"https:\/\/baldumarket.lt\/lt\/product\/szafka-kuchenna-dolna-2-drzwiowa-zabudowa-zlewozmywaka-d80z-linea-grey-szary-mat\/","title":{"rendered":"Apatin\u0117 2 dur\u0173 virtuv\u0117s spintel\u0117 su kriaukle D80Z Linea pilka matin\u0117"},"content":{"rendered":"<p>Suteikite savo virtuvei modernaus elegancijos su \u201eLinea Grey\u201c apatine spintele. Jos blizgus pilkas priekis harmoningai dera su matin\u0117s baltos spalvos korpusu, sukurdamas subtil\u0173, ta\u010diau ry\u0161k\u0173 kontrast\u0105, kuris puikiai papildys bet kok\u012f interjer\u0105. Puikiai tinka skandinavi\u0161kam ar minimalistiniam dizainui, ji suteikia skonio ir stiliaus, neb\u016bdama pernelyg ry\u0161ki. \u0160i dvidur\u0117 spintel\u0117 buvo sukurta kriauklei, tod\u0117l ji yra itin funkcionalus j\u016bs\u0173 virtuv\u0117s elementas. Jos sumanus dizainas leid\u017eia efektyviai organizuoti daiktus ir kartu suteikia lengv\u0105 prieig\u0105 prie vis\u0173 b\u016btiniausi\u0173 virtuv\u0117s reikmen\u0173. Prakti\u0161kas dizainas paver\u010dia kasdien\u012f naudojim\u0105 malonumu. Patvari MDF plok\u0161t\u0117, naudojama priekinei daliai, ir tvirta laminato plok\u0161t\u0117 korpusui garantuoja ilgaam\u017ei\u0161kum\u0105 ir atsparum\u0105 kasdieniam d\u0117v\u0117jimuisi. Reguliuojamos kojel\u0117s leid\u017eia spintel\u0119 lanks\u010diai pritaikyti prie \u012fvairi\u0173 stalvir\u0161i\u0173 auk\u0161\u010di\u0173, tod\u0117l ji itin prakti\u0161ka nelygioms grindims ar individualiems poreikiams.<\/p>","protected":false},"excerpt":{"rendered":"<p>Plotis (cm): 80<br \/>\n\u016agis (cm): 82<br \/>\nGylis (cm): 47<\/p>","protected":false},"featured_media":159430,"comment_status":"open","ping_status":"open","template":"","meta":[],"product_brand":[],"product_cat":[9446,4106],"product_tag":[],"class_list":{"0":"post-159429","1":"product","2":"type-product","3":"status-publish","4":"has-post-thumbnail","6":"product_cat-kitchen-system-linea-white","7":"product_cat-gala-meble","9":"first","10":"instock","11":"purchasable","12":"product-type-simple"},"_links":{"self":[{"href":"https:\/\/baldumarket.lt\/lt\/wp-json\/wp\/v2\/product\/159429","targetHints":{"allow":["GET"]}}],"collection":[{"href":"https:\/\/baldumarket.lt\/lt\/wp-json\/wp\/v2\/product"}],"about":[{"href":"https:\/\/baldumarket.lt\/lt\/wp-json\/wp\/v2\/types\/product"}],"replies":[{"embeddable":true,"href":"https:\/\/baldumarket.lt\/lt\/wp-json\/wp\/v2\/comments?post=159429"}],"wp:featuredmedia":[{"embeddable":true,"href":"https:\/\/baldumarket.lt\/lt\/wp-json\/wp\/v2\/media\/159430"}],"wp:attachment":[{"href":"https:\/\/baldumarket.lt\/lt\/wp-json\/wp\/v2\/media?parent=159429"}],"wp:term":[{"taxonomy":"product_brand","embeddable":true,"href":"https:\/\/baldumarket.lt\/lt\/wp-json\/wp\/v2\/product_brand?post=159429"},{"taxonomy":"product_cat","embeddable":true,"href":"https:\/\/baldumarket.lt\/lt\/wp-json\/wp\/v2\/product_cat?post=159429"},{"taxonomy":"product_tag","embeddable":true,"href":"https:\/\/baldumarket.lt\/lt\/wp-json\/wp\/v2\/product_tag?post=159429"}],"curies":[{"name":"wp","href":"https:\/\/api.w.org\/{rel}","templated":true}]}}