{"id":159423,"date":"2025-12-19T00:36:46","date_gmt":"2025-12-18T21:36:46","guid":{"rendered":"https:\/\/baldumarket.lt\/product\/szafka-kuchenna-dolna-2-drzwiowa-zabudowa-zlewozmywaka-d80z-prowansja-sosna-andersen-bialy-mat\/"},"modified":"2026-02-06T14:45:58","modified_gmt":"2026-02-06T11:45:58","slug":"szafka-kuchenna-dolna-2-drzwiowa-zabudowa-zlewozmywaka-d80z-prowansja-sosna-andersen-bialy-mat","status":"publish","type":"product","link":"https:\/\/baldumarket.lt\/lt\/product\/szafka-kuchenna-dolna-2-drzwiowa-zabudowa-zlewozmywaka-d80z-prowansja-sosna-andersen-bialy-mat\/","title":{"rendered":"Apatin\u0117 2 dur\u0173 virtuv\u0117s spintel\u0117 su kriaukle D80Z Provanso pu\u0161is Andersen balta matin\u0117"},"content":{"rendered":"<p>Rinkit\u0117s D80Z pagrindin\u0119 virtuv\u0117s spintel\u0119 i\u0161 \u201eProvence\u201c kolekcijos, kad \u012f savo virtuv\u0119 \u012fne\u0161tum\u0117te unikalaus Provanso stiliaus \u017eavesio. Anderseno pu\u0161ies ir eleganti\u0161kos matin\u0117s baltos spalvos derinys suteikia subtili\u0105 estetik\u0105, kuri papildys bet kok\u012f interjer\u0105. \u0160i spintel\u0117 sukurta taip, kad skland\u017eiai der\u0117t\u0173 prie \u012fvairi\u0173 virtuv\u0117s dizain\u0173, suteikdama charakterio ir harmonijos. Funkcinis \u0161ios spintel\u0117s dizainas leid\u017eia efektyviai i\u0161naudoti virtuv\u0117s erdv\u0119, ypa\u010d kaip kriaukl\u0117s spintel\u0117s. Reguliuojamos kojel\u0117s leid\u017eia reguliuoti jos auk\u0161t\u012f pagal individualius poreikius, tod\u0117l ji yra nepaprastai prakti\u0161ka. Kontrastingos juodos metalin\u0117s rankenos suteikia modernumo ir leid\u017eia lengviau atidaryti savaime u\u017esidaran\u010dias dureles. Pagaminta i\u0161 auk\u0161tos kokyb\u0117s med\u017eiag\u0173, toki\u0173 kaip MDF priekin\u0117ms dalims ir laminuota plok\u0161t\u0117 korpusui, spintel\u0117 garantuoja patvarum\u0105 ir atsparum\u0105 pa\u017eeidimams. Tai rei\u0161kia, kad \u0161io baldo gro\u017eiu ir funkcionalumu gal\u0117site m\u0117gautis ilgus metus. Nesvarbu, ar j\u016bs\u0173 virtuv\u0117 ma\u017ea, ar didel\u0117, \u0161is baldas j\u0105 padarys dar jaukesn\u0119 ir prakti\u0161kesn\u0119.<\/p>","protected":false},"excerpt":{"rendered":"<p>Plotis (cm): 80<br \/>\n\u016agis (cm): 82<br \/>\nGylis (cm): 47<\/p>","protected":false},"featured_media":159424,"comment_status":"open","ping_status":"open","template":"","meta":[],"product_brand":[],"product_cat":[9444,4106,9118],"product_tag":[],"class_list":{"0":"post-159423","1":"product","2":"type-product","3":"status-publish","4":"has-post-thumbnail","6":"product_cat-kitchen-system-prowansja-sosna-andersen","7":"product_cat-gala-meble","8":"product_cat-kitchen-cabinets","10":"first","11":"instock","12":"purchasable","13":"product-type-simple"},"_links":{"self":[{"href":"https:\/\/baldumarket.lt\/lt\/wp-json\/wp\/v2\/product\/159423","targetHints":{"allow":["GET"]}}],"collection":[{"href":"https:\/\/baldumarket.lt\/lt\/wp-json\/wp\/v2\/product"}],"about":[{"href":"https:\/\/baldumarket.lt\/lt\/wp-json\/wp\/v2\/types\/product"}],"replies":[{"embeddable":true,"href":"https:\/\/baldumarket.lt\/lt\/wp-json\/wp\/v2\/comments?post=159423"}],"wp:featuredmedia":[{"embeddable":true,"href":"https:\/\/baldumarket.lt\/lt\/wp-json\/wp\/v2\/media\/159424"}],"wp:attachment":[{"href":"https:\/\/baldumarket.lt\/lt\/wp-json\/wp\/v2\/media?parent=159423"}],"wp:term":[{"taxonomy":"product_brand","embeddable":true,"href":"https:\/\/baldumarket.lt\/lt\/wp-json\/wp\/v2\/product_brand?post=159423"},{"taxonomy":"product_cat","embeddable":true,"href":"https:\/\/baldumarket.lt\/lt\/wp-json\/wp\/v2\/product_cat?post=159423"},{"taxonomy":"product_tag","embeddable":true,"href":"https:\/\/baldumarket.lt\/lt\/wp-json\/wp\/v2\/product_tag?post=159423"}],"curies":[{"name":"wp","href":"https:\/\/api.w.org\/{rel}","templated":true}]}}