{"id":159418,"date":"2025-12-19T00:36:35","date_gmt":"2025-12-18T21:36:35","guid":{"rendered":"https:\/\/baldumarket.lt\/product\/szafka-kuchenna-dolna-2-drzwiowa-zabudowa-zlewozmywaka-d80z-sycylia-andersen\/"},"modified":"2026-02-06T12:46:54","modified_gmt":"2026-02-06T09:46:54","slug":"szafka-kuchenna-dolna-2-drzwiowa-zabudowa-zlewozmywaka-d80z-sycylia-andersen","status":"publish","type":"product","link":"https:\/\/baldumarket.lt\/lt\/product\/szafka-kuchenna-dolna-2-drzwiowa-zabudowa-zlewozmywaka-d80z-sycylia-andersen\/","title":{"rendered":"Apatin\u0117 2 dur\u0173 virtuv\u0117s spintel\u0117 su kriaukle D80Z Sicily Andersen"},"content":{"rendered":"<p>Atraskite elegancij\u0105 ir funkcionalum\u0105 savo virtuv\u0117je su \u201eSycylia Andersen\u201c apatine spintele i\u0161 \u201eGa\u0142a Meble\u201c. \u0160i erdvi, 80 cm plo\u010dio spintel\u0117 \u2013 puikus sprendimas ie\u0161kantiems stilingo b\u016bdo sutvarkyti erdv\u0119 po kriaukle. D\u0117l nesenstan\u010dio skandinavi\u0161ko stiliaus \u012fkv\u0117pto dizaino j\u016bs\u0173 virtuv\u0117s interjeras \u012fgaus naujo blizgesio ir subtilaus \u017eavesio. \u201eAndersen\u201c pu\u0161ies MDF fasadai suteikia \u0161ilumos ir jaukumo, kartu i\u0161laikydami modern\u0173 vaizd\u0105. \u0160viesus med\u017eio atspalvis kartu su matin\u0117s baltos spalvos korpusu dera prie \u012fvairi\u0173 interjero stili\u0173 \u2013 nuo minimalistinio iki klasikinio. Subtilios sidabrin\u0117s plastikin\u0117s ranken\u0117l\u0117s suteikia subtil\u0173 akcent\u0105, kuris harmoningai papildo bendr\u0105 dizain\u0105. \u0160ios spintel\u0117s funkcionalumas neapsiriboja vien daikt\u0173 laikymu. Gerai apgalvotas i\u0161d\u0117stymas leid\u017eia lengvai pasiekti b\u016btiniausius daiktus, tod\u0117l kiekviena akimirka virtuv\u0117je tampa malonesn\u0117. \u201ePasidaryk pats\u201c montavimas yra paprastas ir nereikalauja joki\u0173 specializuot\u0173 \u012franki\u0173, tod\u0117l galite greitai m\u0117gautis nauju savo virtuv\u0117s dekoro elementu.<\/p>","protected":false},"excerpt":{"rendered":"<p>Plotis (cm): 80<br \/>\n\u016agis (cm): 82<br \/>\nGylis (cm): 47<\/p>","protected":false},"featured_media":159419,"comment_status":"open","ping_status":"open","template":"","meta":[],"product_brand":[],"product_cat":[9440,9441,4106,9118],"product_tag":[],"class_list":{"0":"post-159418","1":"product","2":"type-product","3":"status-publish","4":"has-post-thumbnail","6":"product_cat-kitchen-system-sycylia-sosna-andersen","7":"product_cat-white","8":"product_cat-gala-meble","9":"product_cat-kitchen-cabinets","11":"first","12":"instock","13":"purchasable","14":"product-type-simple"},"_links":{"self":[{"href":"https:\/\/baldumarket.lt\/lt\/wp-json\/wp\/v2\/product\/159418","targetHints":{"allow":["GET"]}}],"collection":[{"href":"https:\/\/baldumarket.lt\/lt\/wp-json\/wp\/v2\/product"}],"about":[{"href":"https:\/\/baldumarket.lt\/lt\/wp-json\/wp\/v2\/types\/product"}],"replies":[{"embeddable":true,"href":"https:\/\/baldumarket.lt\/lt\/wp-json\/wp\/v2\/comments?post=159418"}],"wp:featuredmedia":[{"embeddable":true,"href":"https:\/\/baldumarket.lt\/lt\/wp-json\/wp\/v2\/media\/159419"}],"wp:attachment":[{"href":"https:\/\/baldumarket.lt\/lt\/wp-json\/wp\/v2\/media?parent=159418"}],"wp:term":[{"taxonomy":"product_brand","embeddable":true,"href":"https:\/\/baldumarket.lt\/lt\/wp-json\/wp\/v2\/product_brand?post=159418"},{"taxonomy":"product_cat","embeddable":true,"href":"https:\/\/baldumarket.lt\/lt\/wp-json\/wp\/v2\/product_cat?post=159418"},{"taxonomy":"product_tag","embeddable":true,"href":"https:\/\/baldumarket.lt\/lt\/wp-json\/wp\/v2\/product_tag?post=159418"}],"curies":[{"name":"wp","href":"https:\/\/api.w.org\/{rel}","templated":true}]}}